{"id":82,"date":"2020-06-18T17:10:37","date_gmt":"2020-06-18T15:10:37","guid":{"rendered":"http:\/\/web.jsg-niedergrafschaft.de\/web\/?page_id=82"},"modified":"2025-07-03T15:41:46","modified_gmt":"2025-07-03T13:41:46","slug":"kontakt","status":"publish","type":"page","link":"https:\/\/www.jsg-niedergrafschaft.de\/web\/ansprechpartner\/kontakt\/","title":{"rendered":"Ansprechpartner"},"content":{"rendered":"\n<p><strong>Stand 7\/2025<\/strong><\/p>\n\n\n\n<h3 class=\"wp-block-heading\">Allgemeines<\/h3>\n\n\n\n<p class=\"has-medium-font-size\"><strong>Michael Weggebakker<\/strong><br>E-mail: &#105;&#x6e;f&#111;&#x40;&#106;&#x73;g&#45;&#x6e;i&#x65;&#x64;&#101;&#x72;g&#114;&#x61;f&#x73;&#x63;&#104;&#x61;f&#116;&#x2e;&#100;&#x65;<br>Telefon: &#48;&#x31;7&#x33;&#x20;&#57;&#x33;2&#x20;&#x33;&#57;&#x34;5<\/p>\n\n\n\n<h3 class=\"wp-block-heading\">Funktionen<\/h3>\n\n\n\n<figure id=\"Homepage\" class=\"wp-block-table is-style-stripes has-medium-font-size\"><table><thead><tr><th><strong>Funktion<\/strong><\/th><th><strong>Ansprechpartner<\/strong><\/th><th><strong>Telefon \/ E-Mail<\/strong><\/th><\/tr><\/thead><tbody><tr><td><strong>Spielbetrieb<\/strong><\/td><td>Maik Suchowierz<\/td><td>&#x30;&#x31;&#x35;&#50;&#32;&#51;64&#x31;&#x30;&#x38;&#x38;&#51;<\/td><\/tr><tr><td><strong>Koordination Pl\u00e4tze<\/strong><\/td><td>Andre K\u00f6lber<\/td><td>&#x30;&#49;5&#x32;&#32;5&#x36;&#49;5&#x35;&#50;2&#x37;<\/td><\/tr><tr><td><strong>Sponsoring<\/strong><br><\/td><td>Ralf M\u00fclstegen<br><\/td><td>&#114;&#x2e;&#x6d;&#117;&#x65;&#x6c;&#115;&#x74;&#x65;&#103;&#x65;&#x6e;&#64;&#x67;&#x6d;&#97;&#x69;&#x6c;&#46;&#x63;&#x6f;&#109;<br><\/td><\/tr><tr><td><strong>Kassenf\u00fchrer<\/strong><\/td><td>Dieter Czypulowski<\/td><td>&#x30;1&#x35;&#50;&#x32;&#32;&#x38;&#x32;6&#x33;&#55;&#x39;&#49;<br>c&#121;&#x70;&#x75;&#x64;i&#101;&#x30;&#x36;&#x6f;&#64;&#103;&#x6d;&#x61;&#x69;l&#46;&#x63;&#x6f;&#x6d;<\/td><\/tr><tr><td><strong>Homepage \/ SocialMedia<\/strong><\/td><td>Dieter Veldhuis<\/td><td>&#48;&#x31;&#x37;3&#32;&#x39;2&#48;&#x34;&#x31;&#54;&#x39;<br>&#107;&#x6f;&#110;&#x74;&#97;&#x6b;t&#x40;j&#115;&#x67;&#45;&#x6e;&#105;&#x65;d&#x65;r&#103;&#x72;&#97;&#x66;&#115;&#x63;&#104;&#x61;f&#x74;&#46;&#100;&#x65;<\/td><\/tr><\/tbody><\/table><figcaption class=\"wp-element-caption\"><strong>Team Ansprechpartner Allgemeines<\/strong><\/figcaption><\/figure>\n\n\n\n<hr class=\"wp-block-separator has-css-opacity\"\/>\n\n\n\n<figure class=\"wp-block-table is-style-stripes has-medium-font-size\"><table><thead><tr><th><strong>Funktion<\/strong><\/th><th><strong>Name<\/strong><\/th><th><strong><strong>Telefon \/ E-Mail<\/strong><\/strong><\/th><\/tr><\/thead><tbody><tr><td><strong>U17 &amp; U19 Koordinator<\/strong><\/td><td>J\u00fcrgen Wolters<\/td><td>&#x30;&#49;&#x37;&#x33;&#32;&#x35;&#x34;&#54;&#x30;&#x31;&#50;&#x31;<br>&#x6a;&#x75;&#x65;&#x72;&#x67;&#x65;&#x6e;&#x2e;&#x77;&#x6f;&#x6c;&#116;&#101;&#114;&#115;&#49;&#64;&#103;ooglem&#x61;&#x69;&#x6c;&#x2e;&#x63;&#x6f;&#x6d;<\/td><\/tr><tr><td><strong>U17 &amp; U19 Koordinator<\/strong><\/td><td>Dieter Veldhuis<\/td><td>&#48;&#x31;7&#x33; &#57;&#x32;&#48;&#x34;1&#54;&#x39;<br>&#x64;&#x69;&#101;&#116;e&#x72;&#x2e;&#x76;&#101;ld&#x68;&#x75;&#105;&#115;+&#x75;&#x31;&#x37;&#64;gm&#x61;&#x69;&#108;&#46;c&#x6f;&#x6d;<\/td><\/tr><tr><td><strong>U15 Koordinator<\/strong><\/td><td>Gebhard L\u00fcbbers<\/td><td>&#48;&#49;&#x37;3&#32;&#x32;&#x39;0&#51;&#x37;&#x32;6<\/td><\/tr><tr><td><strong>U13 Koordinator<\/strong><\/td><td>Michael Tien<\/td><td>&#x30;1&#x37;&#52; &#x33;&#57;&#x35;&#52;9&#x39;&#52;<br>&#109;&#x69;&#99;&#x68;&#97;&#x65;l&#x74;i&#101;&#x6e;&#64;&#x77;&#101;&#x62;&#46;&#x64;e<\/td><\/tr><tr><td><strong>U12 Koordinator<\/strong><\/td><td>Michael Weggebakker<\/td><td>&#x30;&#x31;&#x37;&#x33;&#x20;&#x39;&#x33;&#x32;&#x20;&#x33;&#x39;&#x34;&#x35;<\/td><\/tr><\/tbody><\/table><figcaption class=\"wp-element-caption\"><strong>Team Koordinatoren<\/strong><\/figcaption><\/figure>\n\n\n\n<hr class=\"wp-block-separator has-css-opacity\"\/>\n\n\n\n<h2 class=\"wp-block-heading\">Sonderaufgaben<\/h2>\n\n\n\n<ul class=\"wp-block-list\">\n<li class=\"has-medium-font-size\"><strong>Fu\u00dfballschule U11<\/strong>: J\u00fcrgen Egbers &#8211; &#x30;&#49;7&#x33;&#32;&#53;&#x31;&#x37;&#55;0&#x30;&#57;<\/li>\n\n\n\n<li class=\"has-medium-font-size\"><strong>Verwaltung Spielerlisten<\/strong>: Geerd Reinink &#8211; &#x30;&#49;7&#x32;&#x20;&#50;9&#x35;&#x33;&#53;9&#x37;<\/li>\n<\/ul>\n","protected":false},"excerpt":{"rendered":"<p>Stand 7\/2025 Allgemeines Michael WeggebakkerE-mail: Telefon: Funktionen Funktion Ansprechpartner Telefon \/ E-Mail Spielbetrieb Maik Suchowierz Koordination Pl\u00e4tze Andre K\u00f6lber Sponsoring Ralf M\u00fclstegen Kassenf\u00fchrer Dieter Czypulowski Homepage \/ SocialMedia Dieter Veldhuis Team Ansprechpartner Allgemeines Funktion Name Telefon \/ E-Mail U17 &amp; U19 Koordinator J\u00fcrgen Wolters U17 &amp; U19 Koordinator Dieter Veldhuis U15 Koordinator Gebhard L\u00fcbbers U13&hellip;&nbsp;<a href=\"https:\/\/www.jsg-niedergrafschaft.de\/web\/ansprechpartner\/kontakt\/\" rel=\"bookmark\">Weiterlesen &raquo;<span class=\"screen-reader-text\">Ansprechpartner<\/span><\/a><\/p>\n","protected":false},"author":3,"featured_media":0,"parent":199,"menu_order":0,"comment_status":"closed","ping_status":"closed","template":"","meta":{"neve_meta_sidebar":"full-width","neve_meta_container":"","neve_meta_enable_content_width":"on","neve_meta_content_width":100,"neve_meta_title_alignment":"","neve_meta_author_avatar":"","neve_post_elements_order":"","neve_meta_disable_header":"","neve_meta_disable_footer":"","neve_meta_disable_title":"","footnotes":""},"class_list":["post-82","page","type-page","status-publish","hentry"],"jetpack_sharing_enabled":true,"_links":{"self":[{"href":"https:\/\/www.jsg-niedergrafschaft.de\/web\/wp-json\/wp\/v2\/pages\/82","targetHints":{"allow":["GET"]}}],"collection":[{"href":"https:\/\/www.jsg-niedergrafschaft.de\/web\/wp-json\/wp\/v2\/pages"}],"about":[{"href":"https:\/\/www.jsg-niedergrafschaft.de\/web\/wp-json\/wp\/v2\/types\/page"}],"author":[{"embeddable":true,"href":"https:\/\/www.jsg-niedergrafschaft.de\/web\/wp-json\/wp\/v2\/users\/3"}],"replies":[{"embeddable":true,"href":"https:\/\/www.jsg-niedergrafschaft.de\/web\/wp-json\/wp\/v2\/comments?post=82"}],"version-history":[{"count":61,"href":"https:\/\/www.jsg-niedergrafschaft.de\/web\/wp-json\/wp\/v2\/pages\/82\/revisions"}],"predecessor-version":[{"id":6744,"href":"https:\/\/www.jsg-niedergrafschaft.de\/web\/wp-json\/wp\/v2\/pages\/82\/revisions\/6744"}],"up":[{"embeddable":true,"href":"https:\/\/www.jsg-niedergrafschaft.de\/web\/wp-json\/wp\/v2\/pages\/199"}],"wp:attachment":[{"href":"https:\/\/www.jsg-niedergrafschaft.de\/web\/wp-json\/wp\/v2\/media?parent=82"}],"curies":[{"name":"wp","href":"https:\/\/api.w.org\/{rel}","templated":true}]}}