{"id":6028,"date":"2025-02-22T11:29:41","date_gmt":"2025-02-22T10:29:41","guid":{"rendered":"https:\/\/www.jsg-niedergrafschaft.de\/web\/?page_id=6028"},"modified":"2025-09-08T16:15:43","modified_gmt":"2025-09-08T14:15:43","slug":"jsg-jako-kamps","status":"publish","type":"page","link":"https:\/\/www.jsg-niedergrafschaft.de\/web\/jsg-jako-kamps\/","title":{"rendered":"JSG Jako-Ausstattung im Angebot"},"content":{"rendered":"\n<p class=\"has-text-align-center\">Ein tolles Angebot von<br> <a href=\"https:\/\/www.intersport.de\/d\/stores\/49843-uelsen-intersport-kamps\" target=\"_blank\" rel=\"noreferrer noopener\"><img data-recalc-dims=\"1\" loading=\"lazy\" decoding=\"async\" width=\"300\" height=\"86\" data-attachment-id=\"6087\" data-permalink=\"https:\/\/www.jsg-niedergrafschaft.de\/web\/jsg-jako-kamps\/image-221\/\" data-orig-file=\"https:\/\/i0.wp.com\/www.jsg-niedergrafschaft.de\/web\/wp-content\/uploads\/2025\/02\/image-6.png?fit=301%2C86&amp;ssl=1\" data-orig-size=\"301,86\" data-comments-opened=\"0\" data-image-meta=\"{&quot;aperture&quot;:&quot;0&quot;,&quot;credit&quot;:&quot;&quot;,&quot;camera&quot;:&quot;&quot;,&quot;caption&quot;:&quot;&quot;,&quot;created_timestamp&quot;:&quot;0&quot;,&quot;copyright&quot;:&quot;&quot;,&quot;focal_length&quot;:&quot;0&quot;,&quot;iso&quot;:&quot;0&quot;,&quot;shutter_speed&quot;:&quot;0&quot;,&quot;title&quot;:&quot;&quot;,&quot;orientation&quot;:&quot;0&quot;}\" data-image-title=\"image\" data-image-description=\"\" data-image-caption=\"\" data-large-file=\"https:\/\/i0.wp.com\/www.jsg-niedergrafschaft.de\/web\/wp-content\/uploads\/2025\/02\/image-6.png?fit=301%2C86&amp;ssl=1\" class=\"wp-image-6087\" style=\"width: 300px;\" src=\"https:\/\/i0.wp.com\/www.jsg-niedergrafschaft.de\/web\/wp-content\/uploads\/2025\/02\/image-6.png?resize=300%2C86&#038;ssl=1\" alt=\"\"><\/a> <br>Vielleicht m\u00f6chte der ein oder andere Spieler (oder auch die Eltern \/ Gro\u00dfeltern&#8230;) noch zus\u00e4tzliche Ausstattung kaufen, z.B. f\u00fcrs Training oder f\u00fcr die Freizeit.<br>Es gibt in der neuen &#8222;<strong>Iconic<\/strong>&#8222;-Serie von <strong>Jako<\/strong> auch einige Teile, die nicht zur Ausstattung der Jungs geh\u00f6ren, wie z.B. einen Rucksack, Kapuzenjacke oder eine &#8222;Power Short&#8220;-Hose.<\/p>\n\n\n\n<p class=\"has-text-align-center\"><strong>Wie kommt man da dran? <\/strong><br>Einfach bei <strong>Intersport Kamps in Uelsen<\/strong> vorbeifahren und die gew\u00fcnschten Teile bestellen. Toll daran ist: Es sind<strong> Einzelbestellungen<\/strong> m\u00f6glich und man erh\u00e4lt die gekaufte Ausstattung <strong>mit &#8222;JSG-Logo&#8220;<\/strong> vorne zu einem <strong>verg\u00fcnstigten Preis<\/strong>. Hinten auf dem R\u00fccken ist &#8222;JSG Niedergrafschaft&#8220; mit dem Logo von Intersport Kamps beflockt &#8211; die Bestellung ist in der Regel innerhalb weniger Tage fertig. <br>Also ganz easy und schnell.<br><br><strong>Unten im Bild findet ihr die Ausstattung, die ihr kaufen k\u00f6nnt. Die verg\u00fcnstigten Preise findet ihr dort ebenfalls. <\/strong><br><strong>Das Ganze steht auch zum Download als PDF zur Verf\u00fcgung.<\/strong><\/p>\n\n\n\n<h5 class=\"wp-block-heading has-text-align-center\"><strong>Tipp:<\/strong> das ist auch ein tolles Geschenk zum Geburtstag oder zu Weihnachten (kommt ja immer fr\u00fcher als man denkt)  \ud83d\ude09<\/h5>\n\n\n\n<div class=\"wp-block-columns is-layout-flex wp-container-core-columns-is-layout-9d6595d7 wp-block-columns-is-layout-flex\">\n<div class=\"wp-block-column is-layout-flow wp-block-column-is-layout-flow\" style=\"flex-basis:50%\">\n<p class=\"has-medium-font-size\"><img data-recalc-dims=\"1\" loading=\"lazy\" decoding=\"async\" width=\"300\" height=\"86\" data-attachment-id=\"6087\" data-permalink=\"https:\/\/www.jsg-niedergrafschaft.de\/web\/jsg-jako-kamps\/image-221\/\" data-orig-file=\"https:\/\/i0.wp.com\/www.jsg-niedergrafschaft.de\/web\/wp-content\/uploads\/2025\/02\/image-6.png?fit=301%2C86&amp;ssl=1\" data-orig-size=\"301,86\" data-comments-opened=\"0\" data-image-meta=\"{&quot;aperture&quot;:&quot;0&quot;,&quot;credit&quot;:&quot;&quot;,&quot;camera&quot;:&quot;&quot;,&quot;caption&quot;:&quot;&quot;,&quot;created_timestamp&quot;:&quot;0&quot;,&quot;copyright&quot;:&quot;&quot;,&quot;focal_length&quot;:&quot;0&quot;,&quot;iso&quot;:&quot;0&quot;,&quot;shutter_speed&quot;:&quot;0&quot;,&quot;title&quot;:&quot;&quot;,&quot;orientation&quot;:&quot;0&quot;}\" data-image-title=\"image\" data-image-description=\"\" data-image-caption=\"\" data-large-file=\"https:\/\/i0.wp.com\/www.jsg-niedergrafschaft.de\/web\/wp-content\/uploads\/2025\/02\/image-6.png?fit=301%2C86&amp;ssl=1\" class=\"wp-image-6087\" style=\"width: 300px;\" src=\"https:\/\/i0.wp.com\/www.jsg-niedergrafschaft.de\/web\/wp-content\/uploads\/2025\/02\/image-6.png?resize=300%2C86&#038;ssl=1\" alt=\"\"><br>Wilsumer Strasse 10<br>49843 Uelsen<br>Telefon 05942\/1711<br><\/p>\n<\/div>\n\n\n\n<div class=\"wp-block-column is-layout-flow wp-block-column-is-layout-flow\" style=\"flex-basis:50%\">\n<h5 class=\"wp-block-heading\"><strong>\u00d6ffnungszeiten<\/strong><\/h5>\n\n\n\n<p>Montag:09:00-12:30, 14:00-18:00<br>Dienstag:09:00-12:30, 14:00-18:00<br>Mittwoch:09:00-12:30, 14:00-18:00<br>Donnerstag:09:00-12:30, 14:00-18:00<br>Freitag:09:00-12:30, 14:00-18:00<br>Samstag:09:00-16:00<\/p>\n<\/div>\n<\/div>\n\n\n\n<figure class=\"wp-block-image size-large\"><img data-recalc-dims=\"1\" loading=\"lazy\" decoding=\"async\" width=\"1024\" height=\"725\" data-attachment-id=\"6086\" data-permalink=\"https:\/\/www.jsg-niedergrafschaft.de\/web\/jsg-jako-kamps\/image-220\/\" data-orig-file=\"https:\/\/i0.wp.com\/www.jsg-niedergrafschaft.de\/web\/wp-content\/uploads\/2025\/02\/image-5.png?fit=1252%2C887&amp;ssl=1\" data-orig-size=\"1252,887\" data-comments-opened=\"0\" data-image-meta=\"{&quot;aperture&quot;:&quot;0&quot;,&quot;credit&quot;:&quot;&quot;,&quot;camera&quot;:&quot;&quot;,&quot;caption&quot;:&quot;&quot;,&quot;created_timestamp&quot;:&quot;0&quot;,&quot;copyright&quot;:&quot;&quot;,&quot;focal_length&quot;:&quot;0&quot;,&quot;iso&quot;:&quot;0&quot;,&quot;shutter_speed&quot;:&quot;0&quot;,&quot;title&quot;:&quot;&quot;,&quot;orientation&quot;:&quot;0&quot;}\" data-image-title=\"image\" data-image-description=\"\" data-image-caption=\"\" data-large-file=\"https:\/\/i0.wp.com\/www.jsg-niedergrafschaft.de\/web\/wp-content\/uploads\/2025\/02\/image-5.png?fit=1024%2C725&amp;ssl=1\" src=\"https:\/\/i0.wp.com\/www.jsg-niedergrafschaft.de\/web\/wp-content\/uploads\/2025\/02\/image-5.png?resize=1024%2C725&#038;ssl=1\" alt=\"\" class=\"wp-image-6086\" srcset=\"https:\/\/i0.wp.com\/www.jsg-niedergrafschaft.de\/web\/wp-content\/uploads\/2025\/02\/image-5.png?resize=1024%2C725&amp;ssl=1 1024w, https:\/\/i0.wp.com\/www.jsg-niedergrafschaft.de\/web\/wp-content\/uploads\/2025\/02\/image-5.png?resize=300%2C213&amp;ssl=1 300w, https:\/\/i0.wp.com\/www.jsg-niedergrafschaft.de\/web\/wp-content\/uploads\/2025\/02\/image-5.png?resize=768%2C544&amp;ssl=1 768w, https:\/\/i0.wp.com\/www.jsg-niedergrafschaft.de\/web\/wp-content\/uploads\/2025\/02\/image-5.png?w=1252&amp;ssl=1 1252w\" sizes=\"auto, (max-width: 1024px) 100vw, 1024px\" \/><\/figure>\n\n\n\n<h3 class=\"wp-block-heading has-text-align-center\">Download als PDF:<\/h3>\n\n\n\n<div class=\"wp-block-file aligncenter\"><a id=\"wp-block-file--media-b0583994-97c5-4b47-b1a1-35cb8de014d3\" href=\"https:\/\/www.jsg-niedergrafschaft.de\/web\/wp-content\/uploads\/2025\/02\/JSG-Niedergrafschaft-2025.pdf\" target=\"_blank\" rel=\"noreferrer noopener\"><img data-recalc-dims=\"1\" loading=\"lazy\" decoding=\"async\" width=\"150\" height=\"185\" data-attachment-id=\"5756\" data-permalink=\"https:\/\/www.jsg-niedergrafschaft.de\/web\/aktuell\/euregio-cup-u15\/pdf_file_icon-svg\/\" data-orig-file=\"https:\/\/i0.wp.com\/www.jsg-niedergrafschaft.de\/web\/wp-content\/uploads\/2024\/12\/PDF_file_icon.svg.png?fit=267%2C329&amp;ssl=1\" data-orig-size=\"267,329\" data-comments-opened=\"0\" data-image-meta=\"{&quot;aperture&quot;:&quot;0&quot;,&quot;credit&quot;:&quot;&quot;,&quot;camera&quot;:&quot;&quot;,&quot;caption&quot;:&quot;&quot;,&quot;created_timestamp&quot;:&quot;0&quot;,&quot;copyright&quot;:&quot;&quot;,&quot;focal_length&quot;:&quot;0&quot;,&quot;iso&quot;:&quot;0&quot;,&quot;shutter_speed&quot;:&quot;0&quot;,&quot;title&quot;:&quot;&quot;,&quot;orientation&quot;:&quot;0&quot;}\" data-image-title=\"PDF_file_icon.svg\" data-image-description=\"\" data-image-caption=\"\" data-large-file=\"https:\/\/i0.wp.com\/www.jsg-niedergrafschaft.de\/web\/wp-content\/uploads\/2024\/12\/PDF_file_icon.svg.png?fit=267%2C329&amp;ssl=1\" class=\"wp-image-5756\" style=\"width: 150px;\" src=\"https:\/\/i0.wp.com\/www.jsg-niedergrafschaft.de\/web\/wp-content\/uploads\/2024\/12\/PDF_file_icon.svg.png?resize=150%2C185&#038;ssl=1\" alt=\"\" srcset=\"https:\/\/i0.wp.com\/www.jsg-niedergrafschaft.de\/web\/wp-content\/uploads\/2024\/12\/PDF_file_icon.svg.png?w=267&amp;ssl=1 267w, https:\/\/i0.wp.com\/www.jsg-niedergrafschaft.de\/web\/wp-content\/uploads\/2024\/12\/PDF_file_icon.svg.png?resize=243%2C300&amp;ssl=1 243w\" sizes=\"auto, (max-width: 150px) 100vw, 150px\" \/><br><strong>Download als PDF<\/strong><\/a><\/div>\n","protected":false},"excerpt":{"rendered":"<p>Ein tolles Angebot von Vielleicht m\u00f6chte der ein oder andere Spieler (oder auch die Eltern \/ Gro\u00dfeltern&#8230;) noch zus\u00e4tzliche Ausstattung kaufen, z.B. f\u00fcrs Training oder f\u00fcr die Freizeit.Es gibt in der neuen &#8222;Iconic&#8222;-Serie von Jako auch einige Teile, die nicht zur Ausstattung der Jungs geh\u00f6ren, wie z.B. einen Rucksack, Kapuzenjacke oder eine &#8222;Power Short&#8220;-Hose. Wie&hellip;&nbsp;<a href=\"https:\/\/www.jsg-niedergrafschaft.de\/web\/jsg-jako-kamps\/\" rel=\"bookmark\">Weiterlesen &raquo;<span class=\"screen-reader-text\">JSG Jako-Ausstattung im Angebot<\/span><\/a><\/p>\n","protected":false},"author":3,"featured_media":6085,"parent":0,"menu_order":0,"comment_status":"closed","ping_status":"closed","template":"","meta":{"neve_meta_sidebar":"","neve_meta_container":"","neve_meta_enable_content_width":"","neve_meta_content_width":0,"neve_meta_title_alignment":"","neve_meta_author_avatar":"","neve_post_elements_order":"","neve_meta_disable_header":"","neve_meta_disable_footer":"","neve_meta_disable_title":"","footnotes":""},"class_list":["post-6028","page","type-page","status-publish","has-post-thumbnail","hentry"],"jetpack_sharing_enabled":true,"_links":{"self":[{"href":"https:\/\/www.jsg-niedergrafschaft.de\/web\/wp-json\/wp\/v2\/pages\/6028","targetHints":{"allow":["GET"]}}],"collection":[{"href":"https:\/\/www.jsg-niedergrafschaft.de\/web\/wp-json\/wp\/v2\/pages"}],"about":[{"href":"https:\/\/www.jsg-niedergrafschaft.de\/web\/wp-json\/wp\/v2\/types\/page"}],"author":[{"embeddable":true,"href":"https:\/\/www.jsg-niedergrafschaft.de\/web\/wp-json\/wp\/v2\/users\/3"}],"replies":[{"embeddable":true,"href":"https:\/\/www.jsg-niedergrafschaft.de\/web\/wp-json\/wp\/v2\/comments?post=6028"}],"version-history":[{"count":10,"href":"https:\/\/www.jsg-niedergrafschaft.de\/web\/wp-json\/wp\/v2\/pages\/6028\/revisions"}],"predecessor-version":[{"id":7002,"href":"https:\/\/www.jsg-niedergrafschaft.de\/web\/wp-json\/wp\/v2\/pages\/6028\/revisions\/7002"}],"wp:featuredmedia":[{"embeddable":true,"href":"https:\/\/www.jsg-niedergrafschaft.de\/web\/wp-json\/wp\/v2\/media\/6085"}],"wp:attachment":[{"href":"https:\/\/www.jsg-niedergrafschaft.de\/web\/wp-json\/wp\/v2\/media?parent=6028"}],"curies":[{"name":"wp","href":"https:\/\/api.w.org\/{rel}","templated":true}]}}