{"id":56,"date":"2020-06-18T12:58:19","date_gmt":"2020-06-18T10:58:19","guid":{"rendered":"http:\/\/web.jsg-niedergrafschaft.de\/web\/?page_id=56"},"modified":"2020-09-21T17:34:46","modified_gmt":"2020-09-21T15:34:46","slug":"der-verein","status":"publish","type":"page","link":"https:\/\/www.jsg-niedergrafschaft.de\/web\/der-verein\/","title":{"rendered":"\u00dcber uns"},"content":{"rendered":"\n<p>Die Jugendspielgemeinschaft JSG Niedergrafschaft ist ein, auf Initiative der Fu\u00dfballjugendabteilungen <a rel=\"noreferrer noopener\" href=\"https:\/\/www.sv-grenzland.de\/\" target=\"_blank\">SV Grenzland Laarwald<\/a>, <a rel=\"noreferrer noopener\" href=\"https:\/\/www.sv-hoogstede.de\/\" target=\"_blank\">SV Hoogstede<\/a>, <a rel=\"noreferrer noopener\" href=\"https:\/\/www.scu-emlichheim.de\/\" target=\"_blank\">SC Union Emlichheim<\/a> und <a rel=\"noreferrer noopener\" href=\"http:\/\/www.gsv2015.de\/\" target=\"_blank\">GSV Ringe-Neugnadenfeld<\/a> zur Saison 2016\/17 durchgef\u00fchrter Zusammenschluss und hat sich zur Aufgabe gemacht, jedem Kind bzw. Jugendlichen eine Sport-und Spielm\u00f6glichkeit in einer Fu\u00dfballmannschaft zu erm\u00f6glichen. Ab der Saison 2020\/21 wird hierauf aufbauend ein eigener Bereich JSG Niedergrafschaft Leistungsfu\u00dfball mit den F\u00f6rderteams (U12, U13, U 15, U17, U19) sportlich und organisatorisch gef\u00fchrt.<\/p>\n\n\n\n<p><\/p>\n","protected":false},"excerpt":{"rendered":"<p>Die Jugendspielgemeinschaft JSG Niedergrafschaft ist ein, auf Initiative der Fu\u00dfballjugendabteilungen SV Grenzland Laarwald, SV Hoogstede, SC Union Emlichheim und GSV Ringe-Neugnadenfeld zur Saison 2016\/17 durchgef\u00fchrter Zusammenschluss und hat sich zur Aufgabe gemacht, jedem Kind bzw. Jugendlichen eine Sport-und Spielm\u00f6glichkeit in einer Fu\u00dfballmannschaft zu erm\u00f6glichen. Ab der Saison 2020\/21 wird hierauf aufbauend ein eigener Bereich JSG&hellip;&nbsp;<a href=\"https:\/\/www.jsg-niedergrafschaft.de\/web\/der-verein\/\" rel=\"bookmark\">Weiterlesen &raquo;<span class=\"screen-reader-text\">\u00dcber uns<\/span><\/a><\/p>\n","protected":false},"author":1,"featured_media":0,"parent":0,"menu_order":0,"comment_status":"closed","ping_status":"closed","template":"","meta":{"neve_meta_sidebar":"full-width","neve_meta_container":"","neve_meta_enable_content_width":"on","neve_meta_content_width":100,"neve_meta_title_alignment":"","neve_meta_author_avatar":"","neve_post_elements_order":"","neve_meta_disable_header":"","neve_meta_disable_footer":"","neve_meta_disable_title":"","footnotes":""},"class_list":["post-56","page","type-page","status-publish","hentry"],"jetpack_sharing_enabled":true,"_links":{"self":[{"href":"https:\/\/www.jsg-niedergrafschaft.de\/web\/wp-json\/wp\/v2\/pages\/56","targetHints":{"allow":["GET"]}}],"collection":[{"href":"https:\/\/www.jsg-niedergrafschaft.de\/web\/wp-json\/wp\/v2\/pages"}],"about":[{"href":"https:\/\/www.jsg-niedergrafschaft.de\/web\/wp-json\/wp\/v2\/types\/page"}],"author":[{"embeddable":true,"href":"https:\/\/www.jsg-niedergrafschaft.de\/web\/wp-json\/wp\/v2\/users\/1"}],"replies":[{"embeddable":true,"href":"https:\/\/www.jsg-niedergrafschaft.de\/web\/wp-json\/wp\/v2\/comments?post=56"}],"version-history":[{"count":8,"href":"https:\/\/www.jsg-niedergrafschaft.de\/web\/wp-json\/wp\/v2\/pages\/56\/revisions"}],"predecessor-version":[{"id":379,"href":"https:\/\/www.jsg-niedergrafschaft.de\/web\/wp-json\/wp\/v2\/pages\/56\/revisions\/379"}],"wp:attachment":[{"href":"https:\/\/www.jsg-niedergrafschaft.de\/web\/wp-json\/wp\/v2\/media?parent=56"}],"curies":[{"name":"wp","href":"https:\/\/api.w.org\/{rel}","templated":true}]}}