{"id":5027,"date":"2024-07-12T13:21:22","date_gmt":"2024-07-12T11:21:22","guid":{"rendered":"https:\/\/www.jsg-niedergrafschaft.de\/web\/?page_id=5027"},"modified":"2025-07-04T07:56:54","modified_gmt":"2025-07-04T05:56:54","slug":"d2-u12-saison-23-24","status":"publish","type":"page","link":"https:\/\/www.jsg-niedergrafschaft.de\/web\/die-mannschaften\/d2-u12-saison-23-24\/","title":{"rendered":"D2 (U12) Saison 23\/24"},"content":{"rendered":"\n<p class=\"has-text-align-center\"><br><img data-recalc-dims=\"1\" loading=\"lazy\" decoding=\"async\" width=\"500\" height=\"88\" data-attachment-id=\"3018\" data-permalink=\"https:\/\/www.jsg-niedergrafschaft.de\/web\/jsg-logo-d2\/\" data-orig-file=\"https:\/\/i0.wp.com\/www.jsg-niedergrafschaft.de\/web\/wp-content\/uploads\/2023\/07\/jsg-logo-d2.png?fit=620%2C109&amp;ssl=1\" data-orig-size=\"620,109\" data-comments-opened=\"0\" data-image-meta=\"{&quot;aperture&quot;:&quot;0&quot;,&quot;credit&quot;:&quot;&quot;,&quot;camera&quot;:&quot;&quot;,&quot;caption&quot;:&quot;&quot;,&quot;created_timestamp&quot;:&quot;0&quot;,&quot;copyright&quot;:&quot;&quot;,&quot;focal_length&quot;:&quot;0&quot;,&quot;iso&quot;:&quot;0&quot;,&quot;shutter_speed&quot;:&quot;0&quot;,&quot;title&quot;:&quot;&quot;,&quot;orientation&quot;:&quot;0&quot;}\" data-image-title=\"jsg-logo-d2\" data-image-description=\"\" data-image-caption=\"\" data-large-file=\"https:\/\/i0.wp.com\/www.jsg-niedergrafschaft.de\/web\/wp-content\/uploads\/2023\/07\/jsg-logo-d2.png?fit=620%2C109&amp;ssl=1\" class=\"wp-image-3018\" style=\"width: 500px;\" src=\"https:\/\/i0.wp.com\/www.jsg-niedergrafschaft.de\/web\/wp-content\/uploads\/2023\/07\/jsg-logo-d2.png?resize=500%2C88&#038;ssl=1\" alt=\"\"><\/p>\n\n\n\n<div class=\"wp-block-columns is-layout-flex wp-container-core-columns-is-layout-9d6595d7 wp-block-columns-is-layout-flex\">\n<div class=\"wp-block-column is-layout-flow wp-block-column-is-layout-flow\"><div class=\"wp-block-image\">\n<figure class=\"aligncenter size-large is-resized\"><img data-recalc-dims=\"1\" loading=\"lazy\" decoding=\"async\" width=\"311\" height=\"150\" data-attachment-id=\"332\" data-permalink=\"https:\/\/www.jsg-niedergrafschaft.de\/web\/psx_20200917_202050\/\" data-orig-file=\"https:\/\/i0.wp.com\/www.jsg-niedergrafschaft.de\/web\/wp-content\/uploads\/2020\/09\/PSX_20200917_202050.jpg?fit=311%2C150&amp;ssl=1\" data-orig-size=\"311,150\" data-comments-opened=\"1\" data-image-meta=\"{&quot;aperture&quot;:&quot;0&quot;,&quot;credit&quot;:&quot;&quot;,&quot;camera&quot;:&quot;&quot;,&quot;caption&quot;:&quot;&quot;,&quot;created_timestamp&quot;:&quot;0&quot;,&quot;copyright&quot;:&quot;&quot;,&quot;focal_length&quot;:&quot;0&quot;,&quot;iso&quot;:&quot;0&quot;,&quot;shutter_speed&quot;:&quot;0&quot;,&quot;title&quot;:&quot;&quot;,&quot;orientation&quot;:&quot;0&quot;}\" data-image-title=\"nvb GmbH\" data-image-description=\"\" data-image-caption=\"\" data-large-file=\"https:\/\/i0.wp.com\/www.jsg-niedergrafschaft.de\/web\/wp-content\/uploads\/2020\/09\/PSX_20200917_202050.jpg?fit=311%2C150&amp;ssl=1\" src=\"https:\/\/i0.wp.com\/www.jsg-niedergrafschaft.de\/web\/wp-content\/uploads\/2020\/09\/PSX_20200917_202050.jpg?resize=311%2C150&#038;ssl=1\" alt=\"\" class=\"wp-image-332\" style=\"width:156px;height:75px\" srcset=\"https:\/\/i0.wp.com\/www.jsg-niedergrafschaft.de\/web\/wp-content\/uploads\/2020\/09\/PSX_20200917_202050.jpg?w=311&amp;ssl=1 311w, https:\/\/i0.wp.com\/www.jsg-niedergrafschaft.de\/web\/wp-content\/uploads\/2020\/09\/PSX_20200917_202050.jpg?resize=300%2C145&amp;ssl=1 300w\" sizes=\"auto, (max-width: 311px) 100vw, 311px\" \/><figcaption class=\"wp-element-caption\">Teamsponsor und Pate<br>der D2 (U12) \/ U13<\/figcaption><\/figure>\n<\/div>\n\n\n<hr class=\"wp-block-separator has-alpha-channel-opacity\"\/>\n\n\n\n<div class=\"wp-block-columns is-layout-flex wp-container-core-columns-is-layout-9d6595d7 wp-block-columns-is-layout-flex\">\n<div class=\"wp-block-column is-layout-flow wp-block-column-is-layout-flow\" style=\"flex-basis:66.66%\">\n<h2 class=\"wp-block-heading\">Berichte zur D2 in 2023\/2024<\/h2>\n\n\n\n<ul class=\"display-posts-listing\"><li class=\"listing-item\"><a class=\"title\" href=\"https:\/\/www.jsg-niedergrafschaft.de\/web\/die-u13-gewinnt-den-dinkelcup\/\">Die U13 gewinnt den Dinkelcup<\/a> <span class=\"date\">16.06.2024<\/span><\/li><li class=\"listing-item\"><a class=\"title\" href=\"https:\/\/www.jsg-niedergrafschaft.de\/web\/die-jsg-saison-23-24-in-der-zusammenfassung\/\">Die JSG-Saison 23\/24 in der Zusammenfassung<\/a> <span class=\"date\">13.06.2024<\/span><\/li><li class=\"listing-item\"><a class=\"title\" href=\"https:\/\/www.jsg-niedergrafschaft.de\/web\/letzter-spieltag-fuer-viele-jsg-teams\/\">Letzter Spieltag f\u00fcr viele JSG-Teams<\/a> <span class=\"date\">02.06.2024<\/span><\/li><li class=\"listing-item\"><a class=\"title\" href=\"https:\/\/www.jsg-niedergrafschaft.de\/web\/jsg-berichte-vom-wochenende-u17-ist-meister\/\">JSG-Berichte vom Wochenende &#8211; U17 ist Meister!<\/a> <span class=\"date\">26.05.2024<\/span><\/li><li class=\"listing-item\"><a class=\"title\" href=\"https:\/\/www.jsg-niedergrafschaft.de\/web\/berichte-der-d2-und-u17-von-dieser-woche\/\">Berichte der D2 und U17 von dieser Woche<\/a> <span class=\"date\">17.05.2024<\/span><\/li><li class=\"listing-item\"><a class=\"title\" href=\"https:\/\/www.jsg-niedergrafschaft.de\/web\/jsg-berichte-vom-3-und-4-mai\/\">JSG-Berichte vom 3. und 4. Mai<\/a> <span class=\"date\">05.05.2024<\/span><\/li><li class=\"listing-item\"><a class=\"title\" href=\"https:\/\/www.jsg-niedergrafschaft.de\/web\/vier-jsg-spiele-am-gestrigen-samstag\/\">Vier JSG-Spiele am gestrigen Samstag<\/a> <span class=\"date\">14.04.2024<\/span><\/li><li class=\"listing-item\"><a class=\"title\" href=\"https:\/\/www.jsg-niedergrafschaft.de\/web\/berichte-und-ergebnisse-vom-9-maerz\/\">Berichte und Ergebnisse vom 9. M\u00e4rz<\/a> <span class=\"date\">10.03.2024<\/span><\/li><li class=\"listing-item\"><a class=\"title\" href=\"https:\/\/www.jsg-niedergrafschaft.de\/web\/d-jugend-cup-der-jsg-d2-und-u13\/\">D-Jugend-Cup der JSG D2 und U13<\/a> <span class=\"date\">05.02.2024<\/span><\/li><li class=\"listing-item\"><a class=\"title\" href=\"https:\/\/www.jsg-niedergrafschaft.de\/web\/ergebnisse-vorrunde-hkm-der-jsg\/\">Ergebnisse Vorrunde HKM der JSG<\/a> <span class=\"date\">30.12.2023<\/span><\/li><li class=\"listing-item\"><a class=\"title\" href=\"https:\/\/www.jsg-niedergrafschaft.de\/web\/vorrunde-hkm-d-jugend-der-jsg\/\">Vorrunde HKM D-Jugend der JSG<\/a> <span class=\"date\">17.12.2023<\/span><\/li><li class=\"listing-item\"><a class=\"title\" href=\"https:\/\/www.jsg-niedergrafschaft.de\/web\/hallenkreismeisterschaften-2023-2024\/\">Hallenkreismeisterschaften 2023\/2024<\/a> <span class=\"date\">09.11.2023<\/span><\/li><li class=\"listing-item\"><a class=\"title\" href=\"https:\/\/www.jsg-niedergrafschaft.de\/web\/volles-programm-der-jsg-in-den-letzten-tagen\/\">Volles Programm der JSG in den letzten Tagen<\/a> <span class=\"date\">08.10.2023<\/span><\/li><li class=\"listing-item\"><a class=\"title\" href=\"https:\/\/www.jsg-niedergrafschaft.de\/web\/ergebnisse-der-jsg-team-vom-29-und-30-09\/\">Ergebnisse der JSG-Teams vom 29. und 30.09.<\/a> <span class=\"date\">01.10.2023<\/span><\/li><li class=\"listing-item\"><a class=\"title\" href=\"https:\/\/www.jsg-niedergrafschaft.de\/web\/spielberichte-vom-23-september\/\">Spielberichte vom 23. September<\/a> <span class=\"date\">24.09.2023<\/span><\/li><li class=\"listing-item\"><a class=\"title\" href=\"https:\/\/www.jsg-niedergrafschaft.de\/web\/kreispokal-spiele-der-d2-und-u17\/\">Kreispokal-Spiele der D2 und U17<\/a> <span class=\"date\">21.09.2023<\/span><\/li><li class=\"listing-item\"><a class=\"title\" href=\"https:\/\/www.jsg-niedergrafschaft.de\/web\/ergebnisse-vom-14-bis-16-september\/\">Ergebnisse vom 14. bis 16. September<\/a> <span class=\"date\">17.09.2023<\/span><\/li><li class=\"listing-item\"><a class=\"title\" href=\"https:\/\/www.jsg-niedergrafschaft.de\/web\/berichte-vom-wochenende-8-9-september\/\">Berichte vom Wochenende 8.\/9. September<\/a> <span class=\"date\">10.09.2023<\/span><\/li><li class=\"listing-item\"><a class=\"title\" href=\"https:\/\/www.jsg-niedergrafschaft.de\/web\/jsg-spiele-vom-1-und-2-september\/\">JSG-Spiele vom 1. und 2. September<\/a> <span class=\"date\">03.09.2023<\/span><\/li><li class=\"listing-item\"><a class=\"title\" href=\"https:\/\/www.jsg-niedergrafschaft.de\/web\/jsg-spiele-am-26-august\/\">JSG-Spiele am 26. August<\/a> <span class=\"date\">27.08.2023<\/span><\/li><li class=\"listing-item\"><a class=\"title\" href=\"https:\/\/www.jsg-niedergrafschaft.de\/web\/abschluss-u12-u13-teilnahme-am-koops-cup-verabschiedung-von-mats-neerken\/\">Abschlu\u00df U12\/U13 &#8211; Teilnahme am Koop-Cup, Verabschiedung von Mats Neerken<\/a> <span class=\"date\">03.07.2023<\/span><\/li><\/ul>\n\n\n\n<p><\/p>\n<\/div>\n\n\n\n<div class=\"wp-block-column has-nv-light-bg-background-color has-background is-layout-flow wp-block-column-is-layout-flow\" style=\"flex-basis:33.33%\">\n<h2 class=\"wp-block-heading\">Trainerteam 23\/24<\/h2>\n\n\n\n<p><strong>Heiko V\u00f6lkerink<\/strong><br>Finn Kampherbeek<br>Nick L\u00fcbbers<\/p>\n\n\n\n<h2 class=\"wp-block-heading\">Zust\u00e4ndigkeit<br> <img data-recalc-dims=\"1\" loading=\"lazy\" decoding=\"async\" width=\"50\" height=\"48\" data-attachment-id=\"1097\" data-permalink=\"https:\/\/www.jsg-niedergrafschaft.de\/web\/die-mannschaften\/u13-22-23\/gsv-logo\/\" data-orig-file=\"https:\/\/i0.wp.com\/www.jsg-niedergrafschaft.de\/web\/wp-content\/uploads\/2022\/09\/gsv-logo.png?fit=221%2C212&amp;ssl=1\" data-orig-size=\"221,212\" data-comments-opened=\"1\" data-image-meta=\"{&quot;aperture&quot;:&quot;0&quot;,&quot;credit&quot;:&quot;&quot;,&quot;camera&quot;:&quot;&quot;,&quot;caption&quot;:&quot;&quot;,&quot;created_timestamp&quot;:&quot;0&quot;,&quot;copyright&quot;:&quot;&quot;,&quot;focal_length&quot;:&quot;0&quot;,&quot;iso&quot;:&quot;0&quot;,&quot;shutter_speed&quot;:&quot;0&quot;,&quot;title&quot;:&quot;&quot;,&quot;orientation&quot;:&quot;0&quot;}\" data-image-title=\"gsv-logo\" data-image-description=\"\" data-image-caption=\"\" data-large-file=\"https:\/\/i0.wp.com\/www.jsg-niedergrafschaft.de\/web\/wp-content\/uploads\/2022\/09\/gsv-logo.png?fit=221%2C212&amp;ssl=1\" class=\"wp-image-1097\" style=\"width: 50px;\" src=\"https:\/\/i0.wp.com\/www.jsg-niedergrafschaft.de\/web\/wp-content\/uploads\/2022\/09\/gsv-logo.png?resize=50%2C48&#038;ssl=1\" alt=\"\"><\/h2>\n<\/div>\n<\/div>\n\n\n\n<hr class=\"wp-block-separator has-alpha-channel-opacity\"\/>\n\n\n\n<h2 class=\"wp-block-heading\">Mannschaftsfoto &#8211; Saison 23\/24<\/h2>\n\n\n\n<figure class=\"wp-block-image size-large\"><img data-recalc-dims=\"1\" loading=\"lazy\" decoding=\"async\" width=\"1024\" height=\"576\" data-attachment-id=\"3408\" data-permalink=\"https:\/\/www.jsg-niedergrafschaft.de\/web\/die-mannschaften\/u12-saison-24-25\/d2-teamfoto-2023-24-fussball-de\/\" data-orig-file=\"https:\/\/i0.wp.com\/www.jsg-niedergrafschaft.de\/web\/wp-content\/uploads\/2023\/09\/D2-Teamfoto-2023-24-fussball-de.png?fit=1500%2C844&amp;ssl=1\" data-orig-size=\"1500,844\" data-comments-opened=\"0\" data-image-meta=\"{&quot;aperture&quot;:&quot;0&quot;,&quot;credit&quot;:&quot;&quot;,&quot;camera&quot;:&quot;&quot;,&quot;caption&quot;:&quot;&quot;,&quot;created_timestamp&quot;:&quot;0&quot;,&quot;copyright&quot;:&quot;&quot;,&quot;focal_length&quot;:&quot;0&quot;,&quot;iso&quot;:&quot;0&quot;,&quot;shutter_speed&quot;:&quot;0&quot;,&quot;title&quot;:&quot;&quot;,&quot;orientation&quot;:&quot;0&quot;}\" data-image-title=\"D2-Teamfoto-2023-24-fussball-de\" data-image-description=\"\" data-image-caption=\"\" data-large-file=\"https:\/\/i0.wp.com\/www.jsg-niedergrafschaft.de\/web\/wp-content\/uploads\/2023\/09\/D2-Teamfoto-2023-24-fussball-de.png?fit=1024%2C576&amp;ssl=1\" src=\"https:\/\/i0.wp.com\/www.jsg-niedergrafschaft.de\/web\/wp-content\/uploads\/2023\/09\/D2-Teamfoto-2023-24-fussball-de.png?resize=1024%2C576&#038;ssl=1\" alt=\"\" class=\"wp-image-3408\" srcset=\"https:\/\/i0.wp.com\/www.jsg-niedergrafschaft.de\/web\/wp-content\/uploads\/2023\/09\/D2-Teamfoto-2023-24-fussball-de.png?resize=1024%2C576&amp;ssl=1 1024w, https:\/\/i0.wp.com\/www.jsg-niedergrafschaft.de\/web\/wp-content\/uploads\/2023\/09\/D2-Teamfoto-2023-24-fussball-de.png?resize=300%2C169&amp;ssl=1 300w, https:\/\/i0.wp.com\/www.jsg-niedergrafschaft.de\/web\/wp-content\/uploads\/2023\/09\/D2-Teamfoto-2023-24-fussball-de.png?resize=768%2C432&amp;ssl=1 768w, https:\/\/i0.wp.com\/www.jsg-niedergrafschaft.de\/web\/wp-content\/uploads\/2023\/09\/D2-Teamfoto-2023-24-fussball-de.png?w=1500&amp;ssl=1 1500w\" sizes=\"auto, (max-width: 1024px) 100vw, 1024px\" \/><figcaption class=\"wp-element-caption\"><strong>D2 \u2013 Saison 23\/24<\/strong><br><strong>hinten vlnr:<\/strong>&nbsp;Trainer Heiko V\u00f6lkerink, Fabian M\u00fcller, Carsten Kruit, Timo Scholtmann, Joe Slikkers, Maximilian Knuth, Trainer Finn Kampherbeek und Nick L\u00fcbbers <br><strong>vorne vlnr:<\/strong>&nbsp;Malte Reins, Jona Loehrke, Levin Eylering, Mats Wolbert, Enno Breman, Justus Baarlink<br><strong>es fehlt:<\/strong>&nbsp;Mats Hesselink<\/figcaption><\/figure>\n<\/div>\n<\/div>\n\n\n\n<hr class=\"wp-block-separator has-alpha-channel-opacity\"\/>\n\n\n\n<h3 class=\"wp-block-heading\">D-Jugend &#8211; 1. Kreisklasse &#8211; 23\/24 folgt<\/h3>\n\n\n\n<figure class=\"wp-block-image size-full\"><img data-recalc-dims=\"1\" loading=\"lazy\" decoding=\"async\" width=\"966\" height=\"424\" data-attachment-id=\"5031\" data-permalink=\"https:\/\/www.jsg-niedergrafschaft.de\/web\/die-mannschaften\/d2-u12-saison-23-24\/image-9-17\/\" data-orig-file=\"https:\/\/i0.wp.com\/www.jsg-niedergrafschaft.de\/web\/wp-content\/uploads\/2024\/07\/image-9.png?fit=966%2C424&amp;ssl=1\" data-orig-size=\"966,424\" data-comments-opened=\"0\" data-image-meta=\"{&quot;aperture&quot;:&quot;0&quot;,&quot;credit&quot;:&quot;&quot;,&quot;camera&quot;:&quot;&quot;,&quot;caption&quot;:&quot;&quot;,&quot;created_timestamp&quot;:&quot;0&quot;,&quot;copyright&quot;:&quot;&quot;,&quot;focal_length&quot;:&quot;0&quot;,&quot;iso&quot;:&quot;0&quot;,&quot;shutter_speed&quot;:&quot;0&quot;,&quot;title&quot;:&quot;&quot;,&quot;orientation&quot;:&quot;0&quot;}\" data-image-title=\"image-9\" data-image-description=\"\" data-image-caption=\"\" data-large-file=\"https:\/\/i0.wp.com\/www.jsg-niedergrafschaft.de\/web\/wp-content\/uploads\/2024\/07\/image-9.png?fit=966%2C424&amp;ssl=1\" src=\"https:\/\/i0.wp.com\/www.jsg-niedergrafschaft.de\/web\/wp-content\/uploads\/2024\/07\/image-9.png?resize=966%2C424&#038;ssl=1\" alt=\"\" class=\"wp-image-5031\" srcset=\"https:\/\/i0.wp.com\/www.jsg-niedergrafschaft.de\/web\/wp-content\/uploads\/2024\/07\/image-9.png?w=966&amp;ssl=1 966w, https:\/\/i0.wp.com\/www.jsg-niedergrafschaft.de\/web\/wp-content\/uploads\/2024\/07\/image-9.png?resize=300%2C132&amp;ssl=1 300w, https:\/\/i0.wp.com\/www.jsg-niedergrafschaft.de\/web\/wp-content\/uploads\/2024\/07\/image-9.png?resize=768%2C337&amp;ssl=1 768w\" sizes=\"auto, (max-width: 966px) 100vw, 966px\" \/><figcaption class=\"wp-element-caption\">D-Junioren &#8211; 1. Kreisklasse &#8211; Saison 2023\/2024<\/figcaption><\/figure>\n\n\n\n<p><\/p>\n\n\n\n<p><\/p>\n","protected":false},"excerpt":{"rendered":"<p>Berichte zur D2 in 2023\/2024 Trainerteam 23\/24 Heiko V\u00f6lkerinkFinn KampherbeekNick L\u00fcbbers Zust\u00e4ndigkeit Mannschaftsfoto &#8211; Saison 23\/24 D-Jugend &#8211; 1. Kreisklasse &#8211; 23\/24 folgt<\/p>\n","protected":false},"author":3,"featured_media":3018,"parent":61,"menu_order":5,"comment_status":"closed","ping_status":"closed","template":"","meta":{"neve_meta_sidebar":"full-width","neve_meta_container":"","neve_meta_enable_content_width":"on","neve_meta_content_width":100,"neve_meta_title_alignment":"","neve_meta_author_avatar":"","neve_post_elements_order":"","neve_meta_disable_header":"","neve_meta_disable_footer":"","neve_meta_disable_title":"on","footnotes":""},"class_list":["post-5027","page","type-page","status-publish","has-post-thumbnail","hentry"],"jetpack_sharing_enabled":true,"_links":{"self":[{"href":"https:\/\/www.jsg-niedergrafschaft.de\/web\/wp-json\/wp\/v2\/pages\/5027","targetHints":{"allow":["GET"]}}],"collection":[{"href":"https:\/\/www.jsg-niedergrafschaft.de\/web\/wp-json\/wp\/v2\/pages"}],"about":[{"href":"https:\/\/www.jsg-niedergrafschaft.de\/web\/wp-json\/wp\/v2\/types\/page"}],"author":[{"embeddable":true,"href":"https:\/\/www.jsg-niedergrafschaft.de\/web\/wp-json\/wp\/v2\/users\/3"}],"replies":[{"embeddable":true,"href":"https:\/\/www.jsg-niedergrafschaft.de\/web\/wp-json\/wp\/v2\/comments?post=5027"}],"version-history":[{"count":3,"href":"https:\/\/www.jsg-niedergrafschaft.de\/web\/wp-json\/wp\/v2\/pages\/5027\/revisions"}],"predecessor-version":[{"id":6687,"href":"https:\/\/www.jsg-niedergrafschaft.de\/web\/wp-json\/wp\/v2\/pages\/5027\/revisions\/6687"}],"up":[{"embeddable":true,"href":"https:\/\/www.jsg-niedergrafschaft.de\/web\/wp-json\/wp\/v2\/pages\/61"}],"wp:featuredmedia":[{"embeddable":true,"href":"https:\/\/www.jsg-niedergrafschaft.de\/web\/wp-json\/wp\/v2\/media\/3018"}],"wp:attachment":[{"href":"https:\/\/www.jsg-niedergrafschaft.de\/web\/wp-json\/wp\/v2\/media?parent=5027"}],"curies":[{"name":"wp","href":"https:\/\/api.w.org\/{rel}","templated":true}]}}