{"id":5011,"date":"2024-07-12T12:58:34","date_gmt":"2024-07-12T10:58:34","guid":{"rendered":"https:\/\/www.jsg-niedergrafschaft.de\/web\/?page_id=5011"},"modified":"2025-07-04T07:57:36","modified_gmt":"2025-07-04T05:57:36","slug":"u15-saison-23-24","status":"publish","type":"page","link":"https:\/\/www.jsg-niedergrafschaft.de\/web\/die-mannschaften\/u15-saison-23-24\/","title":{"rendered":"U15 Saison 23\/24"},"content":{"rendered":"\n<p class=\"has-text-align-center\"><img data-recalc-dims=\"1\" loading=\"lazy\" decoding=\"async\" width=\"500\" height=\"78\" data-attachment-id=\"838\" data-permalink=\"https:\/\/www.jsg-niedergrafschaft.de\/web\/die-mannschaften\/u17-22-23\/jsg-logo-u15\/\" data-orig-file=\"https:\/\/i0.wp.com\/www.jsg-niedergrafschaft.de\/web\/wp-content\/uploads\/2022\/08\/jsg-logo-u15.png?fit=700%2C109&amp;ssl=1\" data-orig-size=\"700,109\" data-comments-opened=\"0\" data-image-meta=\"{&quot;aperture&quot;:&quot;0&quot;,&quot;credit&quot;:&quot;&quot;,&quot;camera&quot;:&quot;&quot;,&quot;caption&quot;:&quot;&quot;,&quot;created_timestamp&quot;:&quot;0&quot;,&quot;copyright&quot;:&quot;&quot;,&quot;focal_length&quot;:&quot;0&quot;,&quot;iso&quot;:&quot;0&quot;,&quot;shutter_speed&quot;:&quot;0&quot;,&quot;title&quot;:&quot;&quot;,&quot;orientation&quot;:&quot;0&quot;}\" data-image-title=\"JSG U15\" data-image-description=\"\" data-image-caption=\"\" data-large-file=\"https:\/\/i0.wp.com\/www.jsg-niedergrafschaft.de\/web\/wp-content\/uploads\/2022\/08\/jsg-logo-u15.png?fit=700%2C109&amp;ssl=1\" class=\"wp-image-838\" style=\"width: 500px;\" src=\"https:\/\/i0.wp.com\/www.jsg-niedergrafschaft.de\/web\/wp-content\/uploads\/2022\/08\/jsg-logo-u15.png?resize=500%2C78&#038;ssl=1\" alt=\"\" srcset=\"https:\/\/i0.wp.com\/www.jsg-niedergrafschaft.de\/web\/wp-content\/uploads\/2022\/08\/jsg-logo-u15.png?w=700&amp;ssl=1 700w, https:\/\/i0.wp.com\/www.jsg-niedergrafschaft.de\/web\/wp-content\/uploads\/2022\/08\/jsg-logo-u15.png?resize=300%2C47&amp;ssl=1 300w\" sizes=\"auto, (max-width: 500px) 100vw, 500px\" \/><\/p>\n\n\n\n<div class=\"wp-block-columns is-layout-flex wp-container-core-columns-is-layout-9d6595d7 wp-block-columns-is-layout-flex\">\n<div class=\"wp-block-column is-layout-flow wp-block-column-is-layout-flow\"><div class=\"wp-block-image\">\n<figure class=\"aligncenter size-large is-resized\"><a href=\"http:\/\/www.grafschafter-volksbank.de\"><img data-recalc-dims=\"1\" loading=\"lazy\" decoding=\"async\" width=\"1000\" height=\"196\" data-attachment-id=\"329\" data-permalink=\"https:\/\/www.jsg-niedergrafschaft.de\/web\/layout-2\/\" data-orig-file=\"https:\/\/i0.wp.com\/www.jsg-niedergrafschaft.de\/web\/wp-content\/uploads\/2020\/09\/JSG_Grafschafter-Volksbank.jpg?fit=1000%2C196&amp;ssl=1\" data-orig-size=\"1000,196\" data-comments-opened=\"1\" data-image-meta=\"{&quot;aperture&quot;:&quot;0&quot;,&quot;credit&quot;:&quot;&quot;,&quot;camera&quot;:&quot;&quot;,&quot;caption&quot;:&quot;&quot;,&quot;created_timestamp&quot;:&quot;0&quot;,&quot;copyright&quot;:&quot;&quot;,&quot;focal_length&quot;:&quot;0&quot;,&quot;iso&quot;:&quot;0&quot;,&quot;shutter_speed&quot;:&quot;0&quot;,&quot;title&quot;:&quot;Layout 2&quot;,&quot;orientation&quot;:&quot;1&quot;}\" data-image-title=\"Grafschafter Volksbank eG\" data-image-description=\"\" data-image-caption=\"\" data-large-file=\"https:\/\/i0.wp.com\/www.jsg-niedergrafschaft.de\/web\/wp-content\/uploads\/2020\/09\/JSG_Grafschafter-Volksbank.jpg?fit=1000%2C196&amp;ssl=1\" src=\"https:\/\/i0.wp.com\/www.jsg-niedergrafschaft.de\/web\/wp-content\/uploads\/2020\/09\/JSG_Grafschafter-Volksbank.jpg?resize=1000%2C196&#038;ssl=1\" alt=\"\" class=\"wp-image-329\" style=\"width:250px;height:49px\" srcset=\"https:\/\/i0.wp.com\/www.jsg-niedergrafschaft.de\/web\/wp-content\/uploads\/2020\/09\/JSG_Grafschafter-Volksbank.jpg?w=1000&amp;ssl=1 1000w, https:\/\/i0.wp.com\/www.jsg-niedergrafschaft.de\/web\/wp-content\/uploads\/2020\/09\/JSG_Grafschafter-Volksbank.jpg?resize=300%2C59&amp;ssl=1 300w, https:\/\/i0.wp.com\/www.jsg-niedergrafschaft.de\/web\/wp-content\/uploads\/2020\/09\/JSG_Grafschafter-Volksbank.jpg?resize=768%2C151&amp;ssl=1 768w\" sizes=\"auto, (max-width: 1000px) 100vw, 1000px\" \/><\/a><figcaption class=\"wp-element-caption\"><em><sup>Teamsponsor und Pate der U15<\/sup><\/em><\/figcaption><\/figure>\n<\/div><\/div>\n\n\n\n<div class=\"wp-block-column is-layout-flow wp-block-column-is-layout-flow\"><div class=\"wp-block-image\">\n<figure class=\"aligncenter size-large is-resized\"><a href=\"https:\/\/www.voba-niedergrafschaft.de\"><img data-recalc-dims=\"1\" loading=\"lazy\" decoding=\"async\" width=\"826\" height=\"142\" data-attachment-id=\"331\" data-permalink=\"https:\/\/www.jsg-niedergrafschaft.de\/web\/die-unterstuetzer\/layout-1-3\/\" data-orig-file=\"https:\/\/i0.wp.com\/www.jsg-niedergrafschaft.de\/web\/wp-content\/uploads\/2020\/09\/JSG_Volksbank-Niedergrafschaft-1-e1600685508812.jpg?fit=826%2C142&amp;ssl=1\" data-orig-size=\"826,142\" data-comments-opened=\"1\" data-image-meta=\"{&quot;aperture&quot;:&quot;0&quot;,&quot;credit&quot;:&quot;yf64zd8&quot;,&quot;camera&quot;:&quot;&quot;,&quot;caption&quot;:&quot;&quot;,&quot;created_timestamp&quot;:&quot;0&quot;,&quot;copyright&quot;:&quot;&quot;,&quot;focal_length&quot;:&quot;0&quot;,&quot;iso&quot;:&quot;0&quot;,&quot;shutter_speed&quot;:&quot;0&quot;,&quot;title&quot;:&quot;Layout 1&quot;,&quot;orientation&quot;:&quot;1&quot;}\" data-image-title=\"Layout 1\" data-image-description=\"\" data-image-caption=\"\" data-large-file=\"https:\/\/i0.wp.com\/www.jsg-niedergrafschaft.de\/web\/wp-content\/uploads\/2020\/09\/JSG_Volksbank-Niedergrafschaft-1-e1600685508812.jpg?fit=826%2C142&amp;ssl=1\" src=\"https:\/\/i0.wp.com\/www.jsg-niedergrafschaft.de\/web\/wp-content\/uploads\/2020\/09\/JSG_Volksbank-Niedergrafschaft-1-e1600685508812.jpg?resize=826%2C142&#038;ssl=1\" alt=\"\" class=\"wp-image-331\" style=\"width:333px;height:57px\" srcset=\"https:\/\/i0.wp.com\/www.jsg-niedergrafschaft.de\/web\/wp-content\/uploads\/2020\/09\/JSG_Volksbank-Niedergrafschaft-1-e1600685508812.jpg?w=826&amp;ssl=1 826w, https:\/\/i0.wp.com\/www.jsg-niedergrafschaft.de\/web\/wp-content\/uploads\/2020\/09\/JSG_Volksbank-Niedergrafschaft-1-e1600685508812.jpg?resize=300%2C52&amp;ssl=1 300w, https:\/\/i0.wp.com\/www.jsg-niedergrafschaft.de\/web\/wp-content\/uploads\/2020\/09\/JSG_Volksbank-Niedergrafschaft-1-e1600685508812.jpg?resize=768%2C132&amp;ssl=1 768w\" sizes=\"auto, (max-width: 826px) 100vw, 826px\" \/><\/a><figcaption class=\"wp-element-caption\"><em><sup>Teamsponsor und Pate der U15<\/sup><\/em><\/figcaption><\/figure>\n<\/div><\/div>\n<\/div>\n\n\n\n<hr class=\"wp-block-separator has-alpha-channel-opacity\"\/>\n\n\n\n<div class=\"wp-block-columns is-layout-flex wp-container-core-columns-is-layout-9d6595d7 wp-block-columns-is-layout-flex\">\n<div class=\"wp-block-column is-layout-flow wp-block-column-is-layout-flow\" style=\"flex-basis:66.66%\">\n<h2 class=\"wp-block-heading\">Berichte zur U15 &#8211; Saison 2023\/24<\/h2>\n\n\n\n<p><ul class=\"display-posts-listing\"><li class=\"listing-item\"><a class=\"title\" href=\"https:\/\/www.jsg-niedergrafschaft.de\/web\/die-jsg-saison-23-24-in-der-zusammenfassung\/\">Die JSG-Saison 23\/24 in der Zusammenfassung<\/a> <span class=\"date\">13.06.2024<\/span><\/li><li class=\"listing-item\"><a class=\"title\" href=\"https:\/\/www.jsg-niedergrafschaft.de\/web\/letzter-spieltag-fuer-viele-jsg-teams\/\">Letzter Spieltag f\u00fcr viele JSG-Teams<\/a> <span class=\"date\">02.06.2024<\/span><\/li><li class=\"listing-item\"><a class=\"title\" href=\"https:\/\/www.jsg-niedergrafschaft.de\/web\/jsg-berichte-vom-wochenende-u17-ist-meister\/\">JSG-Berichte vom Wochenende &#8211; U17 ist Meister!<\/a> <span class=\"date\">26.05.2024<\/span><\/li><li class=\"listing-item\"><a class=\"title\" href=\"https:\/\/www.jsg-niedergrafschaft.de\/web\/jsg-berichte-in-der-himmelfahrtswoche\/\">JSG-Berichte in der Himmelfahrtswoche<\/a> <span class=\"date\">12.05.2024<\/span><\/li><li class=\"listing-item\"><a class=\"title\" href=\"https:\/\/www.jsg-niedergrafschaft.de\/web\/jsg-berichte-vom-3-und-4-mai\/\">JSG-Berichte vom 3. und 4. Mai<\/a> <span class=\"date\">05.05.2024<\/span><\/li><li class=\"listing-item\"><a class=\"title\" href=\"https:\/\/www.jsg-niedergrafschaft.de\/web\/die-samstags-spiele-der-jsg-im-bericht\/\">Die Samstags-Spiele der JSG im Bericht<\/a> <span class=\"date\">28.04.2024<\/span><\/li><li class=\"listing-item\"><a class=\"title\" href=\"https:\/\/www.jsg-niedergrafschaft.de\/web\/berichte-u15-gegen-spelle\/\">Bericht U15 gegen Spelle<\/a> <span class=\"date\">21.04.2024<\/span><\/li><li class=\"listing-item\"><a class=\"title\" href=\"https:\/\/www.jsg-niedergrafschaft.de\/web\/vier-jsg-spiele-am-gestrigen-samstag\/\">Vier JSG-Spiele am gestrigen Samstag<\/a> <span class=\"date\">14.04.2024<\/span><\/li><li class=\"listing-item\"><a class=\"title\" href=\"https:\/\/www.jsg-niedergrafschaft.de\/web\/berichte-der-spiele-u15-und-u17-vom-6-april\/\">Berichte der Spiele U15 und U17 vom 6. April<\/a> <span class=\"date\">07.04.2024<\/span><\/li><li class=\"listing-item\"><a class=\"title\" href=\"https:\/\/www.jsg-niedergrafschaft.de\/web\/aktuelle-spiele-der-u15-u17-und-u19\/\">Aktuelle Spiele der U15, U17 und U19<\/a> <span class=\"date\">15.03.2024<\/span><\/li><li class=\"listing-item\"><a class=\"title\" href=\"https:\/\/www.jsg-niedergrafschaft.de\/web\/berichte-und-ergebnisse-vom-9-maerz\/\">Berichte und Ergebnisse vom 9. M\u00e4rz<\/a> <span class=\"date\">10.03.2024<\/span><\/li><li class=\"listing-item\"><a class=\"title\" href=\"https:\/\/www.jsg-niedergrafschaft.de\/web\/u15-und-u17-unter-der-woche-im-einsatz\/\">U15 und U17 unter der Woche im Einsatz<\/a> <span class=\"date\">08.03.2024<\/span><\/li><li class=\"listing-item\"><a class=\"title\" href=\"https:\/\/www.jsg-niedergrafschaft.de\/web\/berichte-der-jsg-spiele-vom-2-und-3-maerz\/\">Berichte der JSG-Spiele vom 2. und 3. M\u00e4rz<\/a> <span class=\"date\">03.03.2024<\/span><\/li><li class=\"listing-item\"><a class=\"title\" href=\"https:\/\/www.jsg-niedergrafschaft.de\/web\/testspiele-am-17-02\/\">Testspiele am 17.02.<\/a> <span class=\"date\">18.02.2024<\/span><\/li><li class=\"listing-item\"><a class=\"title\" href=\"https:\/\/www.jsg-niedergrafschaft.de\/web\/bericht-zum-hkm-finale\/\">Bericht zum HKM-Finale<\/a> <span class=\"date\">13.02.2024<\/span><\/li><li class=\"listing-item\"><a class=\"title\" href=\"https:\/\/www.jsg-niedergrafschaft.de\/web\/hkm-oho-finale-ohohoho\/\">HKM, oho, Finale, ohohoho!!!<\/a> <span class=\"date\">06.02.2024<\/span><\/li><li class=\"listing-item\"><a class=\"title\" href=\"https:\/\/www.jsg-niedergrafschaft.de\/web\/hkm-finale-zeiten-und-motto\/\">HKM-Finale &#8211; Zeiten und Motto<\/a> <span class=\"date\">25.01.2024<\/span><\/li><li class=\"listing-item\"><a class=\"title\" href=\"https:\/\/www.jsg-niedergrafschaft.de\/web\/u15-erreicht-finale-der-hkm\/\">U15 erreicht Finale der HKM<\/a> <span class=\"date\">21.01.2024<\/span><\/li><li class=\"listing-item\"><a class=\"title\" href=\"https:\/\/www.jsg-niedergrafschaft.de\/web\/u15-dritter-platz-beim-hallenturnier-von-weisse-elf\/\">U15: Dritter Platz beim Hallenturnier von Wei\u00dfe Elf<\/a> <span class=\"date\">14.01.2024<\/span><\/li><li class=\"listing-item\"><a class=\"title\" href=\"https:\/\/www.jsg-niedergrafschaft.de\/web\/hkm-zwischenrunde-2023-2024\/\">HKM Zwischenrunde 2023\/2024<\/a> <span class=\"date\">08.01.2024<\/span><\/li><li class=\"listing-item\"><a class=\"title\" href=\"https:\/\/www.jsg-niedergrafschaft.de\/web\/u15-beim-aurich-cup\/\">U15 beim Aurich-Cup<\/a> <span class=\"date\">06.01.2024<\/span><\/li><li class=\"listing-item\"><a class=\"title\" href=\"https:\/\/www.jsg-niedergrafschaft.de\/web\/u15-beim-hallenturnier-sv-vorwaerts\/\">U15 beim Hallenturnier SV Vorw\u00e4rts<\/a> <span class=\"date\">04.01.2024<\/span><\/li><li class=\"listing-item\"><a class=\"title\" href=\"https:\/\/www.jsg-niedergrafschaft.de\/web\/bericht-vom-jsg-euregio-cup-der-u15\/\">Bericht vom JSG Euregio-Cup der U15<\/a> <span class=\"date\">02.01.2024<\/span><\/li><li class=\"listing-item\"><a class=\"title\" href=\"https:\/\/www.jsg-niedergrafschaft.de\/web\/ergebnisse-vorrunde-hkm-der-jsg\/\">Ergebnisse Vorrunde HKM der JSG<\/a> <span class=\"date\">30.12.2023<\/span><\/li><li class=\"listing-item\"><a class=\"title\" href=\"https:\/\/www.jsg-niedergrafschaft.de\/web\/berichte-u15-hkm-und-u17-stiepel-hollmann-cup\/\">Berichte U15 HKM und U17 Stiepel-Hollmann-Cup<\/a> <span class=\"date\">24.12.2023<\/span><\/li><li class=\"listing-item\"><a class=\"title\" href=\"https:\/\/www.jsg-niedergrafschaft.de\/web\/berichte-von-spielen-der-u15-und-u19\/\">Berichte von Spielen der U15 und U19<\/a> <span class=\"date\">26.11.2023<\/span><\/li><li class=\"listing-item\"><a class=\"title\" href=\"https:\/\/www.jsg-niedergrafschaft.de\/web\/es-durfte-gespielt-werden-die-spiele-vom-18-11-im-ueberblick\/\">Es durfte gespielt werden&#8230; die Spiele vom 18.11. im \u00dcberblick<\/a> <span class=\"date\">19.11.2023<\/span><\/li><li class=\"listing-item\"><a class=\"title\" href=\"https:\/\/www.jsg-niedergrafschaft.de\/web\/hallenkreismeisterschaften-2023-2024\/\">Hallenkreismeisterschaften 2023\/2024<\/a> <span class=\"date\">09.11.2023<\/span><\/li><li class=\"listing-item\"><a class=\"title\" href=\"https:\/\/www.jsg-niedergrafschaft.de\/web\/u15-testen-zweimal-in-den-niederlanden-und-kabinenfete\/\">U15 testen zweimal in den Niederlanden und Kabinenfete<\/a> <span class=\"date\">07.11.2023<\/span><\/li><li class=\"listing-item\"><a class=\"title\" href=\"https:\/\/www.jsg-niedergrafschaft.de\/web\/u15-taktisch-stark-gegen-tabellenfuehrer\/\">U15 &#8211; taktisch stark gegen Tabellenf\u00fchrer<\/a> <span class=\"date\">15.10.2023<\/span><\/li><li class=\"listing-item\"><a class=\"title\" href=\"https:\/\/www.jsg-niedergrafschaft.de\/web\/volles-programm-der-jsg-in-den-letzten-tagen\/\">Volles Programm der JSG in den letzten Tagen<\/a> <span class=\"date\">08.10.2023<\/span><\/li><li class=\"listing-item\"><a class=\"title\" href=\"https:\/\/www.jsg-niedergrafschaft.de\/web\/u15-und-u17-besuchen-rokatec\/\">U15 und U17 besuchen Rokatec<\/a> <span class=\"date\">05.10.2023<\/span><\/li><li class=\"listing-item\"><a class=\"title\" href=\"https:\/\/www.jsg-niedergrafschaft.de\/web\/spielberichte-der-u15-und-u13\/\">Spielberichte der U15 und U13<\/a> <span class=\"date\">22.09.2023<\/span><\/li><li class=\"listing-item\"><a class=\"title\" href=\"https:\/\/www.jsg-niedergrafschaft.de\/web\/ergebnisse-vom-14-bis-16-september\/\">Ergebnisse vom 14. bis 16. September<\/a> <span class=\"date\">17.09.2023<\/span><\/li><li class=\"listing-item\"><a class=\"title\" href=\"https:\/\/www.jsg-niedergrafschaft.de\/web\/berichte-vom-wochenende-8-9-september\/\">Berichte vom Wochenende 8.\/9. September<\/a> <span class=\"date\">10.09.2023<\/span><\/li><\/ul><br><br><\/p>\n<\/div>\n\n\n\n<div class=\"wp-block-column has-nv-light-bg-background-color has-background is-layout-flow wp-block-column-is-layout-flow\" style=\"flex-basis:33.33%\">\n<h2 class=\"wp-block-heading\">Trainerteam 23\/24<\/h2>\n\n\n\n<p>Hartmut Beerlink<br><strong>J\u00fcrgen Gosink<\/strong><br>Gebhard L\u00fcbbers<br><\/p>\n\n\n\n<h2 class=\"wp-block-heading\">Zust\u00e4ndigkeit<br> <img data-recalc-dims=\"1\" loading=\"lazy\" decoding=\"async\" width=\"50\" height=\"50\" data-attachment-id=\"349\" data-permalink=\"https:\/\/www.jsg-niedergrafschaft.de\/web\/der-verein\/stammvereine\/svh\/\" data-orig-file=\"https:\/\/i0.wp.com\/www.jsg-niedergrafschaft.de\/web\/wp-content\/uploads\/2020\/09\/svh-e1600370807857.png?fit=200%2C201&amp;ssl=1\" data-orig-size=\"200,201\" data-comments-opened=\"1\" data-image-meta=\"{&quot;aperture&quot;:&quot;0&quot;,&quot;credit&quot;:&quot;&quot;,&quot;camera&quot;:&quot;&quot;,&quot;caption&quot;:&quot;&quot;,&quot;created_timestamp&quot;:&quot;0&quot;,&quot;copyright&quot;:&quot;&quot;,&quot;focal_length&quot;:&quot;0&quot;,&quot;iso&quot;:&quot;0&quot;,&quot;shutter_speed&quot;:&quot;0&quot;,&quot;title&quot;:&quot;&quot;,&quot;orientation&quot;:&quot;0&quot;}\" data-image-title=\"svh\" data-image-description=\"\" data-image-caption=\"\" data-large-file=\"https:\/\/i0.wp.com\/www.jsg-niedergrafschaft.de\/web\/wp-content\/uploads\/2020\/09\/svh-e1600370807857.png?fit=200%2C201&amp;ssl=1\" class=\"wp-image-349\" style=\"width: 50px;\" src=\"https:\/\/i0.wp.com\/www.jsg-niedergrafschaft.de\/web\/wp-content\/uploads\/2020\/09\/svh-e1600370807857.png?resize=50%2C50&#038;ssl=1\" alt=\"\"><\/h2>\n<\/div>\n<\/div>\n\n\n\n<hr class=\"wp-block-separator has-alpha-channel-opacity\"\/>\n\n\n\n<h2 class=\"wp-block-heading\">Mannschaftsfoto &#8211; Saison 2023\/24<\/h2>\n\n\n\n<figure class=\"wp-block-image size-large\"><img data-recalc-dims=\"1\" loading=\"lazy\" decoding=\"async\" width=\"1024\" height=\"689\" data-attachment-id=\"3031\" data-permalink=\"https:\/\/www.jsg-niedergrafschaft.de\/web\/u15-team-2023-24\/\" data-orig-file=\"https:\/\/i0.wp.com\/www.jsg-niedergrafschaft.de\/web\/wp-content\/uploads\/2023\/07\/u15-team-2023-24-3.png?fit=1500%2C1009&amp;ssl=1\" data-orig-size=\"1500,1009\" data-comments-opened=\"0\" data-image-meta=\"{&quot;aperture&quot;:&quot;0&quot;,&quot;credit&quot;:&quot;&quot;,&quot;camera&quot;:&quot;&quot;,&quot;caption&quot;:&quot;&quot;,&quot;created_timestamp&quot;:&quot;0&quot;,&quot;copyright&quot;:&quot;&quot;,&quot;focal_length&quot;:&quot;0&quot;,&quot;iso&quot;:&quot;0&quot;,&quot;shutter_speed&quot;:&quot;0&quot;,&quot;title&quot;:&quot;&quot;,&quot;orientation&quot;:&quot;0&quot;}\" data-image-title=\"u15-team-2023-24\" data-image-description=\"\" data-image-caption=\"\" data-large-file=\"https:\/\/i0.wp.com\/www.jsg-niedergrafschaft.de\/web\/wp-content\/uploads\/2023\/07\/u15-team-2023-24-3.png?fit=1024%2C689&amp;ssl=1\" src=\"https:\/\/i0.wp.com\/www.jsg-niedergrafschaft.de\/web\/wp-content\/uploads\/2023\/07\/u15-team-2023-24-3.png?resize=1024%2C689&#038;ssl=1\" alt=\"\" class=\"wp-image-3031\" srcset=\"https:\/\/i0.wp.com\/www.jsg-niedergrafschaft.de\/web\/wp-content\/uploads\/2023\/07\/u15-team-2023-24-3.png?resize=1024%2C689&amp;ssl=1 1024w, https:\/\/i0.wp.com\/www.jsg-niedergrafschaft.de\/web\/wp-content\/uploads\/2023\/07\/u15-team-2023-24-3.png?resize=300%2C202&amp;ssl=1 300w, https:\/\/i0.wp.com\/www.jsg-niedergrafschaft.de\/web\/wp-content\/uploads\/2023\/07\/u15-team-2023-24-3.png?resize=768%2C517&amp;ssl=1 768w, https:\/\/i0.wp.com\/www.jsg-niedergrafschaft.de\/web\/wp-content\/uploads\/2023\/07\/u15-team-2023-24-3.png?w=1500&amp;ssl=1 1500w\" sizes=\"auto, (max-width: 1024px) 100vw, 1024px\" \/><figcaption class=\"wp-element-caption\"><strong>U15 \u2013 Saison 23\/24<\/strong><br><strong>hinten vlnr:<\/strong>&nbsp;Jan Ende, Chris van Grafhorst, Jarne Veldhuis, Marek Gosink, Lasse M\u00fclstegen, Jannes Scholten, Trainer J\u00fcrgen Gosink<br><strong>Mitte vlnr:<\/strong>&nbsp;Koordinator Gebhard L\u00fcbbers, Paul Veldink, Ben Heddendorp, Hilko L\u00fcbbers, Tjorwen Scholten, Felix Breukelmann, Trainer Hartmut Beerlink<br><strong>vorne vlnr:<\/strong>&nbsp;Sebastian Tsap, Kolja Kriwat, Jonah Wolters, Leif Kwade, Ben Bleumer, Michel Snyders<\/figcaption><\/figure>\n\n\n\n<hr class=\"wp-block-separator has-alpha-channel-opacity\"\/>\n\n\n\n<h2 class=\"wp-block-heading\">C-Jugend &#8211; Bezirksliga &#8211; 23\/24<\/h2>\n\n\n\n<p class=\"has-medium-font-size\"><strong>Die Saison 2023\/24 auf fussball.de: <a href=\"https:\/\/www.fussball.de\/mannschaft\/jsg-niedergrafschaft-sv-hoogstede-niedersachsen\/-\/saison\/2324\/team-id\/01S5JLT498000000VS548984VS03293S#!\" target=\"_blank\" rel=\"noreferrer noopener\">hier klicken<\/a><\/strong><\/p>\n\n\n\n<figure class=\"wp-block-image size-full\"><img data-recalc-dims=\"1\" loading=\"lazy\" decoding=\"async\" width=\"967\" height=\"662\" data-attachment-id=\"5013\" data-permalink=\"https:\/\/www.jsg-niedergrafschaft.de\/web\/die-mannschaften\/u15-saison-23-24\/image-6-20\/\" data-orig-file=\"https:\/\/i0.wp.com\/www.jsg-niedergrafschaft.de\/web\/wp-content\/uploads\/2024\/07\/image-6.png?fit=967%2C662&amp;ssl=1\" data-orig-size=\"967,662\" data-comments-opened=\"0\" data-image-meta=\"{&quot;aperture&quot;:&quot;0&quot;,&quot;credit&quot;:&quot;&quot;,&quot;camera&quot;:&quot;&quot;,&quot;caption&quot;:&quot;&quot;,&quot;created_timestamp&quot;:&quot;0&quot;,&quot;copyright&quot;:&quot;&quot;,&quot;focal_length&quot;:&quot;0&quot;,&quot;iso&quot;:&quot;0&quot;,&quot;shutter_speed&quot;:&quot;0&quot;,&quot;title&quot;:&quot;&quot;,&quot;orientation&quot;:&quot;0&quot;}\" data-image-title=\"image-6\" data-image-description=\"\" data-image-caption=\"\" data-large-file=\"https:\/\/i0.wp.com\/www.jsg-niedergrafschaft.de\/web\/wp-content\/uploads\/2024\/07\/image-6.png?fit=967%2C662&amp;ssl=1\" src=\"https:\/\/i0.wp.com\/www.jsg-niedergrafschaft.de\/web\/wp-content\/uploads\/2024\/07\/image-6.png?resize=967%2C662&#038;ssl=1\" alt=\"\" class=\"wp-image-5013\" srcset=\"https:\/\/i0.wp.com\/www.jsg-niedergrafschaft.de\/web\/wp-content\/uploads\/2024\/07\/image-6.png?w=967&amp;ssl=1 967w, https:\/\/i0.wp.com\/www.jsg-niedergrafschaft.de\/web\/wp-content\/uploads\/2024\/07\/image-6.png?resize=300%2C205&amp;ssl=1 300w, https:\/\/i0.wp.com\/www.jsg-niedergrafschaft.de\/web\/wp-content\/uploads\/2024\/07\/image-6.png?resize=768%2C526&amp;ssl=1 768w\" sizes=\"auto, (max-width: 967px) 100vw, 967px\" \/><\/figure>\n\n\n\n<p><\/p>\n\n\n\n<p><\/p>\n","protected":false},"excerpt":{"rendered":"<p>Berichte zur U15 &#8211; Saison 2023\/24 Trainerteam 23\/24 Hartmut BeerlinkJ\u00fcrgen GosinkGebhard L\u00fcbbers Zust\u00e4ndigkeit Mannschaftsfoto &#8211; Saison 2023\/24 C-Jugend &#8211; Bezirksliga &#8211; 23\/24 Die Saison 2023\/24 auf fussball.de: hier klicken<\/p>\n","protected":false},"author":3,"featured_media":838,"parent":61,"menu_order":3,"comment_status":"closed","ping_status":"closed","template":"","meta":{"neve_meta_sidebar":"full-width","neve_meta_container":"","neve_meta_enable_content_width":"on","neve_meta_content_width":100,"neve_meta_title_alignment":"","neve_meta_author_avatar":"","neve_post_elements_order":"","neve_meta_disable_header":"","neve_meta_disable_footer":"","neve_meta_disable_title":"on","footnotes":""},"class_list":["post-5011","page","type-page","status-publish","has-post-thumbnail","hentry"],"jetpack_sharing_enabled":true,"_links":{"self":[{"href":"https:\/\/www.jsg-niedergrafschaft.de\/web\/wp-json\/wp\/v2\/pages\/5011","targetHints":{"allow":["GET"]}}],"collection":[{"href":"https:\/\/www.jsg-niedergrafschaft.de\/web\/wp-json\/wp\/v2\/pages"}],"about":[{"href":"https:\/\/www.jsg-niedergrafschaft.de\/web\/wp-json\/wp\/v2\/types\/page"}],"author":[{"embeddable":true,"href":"https:\/\/www.jsg-niedergrafschaft.de\/web\/wp-json\/wp\/v2\/users\/3"}],"replies":[{"embeddable":true,"href":"https:\/\/www.jsg-niedergrafschaft.de\/web\/wp-json\/wp\/v2\/comments?post=5011"}],"version-history":[{"count":4,"href":"https:\/\/www.jsg-niedergrafschaft.de\/web\/wp-json\/wp\/v2\/pages\/5011\/revisions"}],"predecessor-version":[{"id":6689,"href":"https:\/\/www.jsg-niedergrafschaft.de\/web\/wp-json\/wp\/v2\/pages\/5011\/revisions\/6689"}],"up":[{"embeddable":true,"href":"https:\/\/www.jsg-niedergrafschaft.de\/web\/wp-json\/wp\/v2\/pages\/61"}],"wp:featuredmedia":[{"embeddable":true,"href":"https:\/\/www.jsg-niedergrafschaft.de\/web\/wp-json\/wp\/v2\/media\/838"}],"wp:attachment":[{"href":"https:\/\/www.jsg-niedergrafschaft.de\/web\/wp-json\/wp\/v2\/media?parent=5011"}],"curies":[{"name":"wp","href":"https:\/\/api.w.org\/{rel}","templated":true}]}}