{"id":40,"date":"2020-06-17T20:35:43","date_gmt":"2020-06-17T18:35:43","guid":{"rendered":"http:\/\/web.jsg-niedergrafschaft.de\/web\/?page_id=40"},"modified":"2025-07-04T07:59:59","modified_gmt":"2025-07-04T05:59:59","slug":"u19-22-23","status":"publish","type":"page","link":"https:\/\/www.jsg-niedergrafschaft.de\/web\/die-mannschaften\/u19-22-23\/","title":{"rendered":"U19 Saison 22\/23"},"content":{"rendered":"\n<h2 class=\"wp-block-heading has-text-align-center\"><img data-recalc-dims=\"1\" loading=\"lazy\" decoding=\"async\" width=\"500\" height=\"78\" data-attachment-id=\"837\" data-permalink=\"https:\/\/www.jsg-niedergrafschaft.de\/web\/die-mannschaften\/u17-22-23\/jsg-logo-u19\/\" data-orig-file=\"https:\/\/i0.wp.com\/www.jsg-niedergrafschaft.de\/web\/wp-content\/uploads\/2022\/08\/jsg-logo-u19.png?fit=700%2C109&amp;ssl=1\" data-orig-size=\"700,109\" data-comments-opened=\"0\" data-image-meta=\"{&quot;aperture&quot;:&quot;0&quot;,&quot;credit&quot;:&quot;&quot;,&quot;camera&quot;:&quot;&quot;,&quot;caption&quot;:&quot;&quot;,&quot;created_timestamp&quot;:&quot;0&quot;,&quot;copyright&quot;:&quot;&quot;,&quot;focal_length&quot;:&quot;0&quot;,&quot;iso&quot;:&quot;0&quot;,&quot;shutter_speed&quot;:&quot;0&quot;,&quot;title&quot;:&quot;&quot;,&quot;orientation&quot;:&quot;0&quot;}\" data-image-title=\"JSG U19\" data-image-description=\"\" data-image-caption=\"\" data-large-file=\"https:\/\/i0.wp.com\/www.jsg-niedergrafschaft.de\/web\/wp-content\/uploads\/2022\/08\/jsg-logo-u19.png?fit=700%2C109&amp;ssl=1\" class=\"wp-image-837\" style=\"width: 500px;\" src=\"https:\/\/i0.wp.com\/www.jsg-niedergrafschaft.de\/web\/wp-content\/uploads\/2022\/08\/jsg-logo-u19.png?resize=500%2C78&#038;ssl=1\" alt=\"\" srcset=\"https:\/\/i0.wp.com\/www.jsg-niedergrafschaft.de\/web\/wp-content\/uploads\/2022\/08\/jsg-logo-u19.png?w=700&amp;ssl=1 700w, https:\/\/i0.wp.com\/www.jsg-niedergrafschaft.de\/web\/wp-content\/uploads\/2022\/08\/jsg-logo-u19.png?resize=300%2C47&amp;ssl=1 300w\" sizes=\"auto, (max-width: 500px) 100vw, 500px\" \/>Saison 22\/23<\/h2>\n\n\n\n<div class=\"wp-block-columns is-layout-flex wp-container-core-columns-is-layout-9d6595d7 wp-block-columns-is-layout-flex\">\n<div class=\"wp-block-column is-layout-flow wp-block-column-is-layout-flow\" style=\"flex-basis:66.66%\">\n<h2 class=\"wp-block-heading\">Berichte zur U19<\/h2>\n\n\n\n<ul class=\"display-posts-listing\"><li class=\"listing-item\"><a class=\"title\" href=\"https:\/\/www.jsg-niedergrafschaft.de\/web\/die-letzten-spiele-der-saison-22-23\/\">Die letzten Spiele der Saison 22\/23<\/a> <span class=\"date\">18.06.2023<\/span><\/li><li class=\"listing-item\"><a class=\"title\" href=\"https:\/\/www.jsg-niedergrafschaft.de\/web\/jsg-spiele-am-wochenende-pokalfinale-co\/\">JSG-Spiele am Wochenende &#8211; Pokalfinale &#038; Co<\/a> <span class=\"date\">12.06.2023<\/span><\/li><li class=\"listing-item\"><a class=\"title\" href=\"https:\/\/www.jsg-niedergrafschaft.de\/web\/spielberichte-jsg-spiele-17-20-mai\/\">Spielberichte JSG-Spiele 17. &#8211; 20. Mai<\/a> <span class=\"date\">21.05.2023<\/span><\/li><li class=\"listing-item\"><a class=\"title\" href=\"https:\/\/www.jsg-niedergrafschaft.de\/web\/jsg-auswaerts-am-13-und-14-mai\/\">JSG ausw\u00e4rts am 13. und 14. Mai<\/a> <span class=\"date\">14.05.2023<\/span><\/li><li class=\"listing-item\"><a class=\"title\" href=\"https:\/\/www.jsg-niedergrafschaft.de\/web\/berichte-zu-den-spielen-vom-5-und-6-mai\/\">Berichte zu den Spielen vom 5. und 6. Mai<\/a> <span class=\"date\">07.05.2023<\/span><\/li><li class=\"listing-item\"><a class=\"title\" href=\"https:\/\/www.jsg-niedergrafschaft.de\/web\/wichtige-spiele-bei-der-u19-und-u17\/\">Wichtige Spiele bei der U19 und U17<\/a> <span class=\"date\">28.04.2023<\/span><\/li><li class=\"listing-item\"><a class=\"title\" href=\"https:\/\/www.jsg-niedergrafschaft.de\/web\/jsg-spiele-vom-21-und-22-april\/\">JSG-Spiele vom 21. und 22. April<\/a> <span class=\"date\">23.04.2023<\/span><\/li><li class=\"listing-item\"><a class=\"title\" href=\"https:\/\/www.jsg-niedergrafschaft.de\/web\/spielbericht-zu-spielen-vom-19-bis-21-april\/\">Spielbericht zu Spielen vom 19. bis 21. April<\/a> <span class=\"date\">21.04.2023<\/span><\/li><li class=\"listing-item\"><a class=\"title\" href=\"https:\/\/www.jsg-niedergrafschaft.de\/web\/volles-programm-berichte-der-jsg-spiele-vom-14-15-april\/\">Volles Programm: Berichte der JSG-Spiele vom 14.\/15. April<\/a> <span class=\"date\">16.04.2023<\/span><\/li><li class=\"listing-item\"><a class=\"title\" href=\"https:\/\/www.jsg-niedergrafschaft.de\/web\/auftakt-jsg-spiele-am-17-und-18-maerz\/\">Auftakt: JSG-Spiele am 17. und 18. M\u00e4rz<\/a> <span class=\"date\">19.03.2023<\/span><\/li><li class=\"listing-item\"><a class=\"title\" href=\"https:\/\/www.jsg-niedergrafschaft.de\/web\/die-vorbereitung-laeuft\/\">Die Vorbereitung l\u00e4uft<\/a> <span class=\"date\">23.02.2023<\/span><\/li><li class=\"listing-item\"><a class=\"title\" href=\"https:\/\/www.jsg-niedergrafschaft.de\/web\/jsg-spiele-am-19-november\/\">JSG-Spiele am 19. November<\/a> <span class=\"date\">19.11.2022<\/span><\/li><li class=\"listing-item\"><a class=\"title\" href=\"https:\/\/www.jsg-niedergrafschaft.de\/web\/spiele-vom-8-bis-11-november\/\">Spiele vom 8. bis 11. November<\/a> <span class=\"date\">08.11.2022<\/span><\/li><li class=\"listing-item\"><a class=\"title\" href=\"https:\/\/www.jsg-niedergrafschaft.de\/web\/spielbericht-vom-28-29-10-der-u15-und-u19\/\">Spielbericht vom 28.\/29.10. der U15 und U19<\/a> <span class=\"date\">29.10.2022<\/span><\/li><li class=\"listing-item\"><a class=\"title\" href=\"https:\/\/www.jsg-niedergrafschaft.de\/web\/spielberichte-jsg-11-bis-19-oktober\/\">Spielberichte JSG &#8211; 11. bis  19.10.<\/a> <span class=\"date\">12.10.2022<\/span><\/li><li class=\"listing-item\"><a class=\"title\" href=\"https:\/\/www.jsg-niedergrafschaft.de\/web\/jsg-spiele-vom-5-bis-8-oktober\/\">JSG-Spiele vom 5. bis 8. Oktober<\/a> <span class=\"date\">09.10.2022<\/span><\/li><li class=\"listing-item\"><a class=\"title\" href=\"https:\/\/www.jsg-niedergrafschaft.de\/web\/berichte-zu-spielen-vom-30-09-und-01-10\/\">Berichte zu Spielen vom 30.09. und 01.10.<\/a> <span class=\"date\">01.10.2022<\/span><\/li><li class=\"listing-item\"><a class=\"title\" href=\"https:\/\/www.jsg-niedergrafschaft.de\/web\/spielberichte-der-jsg-vom-25-09-22\/\">Spielberichte der JSG vom 25.09.22<\/a> <span class=\"date\">25.09.2022<\/span><\/li><li class=\"listing-item\"><a class=\"title\" href=\"https:\/\/www.jsg-niedergrafschaft.de\/web\/spielberichte-der-jsg-vom-18-09-22\/\">Spielberichte der JSG vom 18.09.22<\/a> <span class=\"date\">18.09.2022<\/span><\/li><li class=\"listing-item\"><a class=\"title\" href=\"https:\/\/www.jsg-niedergrafschaft.de\/web\/spielberichte-der-jsg-vom-11-09-22\/\">Spielberichte der JSG vom 11.09.22<\/a> <span class=\"date\">11.09.2022<\/span><\/li><li class=\"listing-item\"><a class=\"title\" href=\"https:\/\/www.jsg-niedergrafschaft.de\/web\/bericht-der-u19-rueckrunde-saison-21-22\/\">Bericht der U19 R\u00fcckrunde Saison 21\/22<\/a> <span class=\"date\">22.07.2022<\/span><\/li><\/ul>\n\n\n\n<p><\/p>\n\n\n\n<p><\/p>\n<\/div>\n\n\n\n<div class=\"wp-block-column has-nv-light-bg-background-color has-background is-layout-flow wp-block-column-is-layout-flow\" style=\"flex-basis:33.33%\">\n<h2 class=\"wp-block-heading\">Trainerteam 22\/23<\/h2>\n\n\n\n<p>Friedhelm Eilert<br><strong>Sebastian Keen<\/strong><br>Hans-J\u00fcrgen L\u00fcbbers&nbsp;<\/p>\n\n\n\n<h2 class=\"wp-block-heading\">Zust\u00e4ndigkeit<br> <img data-recalc-dims=\"1\" loading=\"lazy\" decoding=\"async\" width=\"50\" height=\"49\" data-attachment-id=\"347\" data-permalink=\"https:\/\/www.jsg-niedergrafschaft.de\/web\/der-verein\/stammvereine\/scu\/\" data-orig-file=\"https:\/\/i0.wp.com\/www.jsg-niedergrafschaft.de\/web\/wp-content\/uploads\/2020\/09\/scu-e1600371988971.png?fit=200%2C196&amp;ssl=1\" data-orig-size=\"200,196\" data-comments-opened=\"1\" data-image-meta=\"{&quot;aperture&quot;:&quot;0&quot;,&quot;credit&quot;:&quot;&quot;,&quot;camera&quot;:&quot;&quot;,&quot;caption&quot;:&quot;&quot;,&quot;created_timestamp&quot;:&quot;0&quot;,&quot;copyright&quot;:&quot;&quot;,&quot;focal_length&quot;:&quot;0&quot;,&quot;iso&quot;:&quot;0&quot;,&quot;shutter_speed&quot;:&quot;0&quot;,&quot;title&quot;:&quot;&quot;,&quot;orientation&quot;:&quot;0&quot;}\" data-image-title=\"SC Union Emlichheim\" data-image-description=\"\" data-image-caption=\"\" data-large-file=\"https:\/\/i0.wp.com\/www.jsg-niedergrafschaft.de\/web\/wp-content\/uploads\/2020\/09\/scu-e1600371988971.png?fit=1024%2C1001&amp;ssl=1\" class=\"wp-image-347\" style=\"width: 50px;\" src=\"https:\/\/i0.wp.com\/www.jsg-niedergrafschaft.de\/web\/wp-content\/uploads\/2020\/09\/scu-e1600371988971.png?resize=50%2C49&#038;ssl=1\" alt=\"\" srcset=\"https:\/\/i0.wp.com\/www.jsg-niedergrafschaft.de\/web\/wp-content\/uploads\/2020\/09\/scu-e1600371988971.png?w=200&amp;ssl=1 200w, https:\/\/i0.wp.com\/www.jsg-niedergrafschaft.de\/web\/wp-content\/uploads\/2020\/09\/scu-e1600371988971.png?resize=150%2C150&amp;ssl=1 150w\" sizes=\"auto, (max-width: 50px) 100vw, 50px\" \/><\/h2>\n<\/div>\n<\/div>\n\n\n\n<hr class=\"wp-block-separator has-alpha-channel-opacity\"\/>\n\n\n\n<h2 class=\"wp-block-heading\">Mannschaftsfoto &#8211; 22\/23<\/h2>\n\n\n<div class=\"wp-block-image\">\n<figure class=\"aligncenter size-full\"><img data-recalc-dims=\"1\" loading=\"lazy\" decoding=\"async\" width=\"1024\" height=\"713\" data-attachment-id=\"965\" data-permalink=\"https:\/\/www.jsg-niedergrafschaft.de\/web\/die-mannschaften\/u19-22-23\/jsg-u19-mannschaft-22-23-1024-1\/\" data-orig-file=\"https:\/\/i0.wp.com\/www.jsg-niedergrafschaft.de\/web\/wp-content\/uploads\/2022\/08\/jsg-u19-mannschaft-22-23-1024-1.png?fit=1024%2C713&amp;ssl=1\" data-orig-size=\"1024,713\" data-comments-opened=\"1\" data-image-meta=\"{&quot;aperture&quot;:&quot;0&quot;,&quot;credit&quot;:&quot;&quot;,&quot;camera&quot;:&quot;&quot;,&quot;caption&quot;:&quot;&quot;,&quot;created_timestamp&quot;:&quot;0&quot;,&quot;copyright&quot;:&quot;&quot;,&quot;focal_length&quot;:&quot;0&quot;,&quot;iso&quot;:&quot;0&quot;,&quot;shutter_speed&quot;:&quot;0&quot;,&quot;title&quot;:&quot;&quot;,&quot;orientation&quot;:&quot;0&quot;}\" data-image-title=\"jsg-u19-mannschaft-22-23-1024-1\" data-image-description=\"\" data-image-caption=\"\" data-large-file=\"https:\/\/i0.wp.com\/www.jsg-niedergrafschaft.de\/web\/wp-content\/uploads\/2022\/08\/jsg-u19-mannschaft-22-23-1024-1.png?fit=1024%2C713&amp;ssl=1\" src=\"https:\/\/i0.wp.com\/www.jsg-niedergrafschaft.de\/web\/wp-content\/uploads\/2022\/08\/jsg-u19-mannschaft-22-23-1024-1.png?resize=1024%2C713&#038;ssl=1\" alt=\"\" class=\"wp-image-965\" srcset=\"https:\/\/i0.wp.com\/www.jsg-niedergrafschaft.de\/web\/wp-content\/uploads\/2022\/08\/jsg-u19-mannschaft-22-23-1024-1.png?w=1024&amp;ssl=1 1024w, https:\/\/i0.wp.com\/www.jsg-niedergrafschaft.de\/web\/wp-content\/uploads\/2022\/08\/jsg-u19-mannschaft-22-23-1024-1.png?resize=300%2C209&amp;ssl=1 300w, https:\/\/i0.wp.com\/www.jsg-niedergrafschaft.de\/web\/wp-content\/uploads\/2022\/08\/jsg-u19-mannschaft-22-23-1024-1.png?resize=768%2C535&amp;ssl=1 768w\" sizes=\"auto, (max-width: 1024px) 100vw, 1024px\" \/><figcaption class=\"wp-element-caption\"><strong>U19 &#8211; Saison 22\/23<\/strong><br><strong>hinten vlnr:<\/strong> Betreuer Friedhelm Eilert, Trainer Gert T\u00fcchter, Jona Eilert, Marvin Nofftz, Ben L\u00fcbberink, Jonas Vette, Philip Klemp, Jordy Schipper, Thilo Dreher, Betreuer Hans-J\u00fcrgen&nbsp;L\u00fcbbers, Co-Trainer Sebastian Keen&nbsp; <br><strong>vorne vlnr:<\/strong> Noah Wortmeyer, Diler Adil Salim, Ole Gering, Nick L\u00fcbbers, Erik Demtschuk, Joris Schiphouwer, Mathis Koers, Finn Kampherbeek<\/figcaption><\/figure>\n<\/div>\n\n\n<hr class=\"wp-block-separator has-alpha-channel-opacity\"\/>\n\n\n\n<h2 class=\"wp-block-heading\">A-Jugend &#8211; Bezirksliga<\/h2>\n\n\n\n<p class=\"has-medium-font-size\"><strong>Die Saison 2022\/23 auf fussball.de: <a href=\"https:\/\/www.fussball.de\/spieltag\/a-junioren-bezirksliga-iii-bezirk-weser-ems-a-junioren-bezirksliga-a-junioren-saison2223-niedersachsen\/-\/spieldatum\/2023-05-14\/staffel\/02INUF8RN800000DVS5489B3VVETK79U-G#!\/\" target=\"_blank\" rel=\"noreferrer noopener\">hier klicken<\/a><\/strong><\/p>\n\n\n\n<figure class=\"wp-block-image size-full\"><img data-recalc-dims=\"1\" loading=\"lazy\" decoding=\"async\" width=\"966\" height=\"565\" data-attachment-id=\"3057\" data-permalink=\"https:\/\/www.jsg-niedergrafschaft.de\/web\/die-mannschaften\/u19-22-23\/image-4-9\/\" data-orig-file=\"https:\/\/i0.wp.com\/www.jsg-niedergrafschaft.de\/web\/wp-content\/uploads\/2023\/07\/image-4.png?fit=966%2C565&amp;ssl=1\" data-orig-size=\"966,565\" data-comments-opened=\"0\" data-image-meta=\"{&quot;aperture&quot;:&quot;0&quot;,&quot;credit&quot;:&quot;&quot;,&quot;camera&quot;:&quot;&quot;,&quot;caption&quot;:&quot;&quot;,&quot;created_timestamp&quot;:&quot;0&quot;,&quot;copyright&quot;:&quot;&quot;,&quot;focal_length&quot;:&quot;0&quot;,&quot;iso&quot;:&quot;0&quot;,&quot;shutter_speed&quot;:&quot;0&quot;,&quot;title&quot;:&quot;&quot;,&quot;orientation&quot;:&quot;0&quot;}\" data-image-title=\"image-4\" data-image-description=\"\" data-image-caption=\"\" data-large-file=\"https:\/\/i0.wp.com\/www.jsg-niedergrafschaft.de\/web\/wp-content\/uploads\/2023\/07\/image-4.png?fit=966%2C565&amp;ssl=1\" src=\"https:\/\/i0.wp.com\/www.jsg-niedergrafschaft.de\/web\/wp-content\/uploads\/2023\/07\/image-4.png?resize=966%2C565&#038;ssl=1\" alt=\"\" class=\"wp-image-3057\" srcset=\"https:\/\/i0.wp.com\/www.jsg-niedergrafschaft.de\/web\/wp-content\/uploads\/2023\/07\/image-4.png?w=966&amp;ssl=1 966w, https:\/\/i0.wp.com\/www.jsg-niedergrafschaft.de\/web\/wp-content\/uploads\/2023\/07\/image-4.png?resize=300%2C175&amp;ssl=1 300w, https:\/\/i0.wp.com\/www.jsg-niedergrafschaft.de\/web\/wp-content\/uploads\/2023\/07\/image-4.png?resize=768%2C449&amp;ssl=1 768w\" sizes=\"auto, (max-width: 966px) 100vw, 966px\" \/><figcaption class=\"wp-element-caption\">Tabelle A-JUNIOREN BEZIRKSLIGA WESER-EMS III \u2013 Saison 22-23<\/figcaption><\/figure>\n\n\n\n<p><br><\/p>\n","protected":false},"excerpt":{"rendered":"<p>Saison 22\/23 Berichte zur U19 Trainerteam 22\/23 Friedhelm EilertSebastian KeenHans-J\u00fcrgen L\u00fcbbers&nbsp; Zust\u00e4ndigkeit Mannschaftsfoto &#8211; 22\/23 A-Jugend &#8211; Bezirksliga Die Saison 2022\/23 auf fussball.de: hier klicken<\/p>\n","protected":false},"author":3,"featured_media":837,"parent":61,"menu_order":0,"comment_status":"closed","ping_status":"closed","template":"","meta":{"neve_meta_sidebar":"full-width","neve_meta_container":"","neve_meta_enable_content_width":"on","neve_meta_content_width":100,"neve_meta_title_alignment":"","neve_meta_author_avatar":"","neve_post_elements_order":"","neve_meta_disable_header":"","neve_meta_disable_footer":"","neve_meta_disable_title":"on","footnotes":""},"class_list":["post-40","page","type-page","status-publish","has-post-thumbnail","hentry"],"jetpack_sharing_enabled":true,"_links":{"self":[{"href":"https:\/\/www.jsg-niedergrafschaft.de\/web\/wp-json\/wp\/v2\/pages\/40","targetHints":{"allow":["GET"]}}],"collection":[{"href":"https:\/\/www.jsg-niedergrafschaft.de\/web\/wp-json\/wp\/v2\/pages"}],"about":[{"href":"https:\/\/www.jsg-niedergrafschaft.de\/web\/wp-json\/wp\/v2\/types\/page"}],"author":[{"embeddable":true,"href":"https:\/\/www.jsg-niedergrafschaft.de\/web\/wp-json\/wp\/v2\/users\/3"}],"replies":[{"embeddable":true,"href":"https:\/\/www.jsg-niedergrafschaft.de\/web\/wp-json\/wp\/v2\/comments?post=40"}],"version-history":[{"count":51,"href":"https:\/\/www.jsg-niedergrafschaft.de\/web\/wp-json\/wp\/v2\/pages\/40\/revisions"}],"predecessor-version":[{"id":6696,"href":"https:\/\/www.jsg-niedergrafschaft.de\/web\/wp-json\/wp\/v2\/pages\/40\/revisions\/6696"}],"up":[{"embeddable":true,"href":"https:\/\/www.jsg-niedergrafschaft.de\/web\/wp-json\/wp\/v2\/pages\/61"}],"wp:featuredmedia":[{"embeddable":true,"href":"https:\/\/www.jsg-niedergrafschaft.de\/web\/wp-json\/wp\/v2\/media\/837"}],"wp:attachment":[{"href":"https:\/\/www.jsg-niedergrafschaft.de\/web\/wp-json\/wp\/v2\/media?parent=40"}],"curies":[{"name":"wp","href":"https:\/\/api.w.org\/{rel}","templated":true}]}}