{"id":389,"date":"2020-09-30T14:42:17","date_gmt":"2020-09-30T12:42:17","guid":{"rendered":"https:\/\/www.jsg-niedergrafschaft.de\/web\/?page_id=389"},"modified":"2025-07-22T12:44:57","modified_gmt":"2025-07-22T10:44:57","slug":"trainer-teams","status":"publish","type":"page","link":"https:\/\/www.jsg-niedergrafschaft.de\/web\/der-verein\/trainer-teams\/","title":{"rendered":"Trainer-Teams"},"content":{"rendered":"\n<p><strong>Stand 7\/2025<\/strong><\/p>\n\n\n\n<h6 class=\"wp-block-heading\"><em>Weitere Ansprechpartner und die Koordinatoren der einzelnen Mannschaften findet man <a href=\"https:\/\/www.jsg-niedergrafschaft.de\/web\/ansprechpartner\/kontakt\/\">hier<\/a><\/em><\/h6>\n\n\n\n<div class=\"wp-block-columns is-layout-flex wp-container-core-columns-is-layout-9d6595d7 wp-block-columns-is-layout-flex\">\n<div class=\"wp-block-column is-layout-flow wp-block-column-is-layout-flow\">\n<h2 class=\"wp-block-heading has-nv-light-bg-background-color has-background\"><a href=\"https:\/\/www.jsg-niedergrafschaft.de\/web\/die-mannschaften\/u19\/\"><img data-recalc-dims=\"1\" loading=\"lazy\" decoding=\"async\" width=\"200\" height=\"31\" data-attachment-id=\"837\" data-permalink=\"https:\/\/www.jsg-niedergrafschaft.de\/web\/die-mannschaften\/u17-22-23\/jsg-logo-u19\/\" data-orig-file=\"https:\/\/i0.wp.com\/www.jsg-niedergrafschaft.de\/web\/wp-content\/uploads\/2022\/08\/jsg-logo-u19.png?fit=700%2C109&amp;ssl=1\" data-orig-size=\"700,109\" data-comments-opened=\"0\" data-image-meta=\"{&quot;aperture&quot;:&quot;0&quot;,&quot;credit&quot;:&quot;&quot;,&quot;camera&quot;:&quot;&quot;,&quot;caption&quot;:&quot;&quot;,&quot;created_timestamp&quot;:&quot;0&quot;,&quot;copyright&quot;:&quot;&quot;,&quot;focal_length&quot;:&quot;0&quot;,&quot;iso&quot;:&quot;0&quot;,&quot;shutter_speed&quot;:&quot;0&quot;,&quot;title&quot;:&quot;&quot;,&quot;orientation&quot;:&quot;0&quot;}\" data-image-title=\"JSG U19\" data-image-description=\"\" data-image-caption=\"\" data-large-file=\"https:\/\/i0.wp.com\/www.jsg-niedergrafschaft.de\/web\/wp-content\/uploads\/2022\/08\/jsg-logo-u19.png?fit=700%2C109&amp;ssl=1\" class=\"wp-image-837\" style=\"width: 200px;\" src=\"https:\/\/i0.wp.com\/www.jsg-niedergrafschaft.de\/web\/wp-content\/uploads\/2022\/08\/jsg-logo-u19.png?resize=200%2C31&#038;ssl=1\" alt=\"\" srcset=\"https:\/\/i0.wp.com\/www.jsg-niedergrafschaft.de\/web\/wp-content\/uploads\/2022\/08\/jsg-logo-u19.png?w=700&amp;ssl=1 700w, https:\/\/i0.wp.com\/www.jsg-niedergrafschaft.de\/web\/wp-content\/uploads\/2022\/08\/jsg-logo-u19.png?resize=300%2C47&amp;ssl=1 300w\" sizes=\"auto, (max-width: 200px) 100vw, 200px\" \/><\/a><\/h2>\n\n\n\n<div class=\"wp-block-columns is-layout-flex wp-container-core-columns-is-layout-9d6595d7 wp-block-columns-is-layout-flex\">\n<div class=\"wp-block-column is-layout-flow wp-block-column-is-layout-flow\">\n<ul class=\"wp-block-list\">\n<li>Luca Brinkers&nbsp;\u2013 &#x30;1&#x35;&#50;0&#x20;&#49;&#x38;&#53;8&#x34;&#52;&#x32;<\/li>\n\n\n\n<li><strong>J\u00fcrgen Egbers<\/strong>&nbsp;\u2013 &#48;&#x31;&#55;&#x33;&#32;&#x35;1&#x37;7&#x30;0&#57;<\/li>\n\n\n\n<li>Jan Wemmenhove (Betreuer)<\/li>\n\n\n\n<li><strong>J\u00fcrgen Wolters<\/strong>&nbsp;\u2013 &#x30;&#x31;&#55;&#51; &#x35;&#x34;&#x36;&#48;&#49;2&#x31;<\/li>\n<\/ul>\n<\/div>\n<\/div>\n\n\n\n<p><\/p>\n\n\n\n<h2 class=\"wp-block-heading has-nv-light-bg-background-color has-background\"><a href=\"https:\/\/www.jsg-niedergrafschaft.de\/web\/die-mannschaften\/u17\/\"><img data-recalc-dims=\"1\" loading=\"lazy\" decoding=\"async\" width=\"200\" height=\"31\" data-attachment-id=\"841\" data-permalink=\"https:\/\/www.jsg-niedergrafschaft.de\/web\/die-mannschaften\/u17-22-23\/jsg-logo-u17-2\/\" data-orig-file=\"https:\/\/i0.wp.com\/www.jsg-niedergrafschaft.de\/web\/wp-content\/uploads\/2022\/08\/jsg-logo-u17-1.png?fit=700%2C109&amp;ssl=1\" data-orig-size=\"700,109\" data-comments-opened=\"0\" data-image-meta=\"{&quot;aperture&quot;:&quot;0&quot;,&quot;credit&quot;:&quot;&quot;,&quot;camera&quot;:&quot;&quot;,&quot;caption&quot;:&quot;&quot;,&quot;created_timestamp&quot;:&quot;0&quot;,&quot;copyright&quot;:&quot;&quot;,&quot;focal_length&quot;:&quot;0&quot;,&quot;iso&quot;:&quot;0&quot;,&quot;shutter_speed&quot;:&quot;0&quot;,&quot;title&quot;:&quot;&quot;,&quot;orientation&quot;:&quot;0&quot;}\" data-image-title=\"JSG U17\" data-image-description=\"\" data-image-caption=\"\" data-large-file=\"https:\/\/i0.wp.com\/www.jsg-niedergrafschaft.de\/web\/wp-content\/uploads\/2022\/08\/jsg-logo-u17-1.png?fit=700%2C109&amp;ssl=1\" class=\"wp-image-841\" style=\"width: 200px;\" src=\"https:\/\/i0.wp.com\/www.jsg-niedergrafschaft.de\/web\/wp-content\/uploads\/2022\/08\/jsg-logo-u17-1.png?resize=200%2C31&#038;ssl=1\" alt=\"\" srcset=\"https:\/\/i0.wp.com\/www.jsg-niedergrafschaft.de\/web\/wp-content\/uploads\/2022\/08\/jsg-logo-u17-1.png?w=700&amp;ssl=1 700w, https:\/\/i0.wp.com\/www.jsg-niedergrafschaft.de\/web\/wp-content\/uploads\/2022\/08\/jsg-logo-u17-1.png?resize=300%2C47&amp;ssl=1 300w\" sizes=\"auto, (max-width: 200px) 100vw, 200px\" \/><\/a><\/h2>\n\n\n\n<div class=\"wp-block-columns is-layout-flex wp-container-core-columns-is-layout-9d6595d7 wp-block-columns-is-layout-flex\">\n<div class=\"wp-block-column is-layout-flow wp-block-column-is-layout-flow\">\n<ul class=\"wp-block-list\">\n<li>Heiko V\u00f6lkerink &#8211; &#x30;&#49;&#x35;&#x32;&#50;&#x20;&#x34;&#49;&#x31;&#x36;&#48;&#x30;&#x34;<\/li>\n\n\n\n<li><strong>Michael Weggebakker<\/strong> &#8211; &#x30;&#x31;&#x37;&#x33;&#x20;&#57;&#51;&#50;&#32;394&#x35;<\/li>\n\n\n\n<li>Dieter Veldhuis (Betreuer) \u2013 0173 9&#50;&#48;&#52;&#49;&#54;&#57;<\/li>\n<\/ul>\n<\/div>\n<\/div>\n\n\n\n<p class=\"has-text-align-right\"><\/p>\n\n\n\n<p><\/p>\n<\/div>\n\n\n\n<div class=\"wp-block-column is-layout-flow wp-block-column-is-layout-flow\">\n<h2 class=\"wp-block-heading has-nv-light-bg-background-color has-background\"><a href=\"https:\/\/www.jsg-niedergrafschaft.de\/web\/die-mannschaften\/u15\/\"><img data-recalc-dims=\"1\" loading=\"lazy\" decoding=\"async\" width=\"200\" height=\"31\" data-attachment-id=\"838\" data-permalink=\"https:\/\/www.jsg-niedergrafschaft.de\/web\/die-mannschaften\/u17-22-23\/jsg-logo-u15\/\" data-orig-file=\"https:\/\/i0.wp.com\/www.jsg-niedergrafschaft.de\/web\/wp-content\/uploads\/2022\/08\/jsg-logo-u15.png?fit=700%2C109&amp;ssl=1\" data-orig-size=\"700,109\" data-comments-opened=\"0\" data-image-meta=\"{&quot;aperture&quot;:&quot;0&quot;,&quot;credit&quot;:&quot;&quot;,&quot;camera&quot;:&quot;&quot;,&quot;caption&quot;:&quot;&quot;,&quot;created_timestamp&quot;:&quot;0&quot;,&quot;copyright&quot;:&quot;&quot;,&quot;focal_length&quot;:&quot;0&quot;,&quot;iso&quot;:&quot;0&quot;,&quot;shutter_speed&quot;:&quot;0&quot;,&quot;title&quot;:&quot;&quot;,&quot;orientation&quot;:&quot;0&quot;}\" data-image-title=\"JSG U15\" data-image-description=\"\" data-image-caption=\"\" data-large-file=\"https:\/\/i0.wp.com\/www.jsg-niedergrafschaft.de\/web\/wp-content\/uploads\/2022\/08\/jsg-logo-u15.png?fit=700%2C109&amp;ssl=1\" class=\"wp-image-838\" style=\"width: 200px;\" src=\"https:\/\/i0.wp.com\/www.jsg-niedergrafschaft.de\/web\/wp-content\/uploads\/2022\/08\/jsg-logo-u15.png?resize=200%2C31&#038;ssl=1\" alt=\"\" srcset=\"https:\/\/i0.wp.com\/www.jsg-niedergrafschaft.de\/web\/wp-content\/uploads\/2022\/08\/jsg-logo-u15.png?w=700&amp;ssl=1 700w, https:\/\/i0.wp.com\/www.jsg-niedergrafschaft.de\/web\/wp-content\/uploads\/2022\/08\/jsg-logo-u15.png?resize=300%2C47&amp;ssl=1 300w\" sizes=\"auto, (max-width: 200px) 100vw, 200px\" \/><\/a><\/h2>\n\n\n\n<div class=\"wp-block-columns is-layout-flex wp-container-core-columns-is-layout-9d6595d7 wp-block-columns-is-layout-flex\">\n<div class=\"wp-block-column is-layout-flow wp-block-column-is-layout-flow\">\n<ul class=\"wp-block-list\">\n<li>Hartmut Beerlink<strong> <\/strong>&#8211; &#x30;1&#x37;&#50; &#x39;&#48;&#x35;&#51;1&#x30;&#52;<\/li>\n\n\n\n<li>Rudi Boukamp (Betreuer)<\/li>\n\n\n\n<li><strong>J\u00fcrgen Gosink<\/strong> &#8211; &#48;0&#x33;1&#x20;6&#x33;&#48;&#x34;&#50;&#x39;&#49;3&#x37;<\/li>\n\n\n\n<li>Helmut Schoemaker (Torwarttrainer)<\/li>\n\n\n\n<li>Elias van Wieren (Co-Trainer)<\/li>\n<\/ul>\n<\/div>\n<\/div>\n\n\n\n<h2 class=\"wp-block-heading has-nv-light-bg-background-color has-background\"><a href=\"https:\/\/www.jsg-niedergrafschaft.de\/web\/die-mannschaften\/u13\/\"><img data-recalc-dims=\"1\" loading=\"lazy\" decoding=\"async\" width=\"200\" height=\"31\" data-attachment-id=\"839\" data-permalink=\"https:\/\/www.jsg-niedergrafschaft.de\/web\/die-mannschaften\/u17-22-23\/jsg-logo-u13\/\" data-orig-file=\"https:\/\/i0.wp.com\/www.jsg-niedergrafschaft.de\/web\/wp-content\/uploads\/2022\/08\/jsg-logo-u13.png?fit=700%2C109&amp;ssl=1\" data-orig-size=\"700,109\" data-comments-opened=\"0\" data-image-meta=\"{&quot;aperture&quot;:&quot;0&quot;,&quot;credit&quot;:&quot;&quot;,&quot;camera&quot;:&quot;&quot;,&quot;caption&quot;:&quot;&quot;,&quot;created_timestamp&quot;:&quot;0&quot;,&quot;copyright&quot;:&quot;&quot;,&quot;focal_length&quot;:&quot;0&quot;,&quot;iso&quot;:&quot;0&quot;,&quot;shutter_speed&quot;:&quot;0&quot;,&quot;title&quot;:&quot;&quot;,&quot;orientation&quot;:&quot;0&quot;}\" data-image-title=\"JSG U13\" data-image-description=\"\" data-image-caption=\"\" data-large-file=\"https:\/\/i0.wp.com\/www.jsg-niedergrafschaft.de\/web\/wp-content\/uploads\/2022\/08\/jsg-logo-u13.png?fit=700%2C109&amp;ssl=1\" class=\"wp-image-839\" style=\"width: 200px;\" src=\"https:\/\/i0.wp.com\/www.jsg-niedergrafschaft.de\/web\/wp-content\/uploads\/2022\/08\/jsg-logo-u13.png?resize=200%2C31&#038;ssl=1\" alt=\"\" srcset=\"https:\/\/i0.wp.com\/www.jsg-niedergrafschaft.de\/web\/wp-content\/uploads\/2022\/08\/jsg-logo-u13.png?w=700&amp;ssl=1 700w, https:\/\/i0.wp.com\/www.jsg-niedergrafschaft.de\/web\/wp-content\/uploads\/2022\/08\/jsg-logo-u13.png?resize=300%2C47&amp;ssl=1 300w\" sizes=\"auto, (max-width: 200px) 100vw, 200px\" \/><\/a><\/h2>\n\n\n\n<div class=\"wp-block-columns is-layout-flex wp-container-core-columns-is-layout-9d6595d7 wp-block-columns-is-layout-flex\">\n<div class=\"wp-block-column is-layout-flow wp-block-column-is-layout-flow\">\n<ul class=\"wp-block-list\">\n<li>Fouzi Hussein &#8211; &#x30;&#x31;&#54;2&#x20;&#x38;&#x37;&#48;2&#x33;&#x32;&#x32;<\/li>\n\n\n\n<li><strong>Stefan Nofftz <\/strong>&#8211; &#48;1&#x37;2&#x20;7&#x33;2&#x34;3&#x30;9<\/li>\n\n\n\n<li>Heiko Schoemaker &#8211; &#x30;&#49;&#54;0&#x20;&#x39;&#48;5&#x31;&#x36;&#56;4&#x39;<br><\/li>\n<\/ul>\n<\/div>\n<\/div>\n\n\n\n<h2 class=\"wp-block-heading has-nv-light-bg-background-color has-background\"><img data-recalc-dims=\"1\" loading=\"lazy\" decoding=\"async\" width=\"200\" height=\"31\" data-attachment-id=\"840\" data-permalink=\"https:\/\/www.jsg-niedergrafschaft.de\/web\/die-mannschaften\/u17-22-23\/jsg-logo-u12\/\" data-orig-file=\"https:\/\/i0.wp.com\/www.jsg-niedergrafschaft.de\/web\/wp-content\/uploads\/2022\/08\/jsg-logo-u12.png?fit=700%2C109&amp;ssl=1\" data-orig-size=\"700,109\" data-comments-opened=\"0\" data-image-meta=\"{&quot;aperture&quot;:&quot;0&quot;,&quot;credit&quot;:&quot;&quot;,&quot;camera&quot;:&quot;&quot;,&quot;caption&quot;:&quot;&quot;,&quot;created_timestamp&quot;:&quot;0&quot;,&quot;copyright&quot;:&quot;&quot;,&quot;focal_length&quot;:&quot;0&quot;,&quot;iso&quot;:&quot;0&quot;,&quot;shutter_speed&quot;:&quot;0&quot;,&quot;title&quot;:&quot;&quot;,&quot;orientation&quot;:&quot;0&quot;}\" data-image-title=\"JSG U12\" data-image-description=\"\" data-image-caption=\"\" data-large-file=\"https:\/\/i0.wp.com\/www.jsg-niedergrafschaft.de\/web\/wp-content\/uploads\/2022\/08\/jsg-logo-u12.png?fit=700%2C109&amp;ssl=1\" class=\"wp-image-840\" style=\"width: 200px;\" src=\"https:\/\/i0.wp.com\/www.jsg-niedergrafschaft.de\/web\/wp-content\/uploads\/2022\/08\/jsg-logo-u12.png?resize=200%2C31&#038;ssl=1\" alt=\"\" srcset=\"https:\/\/i0.wp.com\/www.jsg-niedergrafschaft.de\/web\/wp-content\/uploads\/2022\/08\/jsg-logo-u12.png?w=700&amp;ssl=1 700w, https:\/\/i0.wp.com\/www.jsg-niedergrafschaft.de\/web\/wp-content\/uploads\/2022\/08\/jsg-logo-u12.png?resize=300%2C47&amp;ssl=1 300w\" sizes=\"auto, (max-width: 200px) 100vw, 200px\" \/><\/h2>\n\n\n\n<div class=\"wp-block-columns is-layout-flex wp-container-core-columns-is-layout-9d6595d7 wp-block-columns-is-layout-flex\">\n<div class=\"wp-block-column is-layout-flow wp-block-column-is-layout-flow\">\n<ul class=\"wp-block-list\">\n<li><strong>Michael Weggebakker<strong> <\/strong><\/strong>\u2013 &#x30;&#x31;&#x37;&#x33;&#x20;&#x39;&#x33;&#x32;&#x20;&#x33;&#x39;&#x34;&#x35;<\/li>\n\n\n\n<li><strong>Marcel Weggebakker<strong> <\/strong><\/strong>\u2013 &#x30;&#x31;&#55;4&#x20;&#x33;&#55;&#51;8&#x34;&#x31;&#57;<\/li>\n\n\n\n<li>Ruben Weggebakker<\/li>\n<\/ul>\n<\/div>\n<\/div>\n<\/div>\n<\/div>\n\n\n\n<p class=\"has-medium-font-size\"><sub><strong>in alphabetischer Reihenfolge<\/strong><\/sub><\/p>\n\n\n\n<p><\/p>\n\n\n\n<p class=\"has-medium-font-size\"><strong>Weitere Ansprechpartner und die Koordinatoren<\/strong> f\u00fcr die einzelnen Mannschaften findet man <a href=\"https:\/\/www.jsg-niedergrafschaft.de\/web\/ansprechpartner\/kontakt\/\">hier<\/a><\/p>\n\n\n\n<p><\/p>\n\n\n\n<p class=\"has-medium-font-size\"><strong>Berichte f\u00fcr die Homepage oder SocialMedia<\/strong> kann man hier einreichen (kennwortgesch\u00fctzt): <a href=\"https:\/\/www.jsg-niedergrafschaft.de\/web\/berichte\/\" target=\"_blank\" rel=\"noreferrer noopener\">hier klicken<\/a><\/p>\n","protected":false},"excerpt":{"rendered":"<p>Stand 7\/2025 Weitere Ansprechpartner und die Koordinatoren der einzelnen Mannschaften findet man hier in alphabetischer Reihenfolge Weitere Ansprechpartner und die Koordinatoren f\u00fcr die einzelnen Mannschaften findet man hier Berichte f\u00fcr die Homepage oder SocialMedia kann man hier einreichen (kennwortgesch\u00fctzt): hier klicken<\/p>\n","protected":false},"author":1,"featured_media":0,"parent":56,"menu_order":2,"comment_status":"closed","ping_status":"closed","template":"","meta":{"neve_meta_sidebar":"full-width","neve_meta_container":"","neve_meta_enable_content_width":"on","neve_meta_content_width":100,"neve_meta_title_alignment":"","neve_meta_author_avatar":"","neve_post_elements_order":"","neve_meta_disable_header":"","neve_meta_disable_footer":"","neve_meta_disable_title":"","footnotes":""},"class_list":["post-389","page","type-page","status-publish","hentry"],"jetpack_sharing_enabled":true,"_links":{"self":[{"href":"https:\/\/www.jsg-niedergrafschaft.de\/web\/wp-json\/wp\/v2\/pages\/389","targetHints":{"allow":["GET"]}}],"collection":[{"href":"https:\/\/www.jsg-niedergrafschaft.de\/web\/wp-json\/wp\/v2\/pages"}],"about":[{"href":"https:\/\/www.jsg-niedergrafschaft.de\/web\/wp-json\/wp\/v2\/types\/page"}],"author":[{"embeddable":true,"href":"https:\/\/www.jsg-niedergrafschaft.de\/web\/wp-json\/wp\/v2\/users\/1"}],"replies":[{"embeddable":true,"href":"https:\/\/www.jsg-niedergrafschaft.de\/web\/wp-json\/wp\/v2\/comments?post=389"}],"version-history":[{"count":91,"href":"https:\/\/www.jsg-niedergrafschaft.de\/web\/wp-json\/wp\/v2\/pages\/389\/revisions"}],"predecessor-version":[{"id":6753,"href":"https:\/\/www.jsg-niedergrafschaft.de\/web\/wp-json\/wp\/v2\/pages\/389\/revisions\/6753"}],"up":[{"embeddable":true,"href":"https:\/\/www.jsg-niedergrafschaft.de\/web\/wp-json\/wp\/v2\/pages\/56"}],"wp:attachment":[{"href":"https:\/\/www.jsg-niedergrafschaft.de\/web\/wp-json\/wp\/v2\/media?parent=389"}],"curies":[{"name":"wp","href":"https:\/\/api.w.org\/{rel}","templated":true}]}}