{"id":2875,"date":"2023-06-29T20:14:37","date_gmt":"2023-06-29T18:14:37","guid":{"rendered":"https:\/\/www.jsg-niedergrafschaft.de\/web\/?page_id=2875"},"modified":"2025-07-09T15:55:23","modified_gmt":"2025-07-09T13:55:23","slug":"u13-saison-24-25","status":"publish","type":"page","link":"https:\/\/www.jsg-niedergrafschaft.de\/web\/die-mannschaften\/u13-saison-24-25\/","title":{"rendered":"U13 Saison 24\/25"},"content":{"rendered":"\n<p class=\"has-text-align-center\"><img data-recalc-dims=\"1\" loading=\"lazy\" decoding=\"async\" width=\"500\" height=\"78\" data-attachment-id=\"839\" data-permalink=\"https:\/\/www.jsg-niedergrafschaft.de\/web\/die-mannschaften\/u17-22-23\/jsg-logo-u13\/\" data-orig-file=\"https:\/\/i0.wp.com\/www.jsg-niedergrafschaft.de\/web\/wp-content\/uploads\/2022\/08\/jsg-logo-u13.png?fit=700%2C109&amp;ssl=1\" data-orig-size=\"700,109\" data-comments-opened=\"0\" data-image-meta=\"{&quot;aperture&quot;:&quot;0&quot;,&quot;credit&quot;:&quot;&quot;,&quot;camera&quot;:&quot;&quot;,&quot;caption&quot;:&quot;&quot;,&quot;created_timestamp&quot;:&quot;0&quot;,&quot;copyright&quot;:&quot;&quot;,&quot;focal_length&quot;:&quot;0&quot;,&quot;iso&quot;:&quot;0&quot;,&quot;shutter_speed&quot;:&quot;0&quot;,&quot;title&quot;:&quot;&quot;,&quot;orientation&quot;:&quot;0&quot;}\" data-image-title=\"JSG U13\" data-image-description=\"\" data-image-caption=\"\" data-large-file=\"https:\/\/i0.wp.com\/www.jsg-niedergrafschaft.de\/web\/wp-content\/uploads\/2022\/08\/jsg-logo-u13.png?fit=700%2C109&amp;ssl=1\" class=\"wp-image-839\" style=\"width: 500px;\" src=\"https:\/\/i0.wp.com\/www.jsg-niedergrafschaft.de\/web\/wp-content\/uploads\/2022\/08\/jsg-logo-u13.png?resize=500%2C78&#038;ssl=1\" alt=\"\" srcset=\"https:\/\/i0.wp.com\/www.jsg-niedergrafschaft.de\/web\/wp-content\/uploads\/2022\/08\/jsg-logo-u13.png?w=700&amp;ssl=1 700w, https:\/\/i0.wp.com\/www.jsg-niedergrafschaft.de\/web\/wp-content\/uploads\/2022\/08\/jsg-logo-u13.png?resize=300%2C47&amp;ssl=1 300w\" sizes=\"auto, (max-width: 500px) 100vw, 500px\" \/><\/p>\n\n\n<div class=\"wp-block-image\">\n<figure class=\"aligncenter size-large is-resized\"><img data-recalc-dims=\"1\" loading=\"lazy\" decoding=\"async\" width=\"311\" height=\"150\" data-attachment-id=\"332\" data-permalink=\"https:\/\/www.jsg-niedergrafschaft.de\/web\/psx_20200917_202050\/\" data-orig-file=\"https:\/\/i0.wp.com\/www.jsg-niedergrafschaft.de\/web\/wp-content\/uploads\/2020\/09\/PSX_20200917_202050.jpg?fit=311%2C150&amp;ssl=1\" data-orig-size=\"311,150\" data-comments-opened=\"1\" data-image-meta=\"{&quot;aperture&quot;:&quot;0&quot;,&quot;credit&quot;:&quot;&quot;,&quot;camera&quot;:&quot;&quot;,&quot;caption&quot;:&quot;&quot;,&quot;created_timestamp&quot;:&quot;0&quot;,&quot;copyright&quot;:&quot;&quot;,&quot;focal_length&quot;:&quot;0&quot;,&quot;iso&quot;:&quot;0&quot;,&quot;shutter_speed&quot;:&quot;0&quot;,&quot;title&quot;:&quot;&quot;,&quot;orientation&quot;:&quot;0&quot;}\" data-image-title=\"nvb GmbH\" data-image-description=\"\" data-image-caption=\"\" data-large-file=\"https:\/\/i0.wp.com\/www.jsg-niedergrafschaft.de\/web\/wp-content\/uploads\/2020\/09\/PSX_20200917_202050.jpg?fit=311%2C150&amp;ssl=1\" src=\"https:\/\/i0.wp.com\/www.jsg-niedergrafschaft.de\/web\/wp-content\/uploads\/2020\/09\/PSX_20200917_202050.jpg?resize=311%2C150&#038;ssl=1\" alt=\"\" class=\"wp-image-332\" style=\"width:156px;height:75px\" srcset=\"https:\/\/i0.wp.com\/www.jsg-niedergrafschaft.de\/web\/wp-content\/uploads\/2020\/09\/PSX_20200917_202050.jpg?w=311&amp;ssl=1 311w, https:\/\/i0.wp.com\/www.jsg-niedergrafschaft.de\/web\/wp-content\/uploads\/2020\/09\/PSX_20200917_202050.jpg?resize=300%2C145&amp;ssl=1 300w\" sizes=\"auto, (max-width: 311px) 100vw, 311px\" \/><figcaption class=\"wp-element-caption\">Teamsponsor und Pate <br>der U12\/U13<\/figcaption><\/figure>\n<\/div>\n\n\n<hr class=\"wp-block-separator has-alpha-channel-opacity\"\/>\n\n\n\n<div class=\"wp-block-columns is-layout-flex wp-container-core-columns-is-layout-9d6595d7 wp-block-columns-is-layout-flex\">\n<div class=\"wp-block-column is-layout-flow wp-block-column-is-layout-flow\" style=\"flex-basis:66.66%\">\n<h2 class=\"wp-block-heading\">Berichte zur U13 in der Saison 24\/25<\/h2>\n\n\n\n<ul class=\"display-posts-listing\"><li class=\"listing-item\"><a class=\"title\" href=\"https:\/\/www.jsg-niedergrafschaft.de\/web\/jsg-spieltag-13-und-14-juni\/\">JSG-Spieltag 13. und 14. Juni<\/a> <span class=\"date\">16.06.2025<\/span><\/li><li class=\"listing-item\"><a class=\"title\" href=\"https:\/\/www.jsg-niedergrafschaft.de\/web\/u17-verliert-gegen-tabellenzweiten\/\">U17 verliert gegen Tabellenzweiten<\/a> <span class=\"date\">13.06.2025<\/span><\/li><li class=\"listing-item\"><a class=\"title\" href=\"https:\/\/www.jsg-niedergrafschaft.de\/web\/ergebnisse-und-berichte-vom-wochenende\/\">Ergebnisse und Berichte vom Wochenende<\/a> <span class=\"date\">03.06.2025<\/span><\/li><li class=\"listing-item\"><a class=\"title\" href=\"https:\/\/www.jsg-niedergrafschaft.de\/web\/berichte-zu-spielen-vom-24-mai\/\">Berichte zu Spielen vom 27. Mai<\/a> <span class=\"date\">28.05.2025<\/span><\/li><li class=\"listing-item\"><a class=\"title\" href=\"https:\/\/www.jsg-niedergrafschaft.de\/web\/jsg-c2-mit-tollem-spiel-gegen-tabellenfuehrer\/\">JSG C2 mit tollem Spiel gegen Tabellenf\u00fchrer<\/a> <span class=\"date\">14.05.2025<\/span><\/li><li class=\"listing-item\"><a class=\"title\" href=\"https:\/\/www.jsg-niedergrafschaft.de\/web\/jsg-spiele-vom-9-und-10-mai\/\">JSG-Spiele vom 9. und 10. Mai<\/a> <span class=\"date\">11.05.2025<\/span><\/li><li class=\"listing-item\"><a class=\"title\" href=\"https:\/\/www.jsg-niedergrafschaft.de\/web\/berichte-u13-und-u15-vom-dienstag\/\">Berichte U13 und U15 vom Dienstag<\/a> <span class=\"date\">01.05.2025<\/span><\/li><li class=\"listing-item\"><a class=\"title\" href=\"https:\/\/www.jsg-niedergrafschaft.de\/web\/berichte-der-jsg-spiele-vom-25-26-april\/\">Berichte der JSG-Spiele vom 25.\/26. April<\/a> <span class=\"date\">27.04.2025<\/span><\/li><li class=\"listing-item\"><a class=\"title\" href=\"https:\/\/www.jsg-niedergrafschaft.de\/web\/nvb-uebergibt-ausstattung-an-u12-und-u13\/\">NVB \u00fcbergibt Ausstattung an U12 und U13<\/a> <span class=\"date\">09.04.2025<\/span><\/li><li class=\"listing-item\"><a class=\"title\" href=\"https:\/\/www.jsg-niedergrafschaft.de\/web\/die-jsg-spiele-vom-wochenende\/\">Die JSG-Spiele vom Wochenende<\/a> <span class=\"date\">30.03.2025<\/span><\/li><li class=\"listing-item\"><a class=\"title\" href=\"https:\/\/www.jsg-niedergrafschaft.de\/web\/ergebnisse-und-berichte-vom-22-maerz\/\">Ergebnisse und Berichte vom 22. M\u00e4rz<\/a> <span class=\"date\">23.03.2025<\/span><\/li><li class=\"listing-item\"><a class=\"title\" href=\"https:\/\/www.jsg-niedergrafschaft.de\/web\/trainerumfrage-zur-rueckrunde\/\">Trainerumfrage zur R\u00fcckrunde<\/a> <span class=\"date\">21.02.2025<\/span><\/li><li class=\"listing-item\"><a class=\"title\" href=\"https:\/\/www.jsg-niedergrafschaft.de\/web\/berichte-vom-hkm-samstag\/\">Berichte vom HKM-Samstag<\/a> <span class=\"date\">19.01.2025<\/span><\/li><li class=\"listing-item\"><a class=\"title\" href=\"https:\/\/www.jsg-niedergrafschaft.de\/web\/bericht-von-der-hkm-der-u13-und-u19\/\">Bericht von der HKM der U13 und U19<\/a> <span class=\"date\">31.12.2024<\/span><\/li><li class=\"listing-item\"><a class=\"title\" href=\"https:\/\/www.jsg-niedergrafschaft.de\/web\/jsg-bericht-zur-hinrunde-alle-teams\/\">JSG-Bericht zur Hinrunde (alle Teams)<\/a> <span class=\"date\">18.11.2024<\/span><\/li><li class=\"listing-item\"><a class=\"title\" href=\"https:\/\/www.jsg-niedergrafschaft.de\/web\/hallenkreismeisterschaften-2024-2025\/\">Hallenkreismeisterschaften 2024\/2025<\/a> <span class=\"date\">08.11.2024<\/span><\/li><li class=\"listing-item\"><a class=\"title\" href=\"https:\/\/www.jsg-niedergrafschaft.de\/web\/zusammenfassung-vom-2-november\/\">Zusammenfassung vom 2. November<\/a> <span class=\"date\">03.11.2024<\/span><\/li><li class=\"listing-item\"><a class=\"title\" href=\"https:\/\/www.jsg-niedergrafschaft.de\/web\/die-jsg-spiele-vom-25-und-26-oktober\/\">Die JSG-Spiele vom 25. und 26. Oktober<\/a> <span class=\"date\">27.10.2024<\/span><\/li><li class=\"listing-item\"><a class=\"title\" href=\"https:\/\/www.jsg-niedergrafschaft.de\/web\/jsg-spielberichte-vom-27-28-september\/\">JSG-Spielberichte vom 27.\/28. September<\/a> <span class=\"date\">29.09.2024<\/span><\/li><li class=\"listing-item\"><a class=\"title\" href=\"https:\/\/www.jsg-niedergrafschaft.de\/web\/berichte-von-jsg-spielen-vom-19-09-bis-21-09\/\">Berichte von JSG-Spielen vom 19.09. bis 21.09.<\/a> <span class=\"date\">23.09.2024<\/span><\/li><li class=\"listing-item\"><a class=\"title\" href=\"https:\/\/www.jsg-niedergrafschaft.de\/web\/die-jsg-spiele-vom-12-09-bis-14-09\/\">Die JSG-Spiele vom 12.09. bis 14.09.<\/a> <span class=\"date\">16.09.2024<\/span><\/li><li class=\"listing-item\"><a class=\"title\" href=\"https:\/\/www.jsg-niedergrafschaft.de\/web\/die-jsg-spiele-in-dieser-woche-kw-36\/\">Die JSG-Spiele in dieser Woche (KW 36)<\/a> <span class=\"date\">08.09.2024<\/span><\/li><li class=\"listing-item\"><a class=\"title\" href=\"https:\/\/www.jsg-niedergrafschaft.de\/web\/die-jsg-spiele-vom-30-und-31-august\/\">Die JSG-Spiele vom 30. und 31. August<\/a> <span class=\"date\">31.08.2024<\/span><\/li><li class=\"listing-item\"><a class=\"title\" href=\"https:\/\/www.jsg-niedergrafschaft.de\/web\/die-jsg-spiele-vom-24-august\/\">Die JSG-Spiele vom 24. August<\/a> <span class=\"date\">25.08.2024<\/span><\/li><li class=\"listing-item\"><a class=\"title\" href=\"https:\/\/www.jsg-niedergrafschaft.de\/web\/die-u13-im-pokal-eine-runde-weiter\/\">Die U13 im Pokal eine Runde weiter<\/a> <span class=\"date\">20.08.2024<\/span><\/li><li class=\"listing-item\"><a class=\"title\" href=\"https:\/\/www.jsg-niedergrafschaft.de\/web\/die-jsg-spiele-vom-14-08-bis-17-08\/\">Die JSG-Spiele vom 14.08. bis 17.08.<\/a> <span class=\"date\">18.08.2024<\/span><\/li><\/ul>\n\n\n\n<p><\/p>\n\n\n\n<p><\/p>\n<\/div>\n\n\n\n<div class=\"wp-block-column has-nv-light-bg-background-color has-background is-layout-flow wp-block-column-is-layout-flow\" style=\"flex-basis:33.33%\">\n<h2 class=\"wp-block-heading\">Trainerteam 24\/25<\/h2>\n\n\n\n<p><strong>Heiko V\u00f6lkerink<\/strong>&nbsp;<br>Nick L\u00fcbbers<br>Finn Kampherbeek<br>J\u00f6rg Kampherbeek<\/p>\n\n\n\n<h2 class=\"wp-block-heading\">Zust\u00e4ndigkeit<br> <img data-recalc-dims=\"1\" loading=\"lazy\" decoding=\"async\" width=\"50\" height=\"48\" data-attachment-id=\"1097\" data-permalink=\"https:\/\/www.jsg-niedergrafschaft.de\/web\/die-mannschaften\/u13-22-23\/gsv-logo\/\" data-orig-file=\"https:\/\/i0.wp.com\/www.jsg-niedergrafschaft.de\/web\/wp-content\/uploads\/2022\/09\/gsv-logo.png?fit=221%2C212&amp;ssl=1\" data-orig-size=\"221,212\" data-comments-opened=\"1\" data-image-meta=\"{&quot;aperture&quot;:&quot;0&quot;,&quot;credit&quot;:&quot;&quot;,&quot;camera&quot;:&quot;&quot;,&quot;caption&quot;:&quot;&quot;,&quot;created_timestamp&quot;:&quot;0&quot;,&quot;copyright&quot;:&quot;&quot;,&quot;focal_length&quot;:&quot;0&quot;,&quot;iso&quot;:&quot;0&quot;,&quot;shutter_speed&quot;:&quot;0&quot;,&quot;title&quot;:&quot;&quot;,&quot;orientation&quot;:&quot;0&quot;}\" data-image-title=\"gsv-logo\" data-image-description=\"\" data-image-caption=\"\" data-large-file=\"https:\/\/i0.wp.com\/www.jsg-niedergrafschaft.de\/web\/wp-content\/uploads\/2022\/09\/gsv-logo.png?fit=221%2C212&amp;ssl=1\" class=\"wp-image-1097\" style=\"width: 50px;\" src=\"https:\/\/i0.wp.com\/www.jsg-niedergrafschaft.de\/web\/wp-content\/uploads\/2022\/09\/gsv-logo.png?resize=50%2C48&#038;ssl=1\" alt=\"\"><\/h2>\n<\/div>\n<\/div>\n\n\n\n<hr class=\"wp-block-separator has-alpha-channel-opacity\"\/>\n\n\n\n<h3 class=\"wp-block-heading\">Mannschaftsfoto und Kader 24\/25 <\/h3>\n\n\n\n<figure class=\"wp-block-image size-full\"><img data-recalc-dims=\"1\" loading=\"lazy\" decoding=\"async\" width=\"1200\" height=\"675\" data-attachment-id=\"5269\" data-permalink=\"https:\/\/www.jsg-niedergrafschaft.de\/web\/die-mannschaften\/u13-saison-24-25\/u13-teamfoto-2023-2024-mit-text-oben\/\" data-orig-file=\"https:\/\/i0.wp.com\/www.jsg-niedergrafschaft.de\/web\/wp-content\/uploads\/2024\/08\/U13-Teamfoto-2023-2024-mit-Text-oben.jpg?fit=1500%2C844&amp;ssl=1\" data-orig-size=\"1500,844\" data-comments-opened=\"0\" data-image-meta=\"{&quot;aperture&quot;:&quot;1.6&quot;,&quot;credit&quot;:&quot;&quot;,&quot;camera&quot;:&quot;iPhone 13&quot;,&quot;caption&quot;:&quot;&quot;,&quot;created_timestamp&quot;:&quot;1723139691&quot;,&quot;copyright&quot;:&quot;&quot;,&quot;focal_length&quot;:&quot;5.1&quot;,&quot;iso&quot;:&quot;50&quot;,&quot;shutter_speed&quot;:&quot;0.0028818443804035&quot;,&quot;title&quot;:&quot;&quot;,&quot;orientation&quot;:&quot;1&quot;}\" data-image-title=\"U13-Teamfoto-2023-2024-mit-Text-oben\" data-image-description=\"\" data-image-caption=\"\" data-large-file=\"https:\/\/i0.wp.com\/www.jsg-niedergrafschaft.de\/web\/wp-content\/uploads\/2024\/08\/U13-Teamfoto-2023-2024-mit-Text-oben.jpg?fit=1024%2C576&amp;ssl=1\" src=\"https:\/\/i0.wp.com\/www.jsg-niedergrafschaft.de\/web\/wp-content\/uploads\/2024\/08\/U13-Teamfoto-2023-2024-mit-Text-oben.jpg?resize=1200%2C675&#038;ssl=1\" alt=\"\" class=\"wp-image-5269\" srcset=\"https:\/\/i0.wp.com\/www.jsg-niedergrafschaft.de\/web\/wp-content\/uploads\/2024\/08\/U13-Teamfoto-2023-2024-mit-Text-oben.jpg?w=1500&amp;ssl=1 1500w, https:\/\/i0.wp.com\/www.jsg-niedergrafschaft.de\/web\/wp-content\/uploads\/2024\/08\/U13-Teamfoto-2023-2024-mit-Text-oben.jpg?resize=300%2C169&amp;ssl=1 300w, https:\/\/i0.wp.com\/www.jsg-niedergrafschaft.de\/web\/wp-content\/uploads\/2024\/08\/U13-Teamfoto-2023-2024-mit-Text-oben.jpg?resize=1024%2C576&amp;ssl=1 1024w, https:\/\/i0.wp.com\/www.jsg-niedergrafschaft.de\/web\/wp-content\/uploads\/2024\/08\/U13-Teamfoto-2023-2024-mit-Text-oben.jpg?resize=768%2C432&amp;ssl=1 768w\" sizes=\"auto, (max-width: 1200px) 100vw, 1200px\" \/><figcaption class=\"wp-element-caption\"><strong>JSG U13 Saison &#8211; 2024\/2025<\/strong><br><strong>oben vlnr:<\/strong> Justus Baarlink, Malte Reins, Joe Slikkers, Fabian Stroeve, Till Zwafelink, Maximilian Knuth<br><strong>unten vlnr:<\/strong> Enno Breman, Levin Eylering, Elian Assen, Carsten Kruit, Mats Wolbert, Trainer Heiko V\u00f6lkerink<br><strong>es fehlen:<\/strong> Trainer Nick L\u00fcbbers, Finn Kampherbeek<\/figcaption><\/figure>\n\n\n\n<hr class=\"wp-block-separator has-alpha-channel-opacity\"\/>\n\n\n\n<h3 class=\"wp-block-heading\">D-Jugend &#8211; Kreisliga Saison 24\/25<\/h3>\n\n\n\n<figure class=\"wp-block-image size-large\"><img data-recalc-dims=\"1\" loading=\"lazy\" decoding=\"async\" width=\"1024\" height=\"511\" data-attachment-id=\"6706\" data-permalink=\"https:\/\/www.jsg-niedergrafschaft.de\/web\/die-mannschaften\/u13-saison-24-25\/image-320\/\" data-orig-file=\"https:\/\/i0.wp.com\/www.jsg-niedergrafschaft.de\/web\/wp-content\/uploads\/2025\/07\/image-4.png?fit=1192%2C595&amp;ssl=1\" data-orig-size=\"1192,595\" data-comments-opened=\"0\" data-image-meta=\"{&quot;aperture&quot;:&quot;0&quot;,&quot;credit&quot;:&quot;&quot;,&quot;camera&quot;:&quot;&quot;,&quot;caption&quot;:&quot;&quot;,&quot;created_timestamp&quot;:&quot;0&quot;,&quot;copyright&quot;:&quot;&quot;,&quot;focal_length&quot;:&quot;0&quot;,&quot;iso&quot;:&quot;0&quot;,&quot;shutter_speed&quot;:&quot;0&quot;,&quot;title&quot;:&quot;&quot;,&quot;orientation&quot;:&quot;0&quot;}\" data-image-title=\"image\" data-image-description=\"\" data-image-caption=\"\" data-large-file=\"https:\/\/i0.wp.com\/www.jsg-niedergrafschaft.de\/web\/wp-content\/uploads\/2025\/07\/image-4.png?fit=1024%2C511&amp;ssl=1\" src=\"https:\/\/i0.wp.com\/www.jsg-niedergrafschaft.de\/web\/wp-content\/uploads\/2025\/07\/image-4.png?resize=1024%2C511&#038;ssl=1\" alt=\"\" class=\"wp-image-6706\" srcset=\"https:\/\/i0.wp.com\/www.jsg-niedergrafschaft.de\/web\/wp-content\/uploads\/2025\/07\/image-4.png?resize=1024%2C511&amp;ssl=1 1024w, https:\/\/i0.wp.com\/www.jsg-niedergrafschaft.de\/web\/wp-content\/uploads\/2025\/07\/image-4.png?resize=300%2C150&amp;ssl=1 300w, https:\/\/i0.wp.com\/www.jsg-niedergrafschaft.de\/web\/wp-content\/uploads\/2025\/07\/image-4.png?resize=768%2C383&amp;ssl=1 768w, https:\/\/i0.wp.com\/www.jsg-niedergrafschaft.de\/web\/wp-content\/uploads\/2025\/07\/image-4.png?w=1192&amp;ssl=1 1192w\" sizes=\"auto, (max-width: 1024px) 100vw, 1024px\" \/><figcaption class=\"wp-element-caption\">Tabelle D-Junioren &#8211; Kreisliga R\u00fcckrunde &#8211; Meisterrunde Emsland\/Bentheim &#8211; Saison 2024\/2025<\/figcaption><\/figure>\n\n\n\n<p><\/p>\n","protected":false},"excerpt":{"rendered":"<p>Berichte zur U13 in der Saison 24\/25 Trainerteam 24\/25 Heiko V\u00f6lkerink&nbsp;Nick L\u00fcbbersFinn KampherbeekJ\u00f6rg Kampherbeek Zust\u00e4ndigkeit Mannschaftsfoto und Kader 24\/25 D-Jugend &#8211; Kreisliga Saison 24\/25<\/p>\n","protected":false},"author":3,"featured_media":839,"parent":61,"menu_order":4,"comment_status":"closed","ping_status":"closed","template":"","meta":{"neve_meta_sidebar":"full-width","neve_meta_container":"","neve_meta_enable_content_width":"on","neve_meta_content_width":100,"neve_meta_title_alignment":"","neve_meta_author_avatar":"","neve_post_elements_order":"","neve_meta_disable_header":"","neve_meta_disable_footer":"","neve_meta_disable_title":"on","footnotes":""},"class_list":["post-2875","page","type-page","status-publish","has-post-thumbnail","hentry"],"jetpack_sharing_enabled":true,"_links":{"self":[{"href":"https:\/\/www.jsg-niedergrafschaft.de\/web\/wp-json\/wp\/v2\/pages\/2875","targetHints":{"allow":["GET"]}}],"collection":[{"href":"https:\/\/www.jsg-niedergrafschaft.de\/web\/wp-json\/wp\/v2\/pages"}],"about":[{"href":"https:\/\/www.jsg-niedergrafschaft.de\/web\/wp-json\/wp\/v2\/types\/page"}],"author":[{"embeddable":true,"href":"https:\/\/www.jsg-niedergrafschaft.de\/web\/wp-json\/wp\/v2\/users\/3"}],"replies":[{"embeddable":true,"href":"https:\/\/www.jsg-niedergrafschaft.de\/web\/wp-json\/wp\/v2\/comments?post=2875"}],"version-history":[{"count":24,"href":"https:\/\/www.jsg-niedergrafschaft.de\/web\/wp-json\/wp\/v2\/pages\/2875\/revisions"}],"predecessor-version":[{"id":6720,"href":"https:\/\/www.jsg-niedergrafschaft.de\/web\/wp-json\/wp\/v2\/pages\/2875\/revisions\/6720"}],"up":[{"embeddable":true,"href":"https:\/\/www.jsg-niedergrafschaft.de\/web\/wp-json\/wp\/v2\/pages\/61"}],"wp:featuredmedia":[{"embeddable":true,"href":"https:\/\/www.jsg-niedergrafschaft.de\/web\/wp-json\/wp\/v2\/media\/839"}],"wp:attachment":[{"href":"https:\/\/www.jsg-niedergrafschaft.de\/web\/wp-json\/wp\/v2\/media?parent=2875"}],"curies":[{"name":"wp","href":"https:\/\/api.w.org\/{rel}","templated":true}]}}