{"id":2863,"date":"2023-06-29T16:23:01","date_gmt":"2023-06-29T14:23:01","guid":{"rendered":"https:\/\/www.jsg-niedergrafschaft.de\/web\/?page_id=2863"},"modified":"2025-07-09T15:52:23","modified_gmt":"2025-07-09T13:52:23","slug":"u15-saison-24-25","status":"publish","type":"page","link":"https:\/\/www.jsg-niedergrafschaft.de\/web\/die-mannschaften\/u15-saison-24-25\/","title":{"rendered":"U15 Saison 24\/25"},"content":{"rendered":"\n<p class=\"has-text-align-center\"><img data-recalc-dims=\"1\" loading=\"lazy\" decoding=\"async\" width=\"500\" height=\"78\" data-attachment-id=\"838\" data-permalink=\"https:\/\/www.jsg-niedergrafschaft.de\/web\/die-mannschaften\/u17-22-23\/jsg-logo-u15\/\" data-orig-file=\"https:\/\/i0.wp.com\/www.jsg-niedergrafschaft.de\/web\/wp-content\/uploads\/2022\/08\/jsg-logo-u15.png?fit=700%2C109&amp;ssl=1\" data-orig-size=\"700,109\" data-comments-opened=\"0\" data-image-meta=\"{&quot;aperture&quot;:&quot;0&quot;,&quot;credit&quot;:&quot;&quot;,&quot;camera&quot;:&quot;&quot;,&quot;caption&quot;:&quot;&quot;,&quot;created_timestamp&quot;:&quot;0&quot;,&quot;copyright&quot;:&quot;&quot;,&quot;focal_length&quot;:&quot;0&quot;,&quot;iso&quot;:&quot;0&quot;,&quot;shutter_speed&quot;:&quot;0&quot;,&quot;title&quot;:&quot;&quot;,&quot;orientation&quot;:&quot;0&quot;}\" data-image-title=\"JSG U15\" data-image-description=\"\" data-image-caption=\"\" data-large-file=\"https:\/\/i0.wp.com\/www.jsg-niedergrafschaft.de\/web\/wp-content\/uploads\/2022\/08\/jsg-logo-u15.png?fit=700%2C109&amp;ssl=1\" class=\"wp-image-838\" style=\"width: 500px;\" src=\"https:\/\/i0.wp.com\/www.jsg-niedergrafschaft.de\/web\/wp-content\/uploads\/2022\/08\/jsg-logo-u15.png?resize=500%2C78&#038;ssl=1\" alt=\"\" srcset=\"https:\/\/i0.wp.com\/www.jsg-niedergrafschaft.de\/web\/wp-content\/uploads\/2022\/08\/jsg-logo-u15.png?w=700&amp;ssl=1 700w, https:\/\/i0.wp.com\/www.jsg-niedergrafschaft.de\/web\/wp-content\/uploads\/2022\/08\/jsg-logo-u15.png?resize=300%2C47&amp;ssl=1 300w\" sizes=\"auto, (max-width: 500px) 100vw, 500px\" \/><\/p>\n\n\n\n<div class=\"wp-block-columns is-layout-flex wp-container-core-columns-is-layout-9d6595d7 wp-block-columns-is-layout-flex\">\n<div class=\"wp-block-column is-layout-flow wp-block-column-is-layout-flow\"><div class=\"wp-block-image\">\n<figure class=\"aligncenter size-large is-resized\"><a href=\"http:\/\/www.grafschafter-volksbank.de\"><img data-recalc-dims=\"1\" loading=\"lazy\" decoding=\"async\" width=\"1000\" height=\"196\" data-attachment-id=\"329\" data-permalink=\"https:\/\/www.jsg-niedergrafschaft.de\/web\/layout-2\/\" data-orig-file=\"https:\/\/i0.wp.com\/www.jsg-niedergrafschaft.de\/web\/wp-content\/uploads\/2020\/09\/JSG_Grafschafter-Volksbank.jpg?fit=1000%2C196&amp;ssl=1\" data-orig-size=\"1000,196\" data-comments-opened=\"1\" data-image-meta=\"{&quot;aperture&quot;:&quot;0&quot;,&quot;credit&quot;:&quot;&quot;,&quot;camera&quot;:&quot;&quot;,&quot;caption&quot;:&quot;&quot;,&quot;created_timestamp&quot;:&quot;0&quot;,&quot;copyright&quot;:&quot;&quot;,&quot;focal_length&quot;:&quot;0&quot;,&quot;iso&quot;:&quot;0&quot;,&quot;shutter_speed&quot;:&quot;0&quot;,&quot;title&quot;:&quot;Layout 2&quot;,&quot;orientation&quot;:&quot;1&quot;}\" data-image-title=\"Grafschafter Volksbank eG\" data-image-description=\"\" data-image-caption=\"\" data-large-file=\"https:\/\/i0.wp.com\/www.jsg-niedergrafschaft.de\/web\/wp-content\/uploads\/2020\/09\/JSG_Grafschafter-Volksbank.jpg?fit=1000%2C196&amp;ssl=1\" src=\"https:\/\/i0.wp.com\/www.jsg-niedergrafschaft.de\/web\/wp-content\/uploads\/2020\/09\/JSG_Grafschafter-Volksbank.jpg?resize=1000%2C196&#038;ssl=1\" alt=\"\" class=\"wp-image-329\" style=\"width:250px;height:49px\" srcset=\"https:\/\/i0.wp.com\/www.jsg-niedergrafschaft.de\/web\/wp-content\/uploads\/2020\/09\/JSG_Grafschafter-Volksbank.jpg?w=1000&amp;ssl=1 1000w, https:\/\/i0.wp.com\/www.jsg-niedergrafschaft.de\/web\/wp-content\/uploads\/2020\/09\/JSG_Grafschafter-Volksbank.jpg?resize=300%2C59&amp;ssl=1 300w, https:\/\/i0.wp.com\/www.jsg-niedergrafschaft.de\/web\/wp-content\/uploads\/2020\/09\/JSG_Grafschafter-Volksbank.jpg?resize=768%2C151&amp;ssl=1 768w\" sizes=\"auto, (max-width: 1000px) 100vw, 1000px\" \/><\/a><figcaption class=\"wp-element-caption\"><em><sup>Teamsponsor und Pate der U15<\/sup><\/em><\/figcaption><\/figure>\n<\/div><\/div>\n\n\n\n<div class=\"wp-block-column is-layout-flow wp-block-column-is-layout-flow\"><div class=\"wp-block-image\">\n<figure class=\"aligncenter size-large is-resized\"><a href=\"https:\/\/www.voba-niedergrafschaft.de\"><img data-recalc-dims=\"1\" loading=\"lazy\" decoding=\"async\" width=\"826\" height=\"142\" data-attachment-id=\"331\" data-permalink=\"https:\/\/www.jsg-niedergrafschaft.de\/web\/die-unterstuetzer\/layout-1-3\/\" data-orig-file=\"https:\/\/i0.wp.com\/www.jsg-niedergrafschaft.de\/web\/wp-content\/uploads\/2020\/09\/JSG_Volksbank-Niedergrafschaft-1-e1600685508812.jpg?fit=826%2C142&amp;ssl=1\" data-orig-size=\"826,142\" data-comments-opened=\"1\" data-image-meta=\"{&quot;aperture&quot;:&quot;0&quot;,&quot;credit&quot;:&quot;yf64zd8&quot;,&quot;camera&quot;:&quot;&quot;,&quot;caption&quot;:&quot;&quot;,&quot;created_timestamp&quot;:&quot;0&quot;,&quot;copyright&quot;:&quot;&quot;,&quot;focal_length&quot;:&quot;0&quot;,&quot;iso&quot;:&quot;0&quot;,&quot;shutter_speed&quot;:&quot;0&quot;,&quot;title&quot;:&quot;Layout 1&quot;,&quot;orientation&quot;:&quot;1&quot;}\" data-image-title=\"Layout 1\" data-image-description=\"\" data-image-caption=\"\" data-large-file=\"https:\/\/i0.wp.com\/www.jsg-niedergrafschaft.de\/web\/wp-content\/uploads\/2020\/09\/JSG_Volksbank-Niedergrafschaft-1-e1600685508812.jpg?fit=826%2C142&amp;ssl=1\" src=\"https:\/\/i0.wp.com\/www.jsg-niedergrafschaft.de\/web\/wp-content\/uploads\/2020\/09\/JSG_Volksbank-Niedergrafschaft-1-e1600685508812.jpg?resize=826%2C142&#038;ssl=1\" alt=\"\" class=\"wp-image-331\" style=\"width:333px;height:57px\" srcset=\"https:\/\/i0.wp.com\/www.jsg-niedergrafschaft.de\/web\/wp-content\/uploads\/2020\/09\/JSG_Volksbank-Niedergrafschaft-1-e1600685508812.jpg?w=826&amp;ssl=1 826w, https:\/\/i0.wp.com\/www.jsg-niedergrafschaft.de\/web\/wp-content\/uploads\/2020\/09\/JSG_Volksbank-Niedergrafschaft-1-e1600685508812.jpg?resize=300%2C52&amp;ssl=1 300w, https:\/\/i0.wp.com\/www.jsg-niedergrafschaft.de\/web\/wp-content\/uploads\/2020\/09\/JSG_Volksbank-Niedergrafschaft-1-e1600685508812.jpg?resize=768%2C132&amp;ssl=1 768w\" sizes=\"auto, (max-width: 826px) 100vw, 826px\" \/><\/a><figcaption class=\"wp-element-caption\"><em><sup>Teamsponsor und Pate der U15<\/sup><\/em><\/figcaption><\/figure>\n<\/div><\/div>\n<\/div>\n\n\n\n<hr class=\"wp-block-separator has-alpha-channel-opacity\"\/>\n\n\n\n<div class=\"wp-block-columns is-layout-flex wp-container-core-columns-is-layout-9d6595d7 wp-block-columns-is-layout-flex\">\n<div class=\"wp-block-column is-layout-flow wp-block-column-is-layout-flow\" style=\"flex-basis:66.66%\">\n<h2 class=\"wp-block-heading\">Berichte zur U15 in der Saison 24\/25<\/h2>\n\n\n\n<p><ul class=\"display-posts-listing\"><li class=\"listing-item\"><a class=\"title\" href=\"https:\/\/www.jsg-niedergrafschaft.de\/web\/jsg-spieltag-13-und-14-juni\/\">JSG-Spieltag 13. und 14. Juni<\/a> <span class=\"date\">16.06.2025<\/span><\/li><li class=\"listing-item\"><a class=\"title\" href=\"https:\/\/www.jsg-niedergrafschaft.de\/web\/ergebnisse-und-berichte-vom-wochenende\/\">Ergebnisse und Berichte vom Wochenende<\/a> <span class=\"date\">03.06.2025<\/span><\/li><li class=\"listing-item\"><a class=\"title\" href=\"https:\/\/www.jsg-niedergrafschaft.de\/web\/teampaten-uebergeben-ausstattung-an-u15\/\">Teampaten \u00fcbergeben Ausstattung an U15<\/a> <span class=\"date\">26.05.2025<\/span><\/li><li class=\"listing-item\"><a class=\"title\" href=\"https:\/\/www.jsg-niedergrafschaft.de\/web\/berichte-der-jsg-spiele-vom-24-mai\/\">Berichte der JSG-Spiele vom 24. Mai<\/a> <span class=\"date\">25.05.2025<\/span><\/li><li class=\"listing-item\"><a class=\"title\" href=\"https:\/\/www.jsg-niedergrafschaft.de\/web\/jsg-spiele-vom-17-18-mai\/\">JSG-Spiele vom 17.\/18. Mai<\/a> <span class=\"date\">18.05.2025<\/span><\/li><li class=\"listing-item\"><a class=\"title\" href=\"https:\/\/www.jsg-niedergrafschaft.de\/web\/jsg-spiele-vom-9-und-10-mai\/\">JSG-Spiele vom 9. und 10. Mai<\/a> <span class=\"date\">11.05.2025<\/span><\/li><li class=\"listing-item\"><a class=\"title\" href=\"https:\/\/www.jsg-niedergrafschaft.de\/web\/berichte-der-jsg-spiele-vom-2-bis-7-mai\/\">Berichte der JSG-Spiele vom 2. bis 7. Mai<\/a> <span class=\"date\">08.05.2025<\/span><\/li><li class=\"listing-item\"><a class=\"title\" href=\"https:\/\/www.jsg-niedergrafschaft.de\/web\/berichte-u13-und-u15-vom-dienstag\/\">Berichte U13 und U15 vom Dienstag<\/a> <span class=\"date\">01.05.2025<\/span><\/li><li class=\"listing-item\"><a class=\"title\" href=\"https:\/\/www.jsg-niedergrafschaft.de\/web\/berichte-der-jsg-spiele-vom-25-26-april\/\">Berichte der JSG-Spiele vom 25.\/26. April<\/a> <span class=\"date\">27.04.2025<\/span><\/li><li class=\"listing-item\"><a class=\"title\" href=\"https:\/\/www.jsg-niedergrafschaft.de\/web\/u15-beim-fc-emmen\/\">U15 beim FC Emmen<\/a> <span class=\"date\">18.03.2025<\/span><\/li><li class=\"listing-item\"><a class=\"title\" href=\"https:\/\/www.jsg-niedergrafschaft.de\/web\/spielberichte-jsg-spiele-vom-14-15-maerz\/\">Spielberichte JSG-Spiele vom 14.\/15. M\u00e4rz<\/a> <span class=\"date\">16.03.2025<\/span><\/li><li class=\"listing-item\"><a class=\"title\" href=\"https:\/\/www.jsg-niedergrafschaft.de\/web\/berichte-der-jsg-spiele-vom-7-maerz\/\">Berichte der JSG-Spiele vom 7. M\u00e4rz<\/a> <span class=\"date\">09.03.2025<\/span><\/li><li class=\"listing-item\"><a class=\"title\" href=\"https:\/\/www.jsg-niedergrafschaft.de\/web\/u15-verliert-in-laxten\/\">U15 verliert in Laxten<\/a> <span class=\"date\">03.03.2025<\/span><\/li><li class=\"listing-item\"><a class=\"title\" href=\"https:\/\/www.jsg-niedergrafschaft.de\/web\/u15-mit-toller-leistung-im-bezirkspokal-halbfinale\/\">U15 mit toller Leistung im Bezirkspokal-Halbfinale<\/a> <span class=\"date\">24.02.2025<\/span><\/li><li class=\"listing-item\"><a class=\"title\" href=\"https:\/\/www.jsg-niedergrafschaft.de\/web\/trainerumfrage-zur-rueckrunde\/\">Trainerumfrage zur R\u00fcckrunde<\/a> <span class=\"date\">21.02.2025<\/span><\/li><li class=\"listing-item\"><a class=\"title\" href=\"https:\/\/www.jsg-niedergrafschaft.de\/web\/halbfinale-bezirkspokal-gegen-vfb-oldenburg\/\">Halbfinale im Bezirkspokal gegen VfB Oldenburg<\/a> <span class=\"date\">18.02.2025<\/span><\/li><li class=\"listing-item\"><a class=\"title\" href=\"https:\/\/www.jsg-niedergrafschaft.de\/web\/berichte-von-der-hkm-teil-2\/\">Berichte von der HKM &#8211; Teil 2<\/a> <span class=\"date\">21.01.2025<\/span><\/li><li class=\"listing-item\"><a class=\"title\" href=\"https:\/\/www.jsg-niedergrafschaft.de\/web\/u15-erfolgreich-beim-turnier-von-vfl-we-nordhorn\/\">U15 erfolgreich beim Turnier von VfL WE Nordhorn<\/a> <span class=\"date\">13.01.2025<\/span><\/li><li class=\"listing-item\"><a class=\"title\" href=\"https:\/\/www.jsg-niedergrafschaft.de\/web\/u15-euregio-cup-in-zwei-hallen-mit-18-mannschaften\/\">U15 Euregio-Cup in zwei Hallen mit 18 Mannschaften<\/a> <span class=\"date\">31.12.2024<\/span><\/li><li class=\"listing-item\"><a class=\"title\" href=\"https:\/\/www.jsg-niedergrafschaft.de\/web\/u15-nimmt-an-zwei-turnieren-teil\/\">U15 nimmt an zwei Turnieren teil<\/a> <span class=\"date\">23.12.2024<\/span><\/li><li class=\"listing-item\"><a class=\"title\" href=\"https:\/\/www.jsg-niedergrafschaft.de\/web\/jsg-veranstaltet-zwei-internationale-hallenturniere\/\">JSG veranstaltet zwei internationale Hallenturniere<\/a> <span class=\"date\">17.12.2024<\/span><\/li><li class=\"listing-item\"><a class=\"title\" href=\"https:\/\/www.jsg-niedergrafschaft.de\/web\/u15-zieht-in-halbfinale-bezirkspokal-ein\/\">U15 zieht in Halbfinale Bezirkspokal ein<\/a> <span class=\"date\">06.12.2024<\/span><\/li><li class=\"listing-item\"><a class=\"title\" href=\"https:\/\/www.jsg-niedergrafschaft.de\/web\/spielbericht-jsg-u15-gegen-sc-spelle-venhaus\/\">Spielbericht JSG U15 gegen SC Spelle-Venhaus<\/a> <span class=\"date\">01.12.2024<\/span><\/li><li class=\"listing-item\"><a class=\"title\" href=\"https:\/\/www.jsg-niedergrafschaft.de\/web\/spielbericht-schuettorf-09-c1-gegen-jsg-u15\/\">Spielbericht Sch\u00fcttorf 09 C1 gegen JSG U15<\/a> <span class=\"date\">24.11.2024<\/span><\/li><li class=\"listing-item\"><a class=\"title\" href=\"https:\/\/www.jsg-niedergrafschaft.de\/web\/jsg-bericht-zur-hinrunde-alle-teams\/\">JSG-Bericht zur Hinrunde (alle Teams)<\/a> <span class=\"date\">18.11.2024<\/span><\/li><li class=\"listing-item\"><a class=\"title\" href=\"https:\/\/www.jsg-niedergrafschaft.de\/web\/die-berichte-vom-16-november\/\">Die Berichte vom 16. November<\/a> <span class=\"date\">17.11.2024<\/span><\/li><li class=\"listing-item\"><a class=\"title\" href=\"https:\/\/www.jsg-niedergrafschaft.de\/web\/zusammenfassung-der-samstags-spiele\/\">Zusammenfassung der Samstags-Spiele<\/a> <span class=\"date\">10.11.2024<\/span><\/li><li class=\"listing-item\"><a class=\"title\" href=\"https:\/\/www.jsg-niedergrafschaft.de\/web\/hallenkreismeisterschaften-2024-2025\/\">Hallenkreismeisterschaften 2024\/2025<\/a> <span class=\"date\">08.11.2024<\/span><\/li><li class=\"listing-item\"><a class=\"title\" href=\"https:\/\/www.jsg-niedergrafschaft.de\/web\/zusammenfassung-vom-2-november\/\">Zusammenfassung vom 2. November<\/a> <span class=\"date\">03.11.2024<\/span><\/li><li class=\"listing-item\"><a class=\"title\" href=\"https:\/\/www.jsg-niedergrafschaft.de\/web\/die-jsg-spiele-vom-25-und-26-oktober\/\">Die JSG-Spiele vom 25. und 26. Oktober<\/a> <span class=\"date\">27.10.2024<\/span><\/li><li class=\"listing-item\"><a class=\"title\" href=\"https:\/\/www.jsg-niedergrafschaft.de\/web\/u15-gewinnt-bezirkspokal-spiel\/\">U15 gewinnt Bezirkspokal-Spiel<\/a> <span class=\"date\">25.10.2024<\/span><\/li><li class=\"listing-item\"><a class=\"title\" href=\"https:\/\/www.jsg-niedergrafschaft.de\/web\/besuch-bei-der-emsland-group-in-emlichheim\/\">Besuch bei der Emsland-Group in Emlichheim<\/a> <span class=\"date\">23.10.2024<\/span><\/li><li class=\"listing-item\"><a class=\"title\" href=\"https:\/\/www.jsg-niedergrafschaft.de\/web\/jsg-spielberichte-vom-27-28-september\/\">JSG-Spielberichte vom 27.\/28. September<\/a> <span class=\"date\">29.09.2024<\/span><\/li><li class=\"listing-item\"><a class=\"title\" href=\"https:\/\/www.jsg-niedergrafschaft.de\/web\/berichte-von-jsg-spielen-vom-19-09-bis-21-09\/\">Berichte von JSG-Spielen vom 19.09. bis 21.09.<\/a> <span class=\"date\">23.09.2024<\/span><\/li><li class=\"listing-item\"><a class=\"title\" href=\"https:\/\/www.jsg-niedergrafschaft.de\/web\/die-jsg-spiele-vom-12-09-bis-14-09\/\">Die JSG-Spiele vom 12.09. bis 14.09.<\/a> <span class=\"date\">16.09.2024<\/span><\/li><\/ul><br><br><\/p>\n<\/div>\n\n\n\n<div class=\"wp-block-column has-nv-light-bg-background-color has-background is-layout-flow wp-block-column-is-layout-flow\" style=\"flex-basis:33.33%\">\n<h2 class=\"wp-block-heading\">Trainerteam 24\/25<\/h2>\n\n\n\n<p>Hartmut Beerlink <br>Rudi Boukamp (Betreuer)<br><strong>J\u00fcrgen Gosink <\/strong><br>Gebhard L\u00fcbbers (Koordinator)<br>Helmut Schoemaker (Torwarttrainer)<\/p>\n\n\n\n<h2 class=\"wp-block-heading\">Zust\u00e4ndigkeit<br> <img data-recalc-dims=\"1\" loading=\"lazy\" decoding=\"async\" width=\"50\" height=\"50\" data-attachment-id=\"349\" data-permalink=\"https:\/\/www.jsg-niedergrafschaft.de\/web\/der-verein\/stammvereine\/svh\/\" data-orig-file=\"https:\/\/i0.wp.com\/www.jsg-niedergrafschaft.de\/web\/wp-content\/uploads\/2020\/09\/svh-e1600370807857.png?fit=200%2C201&amp;ssl=1\" data-orig-size=\"200,201\" data-comments-opened=\"1\" data-image-meta=\"{&quot;aperture&quot;:&quot;0&quot;,&quot;credit&quot;:&quot;&quot;,&quot;camera&quot;:&quot;&quot;,&quot;caption&quot;:&quot;&quot;,&quot;created_timestamp&quot;:&quot;0&quot;,&quot;copyright&quot;:&quot;&quot;,&quot;focal_length&quot;:&quot;0&quot;,&quot;iso&quot;:&quot;0&quot;,&quot;shutter_speed&quot;:&quot;0&quot;,&quot;title&quot;:&quot;&quot;,&quot;orientation&quot;:&quot;0&quot;}\" data-image-title=\"svh\" data-image-description=\"\" data-image-caption=\"\" data-large-file=\"https:\/\/i0.wp.com\/www.jsg-niedergrafschaft.de\/web\/wp-content\/uploads\/2020\/09\/svh-e1600370807857.png?fit=200%2C201&amp;ssl=1\" class=\"wp-image-349\" style=\"width: 50px;\" src=\"https:\/\/i0.wp.com\/www.jsg-niedergrafschaft.de\/web\/wp-content\/uploads\/2020\/09\/svh-e1600370807857.png?resize=50%2C50&#038;ssl=1\" alt=\"\"><\/h2>\n<\/div>\n<\/div>\n\n\n\n<hr class=\"wp-block-separator has-alpha-channel-opacity\"\/>\n\n\n\n<h2 class=\"wp-block-heading\">Mannschaftsfoto und Kader 24\/25<\/h2>\n\n\n\n<figure class=\"wp-block-image size-full\"><img data-recalc-dims=\"1\" loading=\"lazy\" decoding=\"async\" width=\"1200\" height=\"675\" data-attachment-id=\"5178\" data-permalink=\"https:\/\/www.jsg-niedergrafschaft.de\/web\/die-mannschaften\/u15-saison-24-25\/u15-teamfoto-2024-2025-mit-text\/\" data-orig-file=\"https:\/\/i0.wp.com\/www.jsg-niedergrafschaft.de\/web\/wp-content\/uploads\/2024\/07\/u15-teamfoto-2024-2025-mit-text.jpg?fit=1500%2C844&amp;ssl=1\" data-orig-size=\"1500,844\" data-comments-opened=\"0\" data-image-meta=\"{&quot;aperture&quot;:&quot;1.6&quot;,&quot;credit&quot;:&quot;&quot;,&quot;camera&quot;:&quot;iPhone 13&quot;,&quot;caption&quot;:&quot;&quot;,&quot;created_timestamp&quot;:&quot;1722275946&quot;,&quot;copyright&quot;:&quot;&quot;,&quot;focal_length&quot;:&quot;5.1&quot;,&quot;iso&quot;:&quot;40&quot;,&quot;shutter_speed&quot;:&quot;0.0037174721189591&quot;,&quot;title&quot;:&quot;&quot;,&quot;orientation&quot;:&quot;1&quot;}\" data-image-title=\"u15-teamfoto-2024-2025-mit-text\" data-image-description=\"\" data-image-caption=\"\" data-large-file=\"https:\/\/i0.wp.com\/www.jsg-niedergrafschaft.de\/web\/wp-content\/uploads\/2024\/07\/u15-teamfoto-2024-2025-mit-text.jpg?fit=1024%2C576&amp;ssl=1\" src=\"https:\/\/i0.wp.com\/www.jsg-niedergrafschaft.de\/web\/wp-content\/uploads\/2024\/07\/u15-teamfoto-2024-2025-mit-text.jpg?resize=1200%2C675&#038;ssl=1\" alt=\"\" class=\"wp-image-5178\" srcset=\"https:\/\/i0.wp.com\/www.jsg-niedergrafschaft.de\/web\/wp-content\/uploads\/2024\/07\/u15-teamfoto-2024-2025-mit-text.jpg?w=1500&amp;ssl=1 1500w, https:\/\/i0.wp.com\/www.jsg-niedergrafschaft.de\/web\/wp-content\/uploads\/2024\/07\/u15-teamfoto-2024-2025-mit-text.jpg?resize=300%2C169&amp;ssl=1 300w, https:\/\/i0.wp.com\/www.jsg-niedergrafschaft.de\/web\/wp-content\/uploads\/2024\/07\/u15-teamfoto-2024-2025-mit-text.jpg?resize=1024%2C576&amp;ssl=1 1024w, https:\/\/i0.wp.com\/www.jsg-niedergrafschaft.de\/web\/wp-content\/uploads\/2024\/07\/u15-teamfoto-2024-2025-mit-text.jpg?resize=768%2C432&amp;ssl=1 768w\" sizes=\"auto, (max-width: 1200px) 100vw, 1200px\" \/><figcaption class=\"wp-element-caption\"><strong>U15 \u2013 Saison 24\/25<\/strong><br><strong>hinten vlnr:<\/strong>&nbsp;Felix Hesselink, Kolja Kriwat, Kurt Baarlink, Janik Detert, Michel Snyders, Lieven Lambers, J\u00fcrgen Gosink (Trainer)<br><strong>Mitte vlnr<\/strong>: Marvin Boukamp, Marlon Nofftz, Ben Bleumer, Emil Hinderink, Sebastian Tsap, Lukas Tsap, Hartmut Beerlink (Trainer)<br><strong>vorne vlnr:<\/strong>: Leif Kwade, Jonah Wolters, Phil Slikkers, Ben Heddendorp, Robin Scholten, Jesko T\u00f6ben, Rudi Boukamp (Betreuer)&nbsp;<br><\/figcaption><\/figure>\n\n\n\n<hr class=\"wp-block-separator has-alpha-channel-opacity\"\/>\n\n\n\n<h2 class=\"wp-block-heading\">C-Jugend &#8211; Bezirksliga &#8211; 24\/25<\/h2>\n\n\n\n<figure class=\"wp-block-image size-full\"><img data-recalc-dims=\"1\" loading=\"lazy\" decoding=\"async\" width=\"966\" height=\"664\" data-attachment-id=\"6629\" data-permalink=\"https:\/\/www.jsg-niedergrafschaft.de\/web\/die-mannschaften\/u15-saison-24-25\/image-317\/\" data-orig-file=\"https:\/\/i0.wp.com\/www.jsg-niedergrafschaft.de\/web\/wp-content\/uploads\/2025\/07\/image-1.png?fit=966%2C664&amp;ssl=1\" data-orig-size=\"966,664\" data-comments-opened=\"0\" data-image-meta=\"{&quot;aperture&quot;:&quot;0&quot;,&quot;credit&quot;:&quot;&quot;,&quot;camera&quot;:&quot;&quot;,&quot;caption&quot;:&quot;&quot;,&quot;created_timestamp&quot;:&quot;0&quot;,&quot;copyright&quot;:&quot;&quot;,&quot;focal_length&quot;:&quot;0&quot;,&quot;iso&quot;:&quot;0&quot;,&quot;shutter_speed&quot;:&quot;0&quot;,&quot;title&quot;:&quot;&quot;,&quot;orientation&quot;:&quot;0&quot;}\" data-image-title=\"image\" data-image-description=\"\" data-image-caption=\"\" data-large-file=\"https:\/\/i0.wp.com\/www.jsg-niedergrafschaft.de\/web\/wp-content\/uploads\/2025\/07\/image-1.png?fit=966%2C664&amp;ssl=1\" src=\"https:\/\/i0.wp.com\/www.jsg-niedergrafschaft.de\/web\/wp-content\/uploads\/2025\/07\/image-1.png?resize=966%2C664&#038;ssl=1\" alt=\"\" class=\"wp-image-6629\" srcset=\"https:\/\/i0.wp.com\/www.jsg-niedergrafschaft.de\/web\/wp-content\/uploads\/2025\/07\/image-1.png?w=966&amp;ssl=1 966w, https:\/\/i0.wp.com\/www.jsg-niedergrafschaft.de\/web\/wp-content\/uploads\/2025\/07\/image-1.png?resize=300%2C206&amp;ssl=1 300w, https:\/\/i0.wp.com\/www.jsg-niedergrafschaft.de\/web\/wp-content\/uploads\/2025\/07\/image-1.png?resize=768%2C528&amp;ssl=1 768w\" sizes=\"auto, (max-width: 966px) 100vw, 966px\" \/><figcaption class=\"wp-element-caption\">Tabelle C-Junioren Bezirksliga 2024\/2025<\/figcaption><\/figure>\n\n\n\n<p><\/p>\n","protected":false},"excerpt":{"rendered":"<p>Berichte zur U15 in der Saison 24\/25 Trainerteam 24\/25 Hartmut Beerlink Rudi Boukamp (Betreuer)J\u00fcrgen Gosink Gebhard L\u00fcbbers (Koordinator)Helmut Schoemaker (Torwarttrainer) Zust\u00e4ndigkeit Mannschaftsfoto und Kader 24\/25 C-Jugend &#8211; Bezirksliga &#8211; 24\/25<\/p>\n","protected":false},"author":3,"featured_media":838,"parent":61,"menu_order":3,"comment_status":"closed","ping_status":"closed","template":"","meta":{"neve_meta_sidebar":"full-width","neve_meta_container":"","neve_meta_enable_content_width":"on","neve_meta_content_width":100,"neve_meta_title_alignment":"","neve_meta_author_avatar":"","neve_post_elements_order":"","neve_meta_disable_header":"","neve_meta_disable_footer":"","neve_meta_disable_title":"on","footnotes":""},"class_list":["post-2863","page","type-page","status-publish","has-post-thumbnail","hentry"],"jetpack_sharing_enabled":true,"_links":{"self":[{"href":"https:\/\/www.jsg-niedergrafschaft.de\/web\/wp-json\/wp\/v2\/pages\/2863","targetHints":{"allow":["GET"]}}],"collection":[{"href":"https:\/\/www.jsg-niedergrafschaft.de\/web\/wp-json\/wp\/v2\/pages"}],"about":[{"href":"https:\/\/www.jsg-niedergrafschaft.de\/web\/wp-json\/wp\/v2\/types\/page"}],"author":[{"embeddable":true,"href":"https:\/\/www.jsg-niedergrafschaft.de\/web\/wp-json\/wp\/v2\/users\/3"}],"replies":[{"embeddable":true,"href":"https:\/\/www.jsg-niedergrafschaft.de\/web\/wp-json\/wp\/v2\/comments?post=2863"}],"version-history":[{"count":37,"href":"https:\/\/www.jsg-niedergrafschaft.de\/web\/wp-json\/wp\/v2\/pages\/2863\/revisions"}],"predecessor-version":[{"id":6676,"href":"https:\/\/www.jsg-niedergrafschaft.de\/web\/wp-json\/wp\/v2\/pages\/2863\/revisions\/6676"}],"up":[{"embeddable":true,"href":"https:\/\/www.jsg-niedergrafschaft.de\/web\/wp-json\/wp\/v2\/pages\/61"}],"wp:featuredmedia":[{"embeddable":true,"href":"https:\/\/www.jsg-niedergrafschaft.de\/web\/wp-json\/wp\/v2\/media\/838"}],"wp:attachment":[{"href":"https:\/\/www.jsg-niedergrafschaft.de\/web\/wp-json\/wp\/v2\/media?parent=2863"}],"curies":[{"name":"wp","href":"https:\/\/api.w.org\/{rel}","templated":true}]}}