{"id":2825,"date":"2023-06-29T10:59:39","date_gmt":"2023-06-29T08:59:39","guid":{"rendered":"https:\/\/www.jsg-niedergrafschaft.de\/web\/?page_id=2825"},"modified":"2025-07-09T15:54:40","modified_gmt":"2025-07-09T13:54:40","slug":"u17-saison-24-25","status":"publish","type":"page","link":"https:\/\/www.jsg-niedergrafschaft.de\/web\/die-mannschaften\/u17-saison-24-25\/","title":{"rendered":"U17 Saison 24\/25"},"content":{"rendered":"\n<p><\/p>\n\n\n\n<p class=\"has-text-align-center\"><img data-recalc-dims=\"1\" loading=\"lazy\" decoding=\"async\" width=\"400\" height=\"62\" data-attachment-id=\"841\" data-permalink=\"https:\/\/www.jsg-niedergrafschaft.de\/web\/die-mannschaften\/u17-22-23\/jsg-logo-u17-2\/\" data-orig-file=\"https:\/\/i0.wp.com\/www.jsg-niedergrafschaft.de\/web\/wp-content\/uploads\/2022\/08\/jsg-logo-u17-1.png?fit=700%2C109&amp;ssl=1\" data-orig-size=\"700,109\" data-comments-opened=\"0\" data-image-meta=\"{&quot;aperture&quot;:&quot;0&quot;,&quot;credit&quot;:&quot;&quot;,&quot;camera&quot;:&quot;&quot;,&quot;caption&quot;:&quot;&quot;,&quot;created_timestamp&quot;:&quot;0&quot;,&quot;copyright&quot;:&quot;&quot;,&quot;focal_length&quot;:&quot;0&quot;,&quot;iso&quot;:&quot;0&quot;,&quot;shutter_speed&quot;:&quot;0&quot;,&quot;title&quot;:&quot;&quot;,&quot;orientation&quot;:&quot;0&quot;}\" data-image-title=\"JSG U17\" data-image-description=\"\" data-image-caption=\"\" data-large-file=\"https:\/\/i0.wp.com\/www.jsg-niedergrafschaft.de\/web\/wp-content\/uploads\/2022\/08\/jsg-logo-u17-1.png?fit=700%2C109&amp;ssl=1\" class=\"wp-image-841\" style=\"width: 400px;\" src=\"https:\/\/i0.wp.com\/www.jsg-niedergrafschaft.de\/web\/wp-content\/uploads\/2022\/08\/jsg-logo-u17-1.png?resize=400%2C62&#038;ssl=1\" alt=\"\" srcset=\"https:\/\/i0.wp.com\/www.jsg-niedergrafschaft.de\/web\/wp-content\/uploads\/2022\/08\/jsg-logo-u17-1.png?w=700&amp;ssl=1 700w, https:\/\/i0.wp.com\/www.jsg-niedergrafschaft.de\/web\/wp-content\/uploads\/2022\/08\/jsg-logo-u17-1.png?resize=300%2C47&amp;ssl=1 300w\" sizes=\"auto, (max-width: 400px) 100vw, 400px\" \/><\/p>\n\n\n\n<div class=\"wp-block-columns is-layout-flex wp-container-core-columns-is-layout-9d6595d7 wp-block-columns-is-layout-flex\">\n<div class=\"wp-block-column is-layout-flow wp-block-column-is-layout-flow\" style=\"flex-basis:66.66%\">\n<h2 class=\"wp-block-heading\">Berichte zur U17 in 2024\/2025<\/h2>\n\n\n\n<ul class=\"display-posts-listing\"><li class=\"listing-item\"><a class=\"title\" href=\"https:\/\/www.jsg-niedergrafschaft.de\/web\/u17-verliert-gegen-tabellenzweiten\/\">U17 verliert gegen Tabellenzweiten<\/a> <span class=\"date\">13.06.2025<\/span><\/li><li class=\"listing-item\"><a class=\"title\" href=\"https:\/\/www.jsg-niedergrafschaft.de\/web\/berichte-zu-spielen-vom-24-mai\/\">Berichte zu Spielen vom 27. Mai<\/a> <span class=\"date\">28.05.2025<\/span><\/li><li class=\"listing-item\"><a class=\"title\" href=\"https:\/\/www.jsg-niedergrafschaft.de\/web\/berichte-der-jsg-spiele-vom-24-mai\/\">Berichte der JSG-Spiele vom 24. Mai<\/a> <span class=\"date\">25.05.2025<\/span><\/li><li class=\"listing-item\"><a class=\"title\" href=\"https:\/\/www.jsg-niedergrafschaft.de\/web\/jsg-spiele-vom-17-18-mai\/\">JSG-Spiele vom 17.\/18. Mai<\/a> <span class=\"date\">18.05.2025<\/span><\/li><li class=\"listing-item\"><a class=\"title\" href=\"https:\/\/www.jsg-niedergrafschaft.de\/web\/jsg-spiele-vom-9-und-10-mai\/\">JSG-Spiele vom 9. und 10. Mai<\/a> <span class=\"date\">11.05.2025<\/span><\/li><li class=\"listing-item\"><a class=\"title\" href=\"https:\/\/www.jsg-niedergrafschaft.de\/web\/berichte-der-jsg-spiele-vom-2-bis-7-mai\/\">Berichte der JSG-Spiele vom 2. bis 7. Mai<\/a> <span class=\"date\">08.05.2025<\/span><\/li><li class=\"listing-item\"><a class=\"title\" href=\"https:\/\/www.jsg-niedergrafschaft.de\/web\/berichte-der-jsg-spiele-vom-25-26-april\/\">Berichte der JSG-Spiele vom 25.\/26. April<\/a> <span class=\"date\">27.04.2025<\/span><\/li><li class=\"listing-item\"><a class=\"title\" href=\"https:\/\/www.jsg-niedergrafschaft.de\/web\/testspiele-jsg-fussballschule-und-der-u17\/\">Testspiele JSG-Fu\u00dfballschule und der U17<\/a> <span class=\"date\">23.04.2025<\/span><\/li><li class=\"listing-item\"><a class=\"title\" href=\"https:\/\/www.jsg-niedergrafschaft.de\/web\/spielberichte-jsg-spiele-vom-14-15-maerz\/\">Spielberichte JSG-Spiele vom 14.\/15. M\u00e4rz<\/a> <span class=\"date\">16.03.2025<\/span><\/li><li class=\"listing-item\"><a class=\"title\" href=\"https:\/\/www.jsg-niedergrafschaft.de\/web\/berichte-der-jsg-spiele-vom-7-maerz\/\">Berichte der JSG-Spiele vom 7. M\u00e4rz<\/a> <span class=\"date\">09.03.2025<\/span><\/li><li class=\"listing-item\"><a class=\"title\" href=\"https:\/\/www.jsg-niedergrafschaft.de\/web\/u17-gewinnt-erstes-pflichtspiel-souveraen\/\">U17 gewinnt erstes Pflichtspiel souver\u00e4n<\/a> <span class=\"date\">02.03.2025<\/span><\/li><li class=\"listing-item\"><a class=\"title\" href=\"https:\/\/www.jsg-niedergrafschaft.de\/web\/trainerumfrage-zur-rueckrunde\/\">Trainerumfrage zur R\u00fcckrunde<\/a> <span class=\"date\">21.02.2025<\/span><\/li><li class=\"listing-item\"><a class=\"title\" href=\"https:\/\/www.jsg-niedergrafschaft.de\/web\/erste-testspiele-der-jsg\/\">Erste Testspiele der JSG<\/a> <span class=\"date\">16.02.2025<\/span><\/li><li class=\"listing-item\"><a class=\"title\" href=\"https:\/\/www.jsg-niedergrafschaft.de\/web\/berichte-vom-hkm-samstag\/\">Berichte vom HKM-Samstag<\/a> <span class=\"date\">19.01.2025<\/span><\/li><li class=\"listing-item\"><a class=\"title\" href=\"https:\/\/www.jsg-niedergrafschaft.de\/web\/die-u17-sagt-danke-an-drei-sponsoren\/\">Die U17 sagt Danke an drei Sponsoren<\/a> <span class=\"date\">16.01.2025<\/span><\/li><li class=\"listing-item\"><a class=\"title\" href=\"https:\/\/www.jsg-niedergrafschaft.de\/web\/u17-euregio-cup-unsere-jsg-gewinnt-das-finale\/\">U17 Euregio-Cup &#8211; unsere JSG gewinnt das Finale<\/a> <span class=\"date\">07.01.2025<\/span><\/li><li class=\"listing-item\"><a class=\"title\" href=\"https:\/\/www.jsg-niedergrafschaft.de\/web\/jsg-veranstaltet-zwei-internationale-hallenturniere\/\">JSG veranstaltet zwei internationale Hallenturniere<\/a> <span class=\"date\">17.12.2024<\/span><\/li><li class=\"listing-item\"><a class=\"title\" href=\"https:\/\/www.jsg-niedergrafschaft.de\/web\/jsg-bericht-zur-hinrunde-alle-teams\/\">JSG-Bericht zur Hinrunde (alle Teams)<\/a> <span class=\"date\">18.11.2024<\/span><\/li><li class=\"listing-item\"><a class=\"title\" href=\"https:\/\/www.jsg-niedergrafschaft.de\/web\/die-berichte-vom-16-november\/\">Die Berichte vom 16. November<\/a> <span class=\"date\">17.11.2024<\/span><\/li><li class=\"listing-item\"><a class=\"title\" href=\"https:\/\/www.jsg-niedergrafschaft.de\/web\/zusammenfassung-der-samstags-spiele\/\">Zusammenfassung der Samstags-Spiele<\/a> <span class=\"date\">10.11.2024<\/span><\/li><li class=\"listing-item\"><a class=\"title\" href=\"https:\/\/www.jsg-niedergrafschaft.de\/web\/hallenkreismeisterschaften-2024-2025\/\">Hallenkreismeisterschaften 2024\/2025<\/a> <span class=\"date\">08.11.2024<\/span><\/li><li class=\"listing-item\"><a class=\"title\" href=\"https:\/\/www.jsg-niedergrafschaft.de\/web\/zusammenfassung-vom-2-november\/\">Zusammenfassung vom 2. November<\/a> <span class=\"date\">03.11.2024<\/span><\/li><li class=\"listing-item\"><a class=\"title\" href=\"https:\/\/www.jsg-niedergrafschaft.de\/web\/u17-verliert-im-derby\/\">U17 verliert im Derby<\/a> <span class=\"date\">31.10.2024<\/span><\/li><li class=\"listing-item\"><a class=\"title\" href=\"https:\/\/www.jsg-niedergrafschaft.de\/web\/besuch-bei-der-emsland-group-in-emlichheim\/\">Besuch bei der Emsland-Group in Emlichheim<\/a> <span class=\"date\">23.10.2024<\/span><\/li><li class=\"listing-item\"><a class=\"title\" href=\"https:\/\/www.jsg-niedergrafschaft.de\/web\/u17-erzielt-remis-in-letzter-sekunde\/\">U17 erzielt Remis in letzter Sekunde<\/a> <span class=\"date\">19.10.2024<\/span><\/li><li class=\"listing-item\"><a class=\"title\" href=\"https:\/\/www.jsg-niedergrafschaft.de\/web\/berichte-von-u17-und-u19-spielen\/\">Berichte von U17- und U19-Spielen<\/a> <span class=\"date\">26.09.2024<\/span><\/li><li class=\"listing-item\"><a class=\"title\" href=\"https:\/\/www.jsg-niedergrafschaft.de\/web\/berichte-von-jsg-spielen-vom-19-09-bis-21-09\/\">Berichte von JSG-Spielen vom 19.09. bis 21.09.<\/a> <span class=\"date\">23.09.2024<\/span><\/li><li class=\"listing-item\"><a class=\"title\" href=\"https:\/\/www.jsg-niedergrafschaft.de\/web\/die-jsg-spiele-vom-12-09-bis-14-09\/\">Die JSG-Spiele vom 12.09. bis 14.09.<\/a> <span class=\"date\">16.09.2024<\/span><\/li><li class=\"listing-item\"><a class=\"title\" href=\"https:\/\/www.jsg-niedergrafschaft.de\/web\/die-jsg-spiele-vom-30-und-31-august\/\">Die JSG-Spiele vom 30. und 31. August<\/a> <span class=\"date\">31.08.2024<\/span><\/li><li class=\"listing-item\"><a class=\"title\" href=\"https:\/\/www.jsg-niedergrafschaft.de\/web\/die-jsg-spiele-vom-24-august\/\">Die JSG-Spiele vom 24. August<\/a> <span class=\"date\">25.08.2024<\/span><\/li><li class=\"listing-item\"><a class=\"title\" href=\"https:\/\/www.jsg-niedergrafschaft.de\/web\/ligaauftakt-fuer-u15-und-u17\/\">Ligaauftakt f\u00fcr U15 und U17<\/a> <span class=\"date\">11.08.2024<\/span><\/li><li class=\"listing-item\"><a class=\"title\" href=\"https:\/\/www.jsg-niedergrafschaft.de\/web\/vorwaerts-gewinnt-das-bezirkspokal-derby-gegen-u17\/\">Vorw\u00e4rts gewinnt das Bezirkspokal-Derby gegen U17<\/a> <span class=\"date\">08.08.2024<\/span><\/li><li class=\"listing-item\"><a class=\"title\" href=\"https:\/\/www.jsg-niedergrafschaft.de\/web\/testspiele-u17-und-u19\/\">Testspiele U17 und U19<\/a> <span class=\"date\">28.07.2024<\/span><\/li><\/ul>\n\n\n\n<p><\/p>\n\n\n\n<p><\/p>\n<\/div>\n\n\n\n<div class=\"wp-block-column has-nv-light-bg-background-color has-background is-layout-flow wp-block-column-is-layout-flow\" style=\"flex-basis:33.33%\">\n<h2 class=\"wp-block-heading\">Trainerteam 24\/25<\/h2>\n\n\n\n<p><strong>J\u00fcrgen Egbers<\/strong>&nbsp;<br>Joris Schiphouwer<br>Dieter Veldhuis<br><strong>J\u00fcrgen Wolters<\/strong><br>Luca Brinkers<\/p>\n\n\n\n<h2 class=\"wp-block-heading\">Zust\u00e4ndigkeit<br> <img data-recalc-dims=\"1\" loading=\"lazy\" decoding=\"async\" width=\"50\" height=\"49\" data-attachment-id=\"347\" data-permalink=\"https:\/\/www.jsg-niedergrafschaft.de\/web\/der-verein\/stammvereine\/scu\/\" data-orig-file=\"https:\/\/i0.wp.com\/www.jsg-niedergrafschaft.de\/web\/wp-content\/uploads\/2020\/09\/scu-e1600371988971.png?fit=200%2C196&amp;ssl=1\" data-orig-size=\"200,196\" data-comments-opened=\"1\" data-image-meta=\"{&quot;aperture&quot;:&quot;0&quot;,&quot;credit&quot;:&quot;&quot;,&quot;camera&quot;:&quot;&quot;,&quot;caption&quot;:&quot;&quot;,&quot;created_timestamp&quot;:&quot;0&quot;,&quot;copyright&quot;:&quot;&quot;,&quot;focal_length&quot;:&quot;0&quot;,&quot;iso&quot;:&quot;0&quot;,&quot;shutter_speed&quot;:&quot;0&quot;,&quot;title&quot;:&quot;&quot;,&quot;orientation&quot;:&quot;0&quot;}\" data-image-title=\"SC Union Emlichheim\" data-image-description=\"\" data-image-caption=\"\" data-large-file=\"https:\/\/i0.wp.com\/www.jsg-niedergrafschaft.de\/web\/wp-content\/uploads\/2020\/09\/scu-e1600371988971.png?fit=1024%2C1001&amp;ssl=1\" class=\"wp-image-347\" style=\"width: 50px;\" src=\"https:\/\/i0.wp.com\/www.jsg-niedergrafschaft.de\/web\/wp-content\/uploads\/2020\/09\/scu-e1600371988971.png?resize=50%2C49&#038;ssl=1\" alt=\"\" srcset=\"https:\/\/i0.wp.com\/www.jsg-niedergrafschaft.de\/web\/wp-content\/uploads\/2020\/09\/scu-e1600371988971.png?w=200&amp;ssl=1 200w, https:\/\/i0.wp.com\/www.jsg-niedergrafschaft.de\/web\/wp-content\/uploads\/2020\/09\/scu-e1600371988971.png?resize=150%2C150&amp;ssl=1 150w\" sizes=\"auto, (max-width: 50px) 100vw, 50px\" \/> <\/h2>\n<\/div>\n<\/div>\n\n\n\n<hr class=\"wp-block-separator has-alpha-channel-opacity\"\/>\n\n\n\n<h3 class=\"wp-block-heading\">Mannschaftsfoto und Kader 24\/25<\/h3>\n\n\n\n<figure class=\"wp-block-image size-full is-resized\"><img data-recalc-dims=\"1\" loading=\"lazy\" decoding=\"async\" width=\"1200\" height=\"675\" data-attachment-id=\"5188\" data-permalink=\"https:\/\/www.jsg-niedergrafschaft.de\/web\/die-mannschaften\/u17-saison-24-25\/u17-teamfoto-24-25-1500-mit-text-2\/\" data-orig-file=\"https:\/\/i0.wp.com\/www.jsg-niedergrafschaft.de\/web\/wp-content\/uploads\/2024\/08\/U17-Teamfoto-24-25-1500-mit-text-1.png?fit=1500%2C844&amp;ssl=1\" data-orig-size=\"1500,844\" data-comments-opened=\"0\" data-image-meta=\"{&quot;aperture&quot;:&quot;0&quot;,&quot;credit&quot;:&quot;&quot;,&quot;camera&quot;:&quot;&quot;,&quot;caption&quot;:&quot;&quot;,&quot;created_timestamp&quot;:&quot;0&quot;,&quot;copyright&quot;:&quot;&quot;,&quot;focal_length&quot;:&quot;0&quot;,&quot;iso&quot;:&quot;0&quot;,&quot;shutter_speed&quot;:&quot;0&quot;,&quot;title&quot;:&quot;&quot;,&quot;orientation&quot;:&quot;0&quot;}\" data-image-title=\"U17-Teamfoto 24-25-1500-mit-text\" data-image-description=\"\" data-image-caption=\"\" data-large-file=\"https:\/\/i0.wp.com\/www.jsg-niedergrafschaft.de\/web\/wp-content\/uploads\/2024\/08\/U17-Teamfoto-24-25-1500-mit-text-1.png?fit=1024%2C576&amp;ssl=1\" src=\"https:\/\/i0.wp.com\/www.jsg-niedergrafschaft.de\/web\/wp-content\/uploads\/2024\/08\/U17-Teamfoto-24-25-1500-mit-text-1.png?resize=1200%2C675&#038;ssl=1\" alt=\"\" class=\"wp-image-5188\" style=\"width:1170px;height:auto\" srcset=\"https:\/\/i0.wp.com\/www.jsg-niedergrafschaft.de\/web\/wp-content\/uploads\/2024\/08\/U17-Teamfoto-24-25-1500-mit-text-1.png?w=1500&amp;ssl=1 1500w, https:\/\/i0.wp.com\/www.jsg-niedergrafschaft.de\/web\/wp-content\/uploads\/2024\/08\/U17-Teamfoto-24-25-1500-mit-text-1.png?resize=300%2C169&amp;ssl=1 300w, https:\/\/i0.wp.com\/www.jsg-niedergrafschaft.de\/web\/wp-content\/uploads\/2024\/08\/U17-Teamfoto-24-25-1500-mit-text-1.png?resize=1024%2C576&amp;ssl=1 1024w, https:\/\/i0.wp.com\/www.jsg-niedergrafschaft.de\/web\/wp-content\/uploads\/2024\/08\/U17-Teamfoto-24-25-1500-mit-text-1.png?resize=768%2C432&amp;ssl=1 768w\" sizes=\"auto, (max-width: 1200px) 100vw, 1200px\" \/><figcaption class=\"wp-element-caption\"><strong>U17 \u2013 Saison 24\/25<\/strong><br><strong>hinten vlnr<\/strong>: Trainer J\u00fcrgen Wolters, Jan Ende, Julian Arends, Tjorwen Scholten, Ron Brinkers, Daywin van der Zwaan, Marek Gosink, Trainer J\u00fcrgen Egbers<br><strong>Mitte vlnr<\/strong>: Trainer Joris Schiphouwer, Felix Breukelman, Lasse M\u00fclstegen, Marlon Keen, Dlyar Kulaks, Colin Wolken, Chris van Grafhorst, Paul Treziak<br><strong>vorne vlnr<\/strong>: Jannes Scholten, Jarne Veldhuis, Hilko L\u00fcbbers, Casper Kolkman, Jannes Gosen, Betreuer Dieter Veldhuis<br><strong>es fehlt:<\/strong> Bennet Langius<\/figcaption><\/figure>\n\n\n\n<h3 class=\"wp-block-heading\">B-Jugend &#8211; Bezirksliga &#8211; 24\/25<\/h3>\n\n\n\n<figure class=\"wp-block-image size-large\"><img data-recalc-dims=\"1\" loading=\"lazy\" decoding=\"async\" width=\"1024\" height=\"597\" data-attachment-id=\"6620\" data-permalink=\"https:\/\/www.jsg-niedergrafschaft.de\/web\/die-mannschaften\/u17-saison-24-25\/image-316\/\" data-orig-file=\"https:\/\/i0.wp.com\/www.jsg-niedergrafschaft.de\/web\/wp-content\/uploads\/2025\/07\/image.png?fit=1214%2C708&amp;ssl=1\" data-orig-size=\"1214,708\" data-comments-opened=\"0\" data-image-meta=\"{&quot;aperture&quot;:&quot;0&quot;,&quot;credit&quot;:&quot;&quot;,&quot;camera&quot;:&quot;&quot;,&quot;caption&quot;:&quot;&quot;,&quot;created_timestamp&quot;:&quot;0&quot;,&quot;copyright&quot;:&quot;&quot;,&quot;focal_length&quot;:&quot;0&quot;,&quot;iso&quot;:&quot;0&quot;,&quot;shutter_speed&quot;:&quot;0&quot;,&quot;title&quot;:&quot;&quot;,&quot;orientation&quot;:&quot;0&quot;}\" data-image-title=\"image\" data-image-description=\"\" data-image-caption=\"\" data-large-file=\"https:\/\/i0.wp.com\/www.jsg-niedergrafschaft.de\/web\/wp-content\/uploads\/2025\/07\/image.png?fit=1024%2C597&amp;ssl=1\" src=\"https:\/\/i0.wp.com\/www.jsg-niedergrafschaft.de\/web\/wp-content\/uploads\/2025\/07\/image.png?resize=1024%2C597&#038;ssl=1\" alt=\"\" class=\"wp-image-6620\" srcset=\"https:\/\/i0.wp.com\/www.jsg-niedergrafschaft.de\/web\/wp-content\/uploads\/2025\/07\/image.png?resize=1024%2C597&amp;ssl=1 1024w, https:\/\/i0.wp.com\/www.jsg-niedergrafschaft.de\/web\/wp-content\/uploads\/2025\/07\/image.png?resize=300%2C175&amp;ssl=1 300w, https:\/\/i0.wp.com\/www.jsg-niedergrafschaft.de\/web\/wp-content\/uploads\/2025\/07\/image.png?resize=768%2C448&amp;ssl=1 768w, https:\/\/i0.wp.com\/www.jsg-niedergrafschaft.de\/web\/wp-content\/uploads\/2025\/07\/image.png?w=1214&amp;ssl=1 1214w\" sizes=\"auto, (max-width: 1024px) 100vw, 1024px\" \/><figcaption class=\"wp-element-caption\">Tabelle B-Junioren Bezirksliga &#8211; Saison 2024\/2025<\/figcaption><\/figure>\n\n\n\n<p><\/p>\n\n\n\n<hr class=\"wp-block-separator has-alpha-channel-opacity\"\/>\n","protected":false},"excerpt":{"rendered":"<p>Berichte zur U17 in 2024\/2025 Trainerteam 24\/25 J\u00fcrgen Egbers&nbsp;Joris SchiphouwerDieter VeldhuisJ\u00fcrgen WoltersLuca Brinkers Zust\u00e4ndigkeit Mannschaftsfoto und Kader 24\/25 B-Jugend &#8211; Bezirksliga &#8211; 24\/25<\/p>\n","protected":false},"author":3,"featured_media":841,"parent":61,"menu_order":0,"comment_status":"closed","ping_status":"closed","template":"","meta":{"neve_meta_sidebar":"full-width","neve_meta_container":"","neve_meta_enable_content_width":"on","neve_meta_content_width":100,"neve_meta_title_alignment":"","neve_meta_author_avatar":"","neve_post_elements_order":"","neve_meta_disable_header":"","neve_meta_disable_footer":"","neve_meta_disable_title":"on","footnotes":""},"class_list":["post-2825","page","type-page","status-publish","has-post-thumbnail","hentry"],"jetpack_sharing_enabled":true,"_links":{"self":[{"href":"https:\/\/www.jsg-niedergrafschaft.de\/web\/wp-json\/wp\/v2\/pages\/2825","targetHints":{"allow":["GET"]}}],"collection":[{"href":"https:\/\/www.jsg-niedergrafschaft.de\/web\/wp-json\/wp\/v2\/pages"}],"about":[{"href":"https:\/\/www.jsg-niedergrafschaft.de\/web\/wp-json\/wp\/v2\/types\/page"}],"author":[{"embeddable":true,"href":"https:\/\/www.jsg-niedergrafschaft.de\/web\/wp-json\/wp\/v2\/users\/3"}],"replies":[{"embeddable":true,"href":"https:\/\/www.jsg-niedergrafschaft.de\/web\/wp-json\/wp\/v2\/comments?post=2825"}],"version-history":[{"count":35,"href":"https:\/\/www.jsg-niedergrafschaft.de\/web\/wp-json\/wp\/v2\/pages\/2825\/revisions"}],"predecessor-version":[{"id":6685,"href":"https:\/\/www.jsg-niedergrafschaft.de\/web\/wp-json\/wp\/v2\/pages\/2825\/revisions\/6685"}],"up":[{"embeddable":true,"href":"https:\/\/www.jsg-niedergrafschaft.de\/web\/wp-json\/wp\/v2\/pages\/61"}],"wp:featuredmedia":[{"embeddable":true,"href":"https:\/\/www.jsg-niedergrafschaft.de\/web\/wp-json\/wp\/v2\/media\/841"}],"wp:attachment":[{"href":"https:\/\/www.jsg-niedergrafschaft.de\/web\/wp-json\/wp\/v2\/media?parent=2825"}],"curies":[{"name":"wp","href":"https:\/\/api.w.org\/{rel}","templated":true}]}}