{"id":191,"date":"2020-06-24T22:18:49","date_gmt":"2020-06-24T20:18:49","guid":{"rendered":"https:\/\/www.jsg-niedergrafschaft.de\/web\/?page_id=191"},"modified":"2024-08-07T11:18:56","modified_gmt":"2024-08-07T09:18:56","slug":"kooperationen","status":"publish","type":"page","link":"https:\/\/www.jsg-niedergrafschaft.de\/web\/der-verein\/kooperationen\/","title":{"rendered":"Kooperationen\/Presse"},"content":{"rendered":"\n<p><\/p>\n\n\n\n<h2 class=\"wp-block-heading\">Kooperationen<\/h2>\n\n\n\n<p>Wir haben eine Kooperation mit dem <strong>Nachwuchsleistungszentrum Emsland<\/strong> (NLZ), Meppen &#8211; <a href=\"https:\/\/www.jugendleistungszentrum-emsland.de\/kooperationsvereine\" target=\"_blank\" rel=\"noreferrer noopener\">hier klicken<\/a><br>In der Saison 2024\/2025 spielen <strong>drei Spieler <\/strong>der JSG Niedergrafschaft beim Kooperationspartner NLZ Emsland.<br><\/p>\n\n\n\n<h2 class=\"wp-block-heading\">Presseberichte<\/h2>\n\n\n\n<ul class=\"display-posts-listing\"><li class=\"listing-item\"><a class=\"title\" href=\"https:\/\/www.jsg-niedergrafschaft.de\/web\/spannende-spiele-beim-ersten-euregio-cup-der-u19\/\">Spannende Spiele beim ersten Euregio-Cup der U19<\/a> <span class=\"date\">1. Februar 2026<\/span><\/li><li class=\"listing-item\"><a class=\"title\" href=\"https:\/\/www.jsg-niedergrafschaft.de\/web\/gn-sportraet-michael-weggebakker-mit-leib-und-seele-fuer-den-jugendfussball\/\">GN-Sportr\u00e4t: Michael Weggebakker: Mit Leib und Seele f\u00fcr den Jugendfu\u00dfball<\/a> <span class=\"date\">28. Januar 2026<\/span><\/li><li class=\"listing-item\"><a class=\"title\" href=\"https:\/\/www.jsg-niedergrafschaft.de\/web\/u17-hatte-premiere-bei-den-hbm-weser-ems\/\">U17 hatte Premiere bei den HBM Weser-Ems<\/a> <span class=\"date\">26. Januar 2026<\/span><\/li><li class=\"listing-item\"><a class=\"title\" href=\"https:\/\/www.jsg-niedergrafschaft.de\/web\/u17-bei-den-hallen-bezirksmeisterschaften-weser-ems\/\">U17 bei den Hallen-Bezirksmeisterschaften Weser-Ems<\/a> <span class=\"date\">24. Januar 2026<\/span><\/li><li class=\"listing-item\"><a class=\"title\" href=\"https:\/\/www.jsg-niedergrafschaft.de\/web\/pressebericht-vom-u16-euregio-cup-der-jsg-niedergrafschaft\/\">Pressebericht vom U16-Euregio-Cup der JSG Niedergrafschaft<\/a> <span class=\"date\">14. Januar 2026<\/span><\/li><li class=\"listing-item\"><a class=\"title\" href=\"https:\/\/www.jsg-niedergrafschaft.de\/web\/eintracht-rheine-gewinnt-u15-euregio-cup\/\">Eintracht Rheine gewinnt U15 &#8211; Euregio-Cup<\/a> <span class=\"date\">3. Januar 2026<\/span><\/li><li class=\"listing-item\"><a class=\"title\" href=\"https:\/\/www.jsg-niedergrafschaft.de\/web\/jsg-veranstaltet-internationale-hallenturniere\/\">JSG veranstaltet internationale Hallenturniere<\/a> <span class=\"date\">27. Dezember 2025<\/span><\/li><li class=\"listing-item\"><a class=\"title\" href=\"https:\/\/www.jsg-niedergrafschaft.de\/web\/fitindustry-unser-fitness-partner\/\">fitindustry &#8211; unser Fitness-Partner<\/a> <span class=\"date\">5. Dezember 2025<\/span><\/li><li class=\"listing-item\"><a class=\"title\" href=\"https:\/\/www.jsg-niedergrafschaft.de\/web\/u15-und-u17-zu-gast-bei-jansen\/\">U15 und U17 zu Gast bei Jansen<\/a> <span class=\"date\">17. Oktober 2025<\/span><\/li><li class=\"listing-item\"><a class=\"title\" href=\"https:\/\/www.jsg-niedergrafschaft.de\/web\/ernaehrungscoaching-fuer-u15\/\">Ern\u00e4hrungscoaching f\u00fcr U15<\/a> <span class=\"date\">18. August 2025<\/span><\/li><\/ul>\n\n\n\n<div class=\"wp-block-columns is-layout-flex wp-container-core-columns-is-layout-9d6595d7 wp-block-columns-is-layout-flex\"><\/div>\n","protected":false},"excerpt":{"rendered":"<p>Kooperationen Wir haben eine Kooperation mit dem Nachwuchsleistungszentrum Emsland (NLZ), Meppen &#8211; hier klickenIn der Saison 2024\/2025 spielen drei Spieler der JSG Niedergrafschaft beim Kooperationspartner NLZ Emsland. Presseberichte<\/p>\n","protected":false},"author":3,"featured_media":0,"parent":56,"menu_order":0,"comment_status":"closed","ping_status":"closed","template":"","meta":{"neve_meta_sidebar":"right","neve_meta_container":"","neve_meta_enable_content_width":"on","neve_meta_content_width":70,"neve_meta_title_alignment":"","neve_meta_author_avatar":"","neve_post_elements_order":"","neve_meta_disable_header":"","neve_meta_disable_footer":"","neve_meta_disable_title":"","footnotes":""},"class_list":["post-191","page","type-page","status-publish","hentry"],"jetpack_sharing_enabled":true,"_links":{"self":[{"href":"https:\/\/www.jsg-niedergrafschaft.de\/web\/wp-json\/wp\/v2\/pages\/191","targetHints":{"allow":["GET"]}}],"collection":[{"href":"https:\/\/www.jsg-niedergrafschaft.de\/web\/wp-json\/wp\/v2\/pages"}],"about":[{"href":"https:\/\/www.jsg-niedergrafschaft.de\/web\/wp-json\/wp\/v2\/types\/page"}],"author":[{"embeddable":true,"href":"https:\/\/www.jsg-niedergrafschaft.de\/web\/wp-json\/wp\/v2\/users\/3"}],"replies":[{"embeddable":true,"href":"https:\/\/www.jsg-niedergrafschaft.de\/web\/wp-json\/wp\/v2\/comments?post=191"}],"version-history":[{"count":21,"href":"https:\/\/www.jsg-niedergrafschaft.de\/web\/wp-json\/wp\/v2\/pages\/191\/revisions"}],"predecessor-version":[{"id":5243,"href":"https:\/\/www.jsg-niedergrafschaft.de\/web\/wp-json\/wp\/v2\/pages\/191\/revisions\/5243"}],"up":[{"embeddable":true,"href":"https:\/\/www.jsg-niedergrafschaft.de\/web\/wp-json\/wp\/v2\/pages\/56"}],"wp:attachment":[{"href":"https:\/\/www.jsg-niedergrafschaft.de\/web\/wp-json\/wp\/v2\/media?parent=191"}],"curies":[{"name":"wp","href":"https:\/\/api.w.org\/{rel}","templated":true}]}}